{"id":1937,"date":"2023-06-08T13:27:15","date_gmt":"2023-06-08T13:27:15","guid":{"rendered":"https:\/\/grllr.com\/product\/grllr-grill-grid-for-tokyo-shichirin\/"},"modified":"2024-07-25T10:20:19","modified_gmt":"2024-07-25T08:20:19","slug":"grllr-grill-grid-for-tokyo-shichirin","status":"publish","type":"product","link":"https:\/\/grllr.com\/it\/prodotto\/grllr-grill-grid-for-tokyo-shichirin\/","title":{"rendered":"GRLLR Griglia per Tokyo Shichirin"},"content":{"rendered":"<p>Questo accessorio \u00e8 compatibile con l&#039;unit\u00e0 di cottura barbecue coreana GRLLR per Tokyo Shichirin. La piastra grill dell&#039;unit\u00e0 pu\u00f2 essere sostituita con questa griglia in modo che grassi, succhi e oli non gocciolino direttamente sul carbone. Ci\u00f2 previene le fiammate quando questi liquidi gocciolano nel vassoio incluso nell&#039;unit\u00e0 di cottura per barbecue coreano. In questo modo ottieni ancora di pi\u00f9 dal tuo shichirin.<\/p>","protected":false},"excerpt":{"rendered":"<p>This accessory is compatible with the GRLLR Korean Barbecue Cook Unit for Tokyo Shichirin. The grill plate of the unit can be replaced with this grill grid so fats, juices and oils do not drip directly onto the charcoal. This prevents flare ups as these liquids drip into the tray which is included in the [&hellip;]<\/p>\n","protected":false},"featured_media":2215,"comment_status":"open","ping_status":"closed","template":"","meta":{"_acf_changed":false},"product_brand":[],"product_cat":[81,182,80],"product_tag":[44],"class_list":{"0":"post-1937","1":"product","2":"type-product","3":"status-publish","4":"has-post-thumbnail","6":"product_cat-accessories","7":"product_cat-table-bbq-accessories","8":"product_cat-table-bbqs","9":"product_tag-shichirin","11":"first","12":"instock","13":"purchasable","14":"product-type-simple"},"acf":[],"yoast_head":"<!-- This site is optimized with the Yoast SEO Premium plugin v26.1 (Yoast SEO v27.5) - https:\/\/yoast.com\/product\/yoast-seo-premium-wordpress\/ -->\n<title>GRLLR Grill Grid for Tokyo Shichirin - GRLLR<\/title>\n<meta name=\"robots\" content=\"index, follow, max-snippet:-1, max-image-preview:large, max-video-preview:-1\" \/>\n<link rel=\"canonical\" href=\"https:\/\/grllr.com\/it\/prodotto\/grllr-grill-grid-for-tokyo-shichirin\/\" \/>\n<meta property=\"og:locale\" content=\"it_IT\" \/>\n<meta property=\"og:type\" content=\"article\" \/>\n<meta property=\"og:title\" content=\"GRLLR Grill Grid for Tokyo Shichirin\" \/>\n<meta property=\"og:description\" content=\"This accessory is compatible with the GRLLR Korean Barbecue Cook Unit for Tokyo Shichirin. The grill plate of the unit can be replaced with this grill grid so fats, juices and oils do not drip directly onto the charcoal. This prevents flare ups as these liquids drip into the tray which is included in the [&hellip;]\" \/>\n<meta property=\"og:url\" content=\"https:\/\/grllr.com\/it\/prodotto\/grllr-grill-grid-for-tokyo-shichirin\/\" \/>\n<meta property=\"og:site_name\" content=\"GRLLR\" \/>\n<meta property=\"article:modified_time\" content=\"2024-07-25T08:20:19+00:00\" \/>\n<meta property=\"og:image\" content=\"https:\/\/grllr.com\/wp-content\/uploads\/2023\/06\/grillgrid-1.webp\" \/>\n\t<meta property=\"og:image:width\" content=\"800\" \/>\n\t<meta property=\"og:image:height\" content=\"800\" \/>\n\t<meta property=\"og:image:type\" content=\"image\/webp\" \/>\n<meta name=\"twitter:card\" content=\"summary_large_image\" \/>\n<script type=\"application\/ld+json\" class=\"yoast-schema-graph\">{\"@context\":\"https:\\\/\\\/schema.org\",\"@graph\":[{\"@type\":\"WebPage\",\"@id\":\"https:\\\/\\\/grllr.com\\\/it\\\/prodotto\\\/grllr-grill-grid-for-tokyo-shichirin\\\/\",\"url\":\"https:\\\/\\\/grllr.com\\\/it\\\/prodotto\\\/grllr-grill-grid-for-tokyo-shichirin\\\/\",\"name\":\"GRLLR Grill Grid for Tokyo Shichirin - GRLLR\",\"isPartOf\":{\"@id\":\"https:\\\/\\\/grllr.com\\\/nl\\\/#website\"},\"primaryImageOfPage\":{\"@id\":\"https:\\\/\\\/grllr.com\\\/it\\\/prodotto\\\/grllr-grill-grid-for-tokyo-shichirin\\\/#primaryimage\"},\"image\":{\"@id\":\"https:\\\/\\\/grllr.com\\\/it\\\/prodotto\\\/grllr-grill-grid-for-tokyo-shichirin\\\/#primaryimage\"},\"thumbnailUrl\":\"https:\\\/\\\/grllr.com\\\/wp-content\\\/uploads\\\/2023\\\/06\\\/grillgrid-1.webp\",\"datePublished\":\"2023-06-08T13:27:15+00:00\",\"dateModified\":\"2024-07-25T08:20:19+00:00\",\"breadcrumb\":{\"@id\":\"https:\\\/\\\/grllr.com\\\/it\\\/prodotto\\\/grllr-grill-grid-for-tokyo-shichirin\\\/#breadcrumb\"},\"inLanguage\":\"it-IT\",\"potentialAction\":[{\"@type\":\"ReadAction\",\"target\":[\"https:\\\/\\\/grllr.com\\\/it\\\/prodotto\\\/grllr-grill-grid-for-tokyo-shichirin\\\/\"]}]},{\"@type\":\"ImageObject\",\"inLanguage\":\"it-IT\",\"@id\":\"https:\\\/\\\/grllr.com\\\/it\\\/prodotto\\\/grllr-grill-grid-for-tokyo-shichirin\\\/#primaryimage\",\"url\":\"https:\\\/\\\/grllr.com\\\/wp-content\\\/uploads\\\/2023\\\/06\\\/grillgrid-1.webp\",\"contentUrl\":\"https:\\\/\\\/grllr.com\\\/wp-content\\\/uploads\\\/2023\\\/06\\\/grillgrid-1.webp\",\"width\":800,\"height\":800},{\"@type\":\"BreadcrumbList\",\"@id\":\"https:\\\/\\\/grllr.com\\\/it\\\/prodotto\\\/grllr-grill-grid-for-tokyo-shichirin\\\/#breadcrumb\",\"itemListElement\":[{\"@type\":\"ListItem\",\"position\":1,\"name\":\"Home\",\"item\":\"https:\\\/\\\/grllr.com\\\/\"},{\"@type\":\"ListItem\",\"position\":2,\"name\":\"Producten\",\"item\":\"https:\\\/\\\/grllr.com\\\/nl\\\/shop\\\/\"},{\"@type\":\"ListItem\",\"position\":3,\"name\":\"Grill Grid for Tokyo Shichirin\"}]},{\"@type\":\"WebSite\",\"@id\":\"https:\\\/\\\/grllr.com\\\/nl\\\/#website\",\"url\":\"https:\\\/\\\/grllr.com\\\/nl\\\/\",\"name\":\"GRLLR\",\"description\":\"The Joy Of Outdoor Cooking\",\"publisher\":{\"@id\":\"https:\\\/\\\/grllr.com\\\/nl\\\/#organization\"},\"alternateName\":\"Griller\",\"potentialAction\":[{\"@type\":\"SearchAction\",\"target\":{\"@type\":\"EntryPoint\",\"urlTemplate\":\"https:\\\/\\\/grllr.com\\\/nl\\\/?s={search_term_string}\"},\"query-input\":{\"@type\":\"PropertyValueSpecification\",\"valueRequired\":true,\"valueName\":\"search_term_string\"}}],\"inLanguage\":\"it-IT\"},{\"@type\":\"Organization\",\"@id\":\"https:\\\/\\\/grllr.com\\\/nl\\\/#organization\",\"name\":\"The GRLLR Company\",\"alternateName\":\"GRLLR\",\"url\":\"https:\\\/\\\/grllr.com\\\/nl\\\/\",\"logo\":{\"@type\":\"ImageObject\",\"inLanguage\":\"it-IT\",\"@id\":\"https:\\\/\\\/grllr.com\\\/nl\\\/#\\\/schema\\\/logo\\\/image\\\/\",\"url\":\"https:\\\/\\\/grllr.com\\\/wp-content\\\/uploads\\\/2023\\\/05\\\/logo.svg\",\"contentUrl\":\"https:\\\/\\\/grllr.com\\\/wp-content\\\/uploads\\\/2023\\\/05\\\/logo.svg\",\"width\":81,\"height\":50,\"caption\":\"The GRLLR Company\"},\"image\":{\"@id\":\"https:\\\/\\\/grllr.com\\\/nl\\\/#\\\/schema\\\/logo\\\/image\\\/\"},\"sameAs\":[\"https:\\\/\\\/www.instagram.com\\\/the.grllr\\\/\"],\"email\":\"connect@grllr.com\",\"legalName\":\"The GRLLR Company\",\"numberOfEmployees\":{\"@type\":\"QuantitativeValue\",\"minValue\":\"1\",\"maxValue\":\"10\"}}]}<\/script>\n<!-- \/ Yoast SEO Premium plugin. -->","yoast_head_json":{"title":"GRLLR Grill Grid for Tokyo Shichirin - GRLLR","robots":{"index":"index","follow":"follow","max-snippet":"max-snippet:-1","max-image-preview":"max-image-preview:large","max-video-preview":"max-video-preview:-1"},"canonical":"https:\/\/grllr.com\/it\/prodotto\/grllr-grill-grid-for-tokyo-shichirin\/","og_locale":"it_IT","og_type":"article","og_title":"GRLLR Grill Grid for Tokyo Shichirin","og_description":"This accessory is compatible with the GRLLR Korean Barbecue Cook Unit for Tokyo Shichirin. The grill plate of the unit can be replaced with this grill grid so fats, juices and oils do not drip directly onto the charcoal. This prevents flare ups as these liquids drip into the tray which is included in the [&hellip;]","og_url":"https:\/\/grllr.com\/it\/prodotto\/grllr-grill-grid-for-tokyo-shichirin\/","og_site_name":"GRLLR","article_modified_time":"2024-07-25T08:20:19+00:00","og_image":[{"width":800,"height":800,"url":"https:\/\/grllr.com\/wp-content\/uploads\/2023\/06\/grillgrid-1.webp","type":"image\/webp"}],"twitter_card":"summary_large_image","schema":{"@context":"https:\/\/schema.org","@graph":[{"@type":"WebPage","@id":"https:\/\/grllr.com\/it\/prodotto\/grllr-grill-grid-for-tokyo-shichirin\/","url":"https:\/\/grllr.com\/it\/prodotto\/grllr-grill-grid-for-tokyo-shichirin\/","name":"GRLLR Grill Grid for Tokyo Shichirin - GRLLR","isPartOf":{"@id":"https:\/\/grllr.com\/nl\/#website"},"primaryImageOfPage":{"@id":"https:\/\/grllr.com\/it\/prodotto\/grllr-grill-grid-for-tokyo-shichirin\/#primaryimage"},"image":{"@id":"https:\/\/grllr.com\/it\/prodotto\/grllr-grill-grid-for-tokyo-shichirin\/#primaryimage"},"thumbnailUrl":"https:\/\/grllr.com\/wp-content\/uploads\/2023\/06\/grillgrid-1.webp","datePublished":"2023-06-08T13:27:15+00:00","dateModified":"2024-07-25T08:20:19+00:00","breadcrumb":{"@id":"https:\/\/grllr.com\/it\/prodotto\/grllr-grill-grid-for-tokyo-shichirin\/#breadcrumb"},"inLanguage":"it-IT","potentialAction":[{"@type":"ReadAction","target":["https:\/\/grllr.com\/it\/prodotto\/grllr-grill-grid-for-tokyo-shichirin\/"]}]},{"@type":"ImageObject","inLanguage":"it-IT","@id":"https:\/\/grllr.com\/it\/prodotto\/grllr-grill-grid-for-tokyo-shichirin\/#primaryimage","url":"https:\/\/grllr.com\/wp-content\/uploads\/2023\/06\/grillgrid-1.webp","contentUrl":"https:\/\/grllr.com\/wp-content\/uploads\/2023\/06\/grillgrid-1.webp","width":800,"height":800},{"@type":"BreadcrumbList","@id":"https:\/\/grllr.com\/it\/prodotto\/grllr-grill-grid-for-tokyo-shichirin\/#breadcrumb","itemListElement":[{"@type":"ListItem","position":1,"name":"Home","item":"https:\/\/grllr.com\/"},{"@type":"ListItem","position":2,"name":"Producten","item":"https:\/\/grllr.com\/nl\/shop\/"},{"@type":"ListItem","position":3,"name":"Grill Grid for Tokyo Shichirin"}]},{"@type":"WebSite","@id":"https:\/\/grllr.com\/nl\/#website","url":"https:\/\/grllr.com\/nl\/","name":"GRLLR","description":"The Joy Of Outdoor Cooking","publisher":{"@id":"https:\/\/grllr.com\/nl\/#organization"},"alternateName":"Griller","potentialAction":[{"@type":"SearchAction","target":{"@type":"EntryPoint","urlTemplate":"https:\/\/grllr.com\/nl\/?s={search_term_string}"},"query-input":{"@type":"PropertyValueSpecification","valueRequired":true,"valueName":"search_term_string"}}],"inLanguage":"it-IT"},{"@type":"Organization","@id":"https:\/\/grllr.com\/nl\/#organization","name":"The GRLLR Company","alternateName":"GRLLR","url":"https:\/\/grllr.com\/nl\/","logo":{"@type":"ImageObject","inLanguage":"it-IT","@id":"https:\/\/grllr.com\/nl\/#\/schema\/logo\/image\/","url":"https:\/\/grllr.com\/wp-content\/uploads\/2023\/05\/logo.svg","contentUrl":"https:\/\/grllr.com\/wp-content\/uploads\/2023\/05\/logo.svg","width":81,"height":50,"caption":"The GRLLR Company"},"image":{"@id":"https:\/\/grllr.com\/nl\/#\/schema\/logo\/image\/"},"sameAs":["https:\/\/www.instagram.com\/the.grllr\/"],"email":"connect@grllr.com","legalName":"The GRLLR Company","numberOfEmployees":{"@type":"QuantitativeValue","minValue":"1","maxValue":"10"}}]}},"_links":{"self":[{"href":"https:\/\/grllr.com\/it\/wp-json\/wp\/v2\/product\/1937","targetHints":{"allow":["GET"]}}],"collection":[{"href":"https:\/\/grllr.com\/it\/wp-json\/wp\/v2\/product"}],"about":[{"href":"https:\/\/grllr.com\/it\/wp-json\/wp\/v2\/types\/product"}],"replies":[{"embeddable":true,"href":"https:\/\/grllr.com\/it\/wp-json\/wp\/v2\/comments?post=1937"}],"version-history":[{"count":0,"href":"https:\/\/grllr.com\/it\/wp-json\/wp\/v2\/product\/1937\/revisions"}],"wp:featuredmedia":[{"embeddable":true,"href":"https:\/\/grllr.com\/it\/wp-json\/wp\/v2\/media\/2215"}],"wp:attachment":[{"href":"https:\/\/grllr.com\/it\/wp-json\/wp\/v2\/media?parent=1937"}],"wp:term":[{"taxonomy":"product_brand","embeddable":true,"href":"https:\/\/grllr.com\/it\/wp-json\/wp\/v2\/product_brand?post=1937"},{"taxonomy":"product_cat","embeddable":true,"href":"https:\/\/grllr.com\/it\/wp-json\/wp\/v2\/product_cat?post=1937"},{"taxonomy":"product_tag","embeddable":true,"href":"https:\/\/grllr.com\/it\/wp-json\/wp\/v2\/product_tag?post=1937"}],"curies":[{"name":"wp","href":"https:\/\/api.w.org\/{rel}","templated":true}]}}