{"id":12115,"date":"2025-05-27T09:19:01","date_gmt":"2025-05-27T07:19:01","guid":{"rendered":"https:\/\/grllr.com\/?page_id=12115"},"modified":"2025-07-28T13:53:59","modified_gmt":"2025-07-28T11:53:59","slug":"grllr-news","status":"publish","type":"page","link":"https:\/\/grllr.com\/it\/read-our-blog\/grllr-news\/","title":{"rendered":"GRLLR News"},"content":{"rendered":"<div data-elementor-type=\"wp-page\" data-elementor-id=\"12115\" class=\"elementor elementor-12115\" data-elementor-post-type=\"page\">\n\t\t\t\t<div class=\"elementor-element elementor-element-8c2e20e e-flex e-con-boxed e-con e-parent\" data-id=\"8c2e20e\" data-element_type=\"container\" data-e-type=\"container\" data-settings=\"{&quot;jet_parallax_layout_list&quot;:[]}\">\n\t\t\t\t\t<div class=\"e-con-inner\">\n\t\t\t\t<div class=\"elementor-element elementor-element-4da54b0 elementor-widget elementor-widget-heading\" data-id=\"4da54b0\" data-element_type=\"widget\" data-e-type=\"widget\" data-widget_type=\"heading.default\">\n\t\t\t\t<div class=\"elementor-widget-container\">\n\t\t\t\t\t<h2 class=\"elementor-heading-title elementor-size-default\">GRLLR News<\/h2>\t\t\t\t<\/div>\n\t\t\t\t<\/div>\n\t\t\t\t\t<\/div>\n\t\t\t\t<\/div>\n\t\t\t\t<section class=\"elementor-section elementor-top-section elementor-element elementor-element-29836f05 elementor-section-boxed elementor-section-height-default elementor-section-height-default\" data-id=\"29836f05\" data-element_type=\"section\" data-e-type=\"section\" data-settings=\"{&quot;jet_parallax_layout_list&quot;:[]}\">\n\t\t\t\t\t\t<div class=\"elementor-container elementor-column-gap-default\">\n\t\t\t\t\t<div class=\"elementor-column elementor-col-100 elementor-top-column elementor-element elementor-element-2fbb430d\" data-id=\"2fbb430d\" data-element_type=\"column\" data-e-type=\"column\">\n\t\t\t<div class=\"elementor-widget-wrap elementor-element-populated\">\n\t\t\t\t\t\t<div class=\"elementor-element elementor-element-69ce8e8d elementor-grid-3 elementor-grid-tablet-2 elementor-grid-mobile-1 elementor-posts--thumbnail-top elementor-widget elementor-widget-posts\" data-id=\"69ce8e8d\" data-element_type=\"widget\" data-e-type=\"widget\" data-settings=\"{&quot;classic_columns&quot;:&quot;3&quot;,&quot;classic_columns_tablet&quot;:&quot;2&quot;,&quot;classic_columns_mobile&quot;:&quot;1&quot;,&quot;classic_row_gap&quot;:{&quot;unit&quot;:&quot;px&quot;,&quot;size&quot;:35,&quot;sizes&quot;:[]},&quot;classic_row_gap_tablet&quot;:{&quot;unit&quot;:&quot;px&quot;,&quot;size&quot;:&quot;&quot;,&quot;sizes&quot;:[]},&quot;classic_row_gap_mobile&quot;:{&quot;unit&quot;:&quot;px&quot;,&quot;size&quot;:&quot;&quot;,&quot;sizes&quot;:[]}}\" data-widget_type=\"posts.classic\">\n\t\t\t\t<div class=\"elementor-widget-container\">\n\t\t\t\t\t\t\t<div class=\"elementor-posts-container elementor-posts elementor-posts--skin-classic elementor-grid\" role=\"list\">\n\t\t\t\t<article class=\"elementor-post elementor-grid-item post-11948 post type-post status-publish format-standard has-post-thumbnail hentry category-grllr-news tag-barbecue tag-bbq tag-dealer tag-distributor tag-grilling tag-grills tag-grllr tag-slovenia\" role=\"listitem\">\n\t\t\t\t<a class=\"elementor-post__thumbnail__link\" href=\"https:\/\/grllr.com\/it\/meet-our-slovenian-distributor-grllr-expansion-to-slovenia\/\" tabindex=\"-1\" >\n\t\t\t<div class=\"elementor-post__thumbnail\"><img fetchpriority=\"high\" decoding=\"async\" width=\"300\" height=\"187\" src=\"https:\/\/grllr.com\/wp-content\/uploads\/2025\/02\/Screenshot-2025-02-18-094244-300x187.png\" class=\"attachment-medium size-medium wp-image-11949\" alt=\"GRLLR Prime Gas BBQs\" srcset=\"https:\/\/grllr.com\/wp-content\/uploads\/2025\/02\/Screenshot-2025-02-18-094244-300x187.png 300w, https:\/\/grllr.com\/wp-content\/uploads\/2025\/02\/Screenshot-2025-02-18-094244-1024x638.png 1024w, https:\/\/grllr.com\/wp-content\/uploads\/2025\/02\/Screenshot-2025-02-18-094244-768x479.png 768w, https:\/\/grllr.com\/wp-content\/uploads\/2025\/02\/Screenshot-2025-02-18-094244-18x12.png 18w, https:\/\/grllr.com\/wp-content\/uploads\/2025\/02\/Screenshot-2025-02-18-094244-600x374.png 600w, https:\/\/grllr.com\/wp-content\/uploads\/2025\/02\/Screenshot-2025-02-18-094244.png 1397w\" sizes=\"(max-width: 300px) 100vw, 300px\" \/><\/div>\n\t\t<\/a>\n\t\t\t\t<div class=\"elementor-post__text\">\n\t\t\t\t<h3 class=\"elementor-post__title\">\n\t\t\t<a href=\"https:\/\/grllr.com\/it\/meet-our-slovenian-distributor-grllr-expansion-to-slovenia\/\" >\n\t\t\t\tMeet Our Slovenian Distributor &#8211; Growing the GRLLR Family\t\t\t<\/a>\n\t\t<\/h3>\n\t\t\t\t<div class=\"elementor-post__meta-data\">\n\t\t\t\t\t<span class=\"elementor-post-date\">\n\t\t\tFebbraio 18, 2025\t\t<\/span>\n\t\t\t\t<span class=\"elementor-post-avatar\">\n\t\t\tNessun commento\t\t<\/span>\n\t\t\t\t<\/div>\n\t\t\t\t<div class=\"elementor-post__excerpt\">\n\t\t\t<p>Meet our Slovenian distributor! We are excited to announce that GRLLR has expanded its presence to Slovenia through a partnership with our new distributor, INGLES<\/p>\n\t\t<\/div>\n\t\t\n\t\t<a class=\"elementor-post__read-more\" href=\"https:\/\/grllr.com\/it\/meet-our-slovenian-distributor-grllr-expansion-to-slovenia\/\" aria-label=\"Leggi tutto Meet Our Slovenian Distributor &#8211; Growing the GRLLR Family\" tabindex=\"-1\" >\n\t\t\tLeggi di pi\u00f9 \u00bb\t\t<\/a>\n\n\t\t\t\t<\/div>\n\t\t\t\t<\/article>\n\t\t\t\t<article class=\"elementor-post elementor-grid-item post-11851 post type-post status-publish format-standard has-post-thumbnail hentry category-grllr-news tag-barbecue tag-dealer tag-distributor tag-grills tag-grllr tag-il-mondo-del-barbecue tag-italian tag-italy tag-kamado tag-partner\" role=\"listitem\">\n\t\t\t\t<a class=\"elementor-post__thumbnail__link\" href=\"https:\/\/grllr.com\/it\/meet-il-mondo-del-barbecue-our-italian-partner\/\" tabindex=\"-1\" >\n\t\t\t<div class=\"elementor-post__thumbnail\"><img decoding=\"async\" width=\"300\" height=\"179\" src=\"https:\/\/grllr.com\/wp-content\/uploads\/2025\/02\/foto-home-bbq_04_2024-300x179.jpg\" class=\"attachment-medium size-medium wp-image-11852\" alt=\"il mondo del barbecue italian partner\" srcset=\"https:\/\/grllr.com\/wp-content\/uploads\/2025\/02\/foto-home-bbq_04_2024-300x179.jpg 300w, https:\/\/grllr.com\/wp-content\/uploads\/2025\/02\/foto-home-bbq_04_2024-1024x612.jpg 1024w, https:\/\/grllr.com\/wp-content\/uploads\/2025\/02\/foto-home-bbq_04_2024-768x459.jpg 768w, https:\/\/grllr.com\/wp-content\/uploads\/2025\/02\/foto-home-bbq_04_2024-18x12.jpg 18w, https:\/\/grllr.com\/wp-content\/uploads\/2025\/02\/foto-home-bbq_04_2024-600x359.jpg 600w, https:\/\/grllr.com\/wp-content\/uploads\/2025\/02\/foto-home-bbq_04_2024.jpg 1486w\" sizes=\"(max-width: 300px) 100vw, 300px\" \/><\/div>\n\t\t<\/a>\n\t\t\t\t<div class=\"elementor-post__text\">\n\t\t\t\t<h3 class=\"elementor-post__title\">\n\t\t\t<a href=\"https:\/\/grllr.com\/it\/meet-il-mondo-del-barbecue-our-italian-partner\/\" >\n\t\t\t\tMeet Il Mondo del Barbecue &#8211; Our Italian Partner\t\t\t<\/a>\n\t\t<\/h3>\n\t\t\t\t<div class=\"elementor-post__meta-data\">\n\t\t\t\t\t<span class=\"elementor-post-date\">\n\t\t\tFebbraio 7, 2025\t\t<\/span>\n\t\t\t\t<span class=\"elementor-post-avatar\">\n\t\t\tNessun commento\t\t<\/span>\n\t\t\t\t<\/div>\n\t\t\t\t<div class=\"elementor-post__excerpt\">\n\t\t\t<p>We\u2019re excited to introduce our Italian partner, Il Mondo del Barbecue, prime destination in Italy for barbecue enthusiasts and outdoor kitchen solutions. Located in the<\/p>\n\t\t<\/div>\n\t\t\n\t\t<a class=\"elementor-post__read-more\" href=\"https:\/\/grllr.com\/it\/meet-il-mondo-del-barbecue-our-italian-partner\/\" aria-label=\"Leggi tutto Meet Il Mondo del Barbecue &#8211; Our Italian Partner\" tabindex=\"-1\" >\n\t\t\tLeggi di pi\u00f9 \u00bb\t\t<\/a>\n\n\t\t\t\t<\/div>\n\t\t\t\t<\/article>\n\t\t\t\t<article class=\"elementor-post elementor-grid-item post-593 post type-post status-publish format-standard has-post-thumbnail hentry category-grllr-news\" role=\"listitem\">\n\t\t\t\t<a class=\"elementor-post__thumbnail__link\" href=\"https:\/\/grllr.com\/it\/danijela-dragana-about-the-serbian-bbq-culture\/\" tabindex=\"-1\" >\n\t\t\t<div class=\"elementor-post__thumbnail\"><img decoding=\"async\" width=\"300\" height=\"201\" src=\"https:\/\/grllr.com\/wp-content\/uploads\/2023\/05\/blog2-300x201.png\" class=\"attachment-medium size-medium wp-image-595\" alt=\"\" srcset=\"https:\/\/grllr.com\/wp-content\/uploads\/2023\/05\/blog2-300x201.png 300w, https:\/\/grllr.com\/wp-content\/uploads\/2023\/05\/blog2.png 371w\" sizes=\"(max-width: 300px) 100vw, 300px\" \/><\/div>\n\t\t<\/a>\n\t\t\t\t<div class=\"elementor-post__text\">\n\t\t\t\t<h3 class=\"elementor-post__title\">\n\t\t\t<a href=\"https:\/\/grllr.com\/it\/danijela-dragana-about-the-serbian-bbq-culture\/\" >\n\t\t\t\tDanijela e Dragana sulla cultura serba del barbecue\t\t\t<\/a>\n\t\t<\/h3>\n\t\t\t\t<div class=\"elementor-post__meta-data\">\n\t\t\t\t\t<span class=\"elementor-post-date\">\n\t\t\t25 maggio 2023\t\t<\/span>\n\t\t\t\t<span class=\"elementor-post-avatar\">\n\t\t\tNessun commento\t\t<\/span>\n\t\t\t\t<\/div>\n\t\t\t\t<div class=\"elementor-post__excerpt\">\n\t\t\t<p>La Serbia si trova nell&#039;Europa centrale e sud-orientale. La sua cucina \u00e8 un mix di influenze provenienti dalla Grecia, dall&#039;ex Jugoslavia e dalla cucina mediterranea<\/p>\n\t\t<\/div>\n\t\t\n\t\t<a class=\"elementor-post__read-more\" href=\"https:\/\/grllr.com\/it\/danijela-dragana-about-the-serbian-bbq-culture\/\" aria-label=\"Leggi tutto Danijela &amp; Dragana about the Serbian BBQ Culture\" tabindex=\"-1\" >\n\t\t\tLeggi di pi\u00f9 \u00bb\t\t<\/a>\n\n\t\t\t\t<\/div>\n\t\t\t\t<\/article>\n\t\t\t\t<article class=\"elementor-post elementor-grid-item post-591 post type-post status-publish format-standard has-post-thumbnail hentry category-grllr-news\" role=\"listitem\">\n\t\t\t\t<a class=\"elementor-post__thumbnail__link\" href=\"https:\/\/grllr.com\/it\/let-us-take-you-on-a-journey-of-flavours-through-europe\/\" tabindex=\"-1\" >\n\t\t\t<div class=\"elementor-post__thumbnail\"><img loading=\"lazy\" decoding=\"async\" width=\"200\" height=\"300\" src=\"https:\/\/grllr.com\/wp-content\/uploads\/2023\/05\/GRRLLR-100-600x900-1-200x300.jpeg\" class=\"attachment-medium size-medium wp-image-377\" alt=\"\" srcset=\"https:\/\/grllr.com\/wp-content\/uploads\/2023\/05\/GRRLLR-100-600x900-1-200x300.jpeg 200w, https:\/\/grllr.com\/wp-content\/uploads\/2023\/05\/GRRLLR-100-600x900-1.jpeg 600w\" sizes=\"(max-width: 200px) 100vw, 200px\" \/><\/div>\n\t\t<\/a>\n\t\t\t\t<div class=\"elementor-post__text\">\n\t\t\t\t<h3 class=\"elementor-post__title\">\n\t\t\t<a href=\"https:\/\/grllr.com\/it\/let-us-take-you-on-a-journey-of-flavours-through-europe\/\" >\n\t\t\t\tLasciati condurre in un viaggio di sapori attraverso l&#039;Europa\t\t\t<\/a>\n\t\t<\/h3>\n\t\t\t\t<div class=\"elementor-post__meta-data\">\n\t\t\t\t\t<span class=\"elementor-post-date\">\n\t\t\t25 maggio 2023\t\t<\/span>\n\t\t\t\t<span class=\"elementor-post-avatar\">\n\t\t\tNessun commento\t\t<\/span>\n\t\t\t\t<\/div>\n\t\t\t\t<div class=\"elementor-post__excerpt\">\n\t\t\t<p>Il barbecue \u00e8 in forte espansione! In tutto il mondo, sempre pi\u00f9 persone scoprono cosa si pu\u00f2 fare con un po&#039; di fuoco e buon cibo. E adesso,<\/p>\n\t\t<\/div>\n\t\t\n\t\t<a class=\"elementor-post__read-more\" href=\"https:\/\/grllr.com\/it\/let-us-take-you-on-a-journey-of-flavours-through-europe\/\" aria-label=\"Leggi tutto Let us take you on a journey of flavours through Europe\" tabindex=\"-1\" >\n\t\t\tLeggi di pi\u00f9 \u00bb\t\t<\/a>\n\n\t\t\t\t<\/div>\n\t\t\t\t<\/article>\n\t\t\t\t<article class=\"elementor-post elementor-grid-item post-587 post type-post status-publish format-standard has-post-thumbnail hentry category-grllr-news\" role=\"listitem\">\n\t\t\t\t<a class=\"elementor-post__thumbnail__link\" href=\"https:\/\/grllr.com\/it\/interview-with-gerben-bierbooms-ceo-of-grllr-and-bbq-enthusiast\/\" tabindex=\"-1\" >\n\t\t\t<div class=\"elementor-post__thumbnail\"><img loading=\"lazy\" decoding=\"async\" width=\"265\" height=\"300\" src=\"https:\/\/grllr.com\/wp-content\/uploads\/2023\/05\/20de2ea4-793e-4d86-9103-74ae9c60486e-265x300-1.jpeg\" class=\"attachment-medium size-medium wp-image-589\" alt=\"\" \/><\/div>\n\t\t<\/a>\n\t\t\t\t<div class=\"elementor-post__text\">\n\t\t\t\t<h3 class=\"elementor-post__title\">\n\t\t\t<a href=\"https:\/\/grllr.com\/it\/interview-with-gerben-bierbooms-ceo-of-grllr-and-bbq-enthusiast\/\" >\n\t\t\t\tIntervista a Gerben Bierbooms: CEO di GRLLR e appassionato di barbecue\t\t\t<\/a>\n\t\t<\/h3>\n\t\t\t\t<div class=\"elementor-post__meta-data\">\n\t\t\t\t\t<span class=\"elementor-post-date\">\n\t\t\t25 maggio 2023\t\t<\/span>\n\t\t\t\t<span class=\"elementor-post-avatar\">\n\t\t\tNessun commento\t\t<\/span>\n\t\t\t\t<\/div>\n\t\t\t\t<div class=\"elementor-post__excerpt\">\n\t\t\t<p>Incontra Gerben Bierbooms, il CEO e la mente dietro GRLLR! Per questa breve intervista, mi sono seduto con lui per parlare della sua passione per il barbecue,<\/p>\n\t\t<\/div>\n\t\t\n\t\t<a class=\"elementor-post__read-more\" href=\"https:\/\/grllr.com\/it\/interview-with-gerben-bierbooms-ceo-of-grllr-and-bbq-enthusiast\/\" aria-label=\"Leggi tutto Interview with Gerben Bierbooms: CEO of GRLLR and BBQ enthusiast\" tabindex=\"-1\" >\n\t\t\tLeggi di pi\u00f9 \u00bb\t\t<\/a>\n\n\t\t\t\t<\/div>\n\t\t\t\t<\/article>\n\t\t\t\t<\/div>\n\t\t\n\t\t\t\t\t\t<\/div>\n\t\t\t\t<\/div>\n\t\t\t\t\t<\/div>\n\t\t<\/div>\n\t\t\t\t\t<\/div>\n\t\t<\/section>\n\t\t\t\t<\/div>","protected":false},"excerpt":{"rendered":"<p>GRLLR News<\/p>","protected":false},"author":10,"featured_media":0,"parent":582,"menu_order":0,"comment_status":"closed","ping_status":"closed","template":"elementor_header_footer","meta":{"_acf_changed":false,"footnotes":""},"class_list":["post-12115","page","type-page","status-publish","hentry"],"acf":[],"yoast_head":"<!-- This site is optimized with the Yoast SEO Premium plugin v26.1 (Yoast SEO v27.4) - https:\/\/yoast.com\/product\/yoast-seo-premium-wordpress\/ -->\n<title>GRLLR News - GRLLR<\/title>\n<meta name=\"description\" content=\"Read the latest news about GRLLR and GRLLR products!\" \/>\n<meta name=\"robots\" content=\"index, follow, max-snippet:-1, max-image-preview:large, max-video-preview:-1\" \/>\n<link rel=\"canonical\" href=\"https:\/\/grllr.com\/it\/read-our-blog\/grllr-news\/\" \/>\n<meta property=\"og:locale\" content=\"it_IT\" \/>\n<meta property=\"og:type\" content=\"article\" \/>\n<meta property=\"og:title\" content=\"GRLLR News\" \/>\n<meta property=\"og:description\" content=\"Read the latest news about GRLLR and GRLLR products!\" \/>\n<meta property=\"og:url\" content=\"https:\/\/grllr.com\/it\/read-our-blog\/grllr-news\/\" \/>\n<meta property=\"og:site_name\" content=\"GRLLR\" \/>\n<meta property=\"article:modified_time\" content=\"2025-07-28T11:53:59+00:00\" \/>\n<meta property=\"og:image\" content=\"https:\/\/grllr.com\/wp-content\/uploads\/2025\/12\/Logo-Seetrough.png\" \/>\n\t<meta property=\"og:image:width\" content=\"1020\" \/>\n\t<meta property=\"og:image:height\" content=\"1020\" \/>\n\t<meta property=\"og:image:type\" content=\"image\/png\" \/>\n<meta name=\"twitter:card\" content=\"summary_large_image\" \/>\n<meta name=\"twitter:label1\" content=\"Tempo di lettura stimato\" \/>\n\t<meta name=\"twitter:data1\" content=\"4 minuti\" \/>\n<script type=\"application\/ld+json\" class=\"yoast-schema-graph\">{\"@context\":\"https:\\\/\\\/schema.org\",\"@graph\":[{\"@type\":\"WebPage\",\"@id\":\"https:\\\/\\\/grllr.com\\\/read-our-blog\\\/grllr-news\\\/\",\"url\":\"https:\\\/\\\/grllr.com\\\/read-our-blog\\\/grllr-news\\\/\",\"name\":\"GRLLR News - GRLLR\",\"isPartOf\":{\"@id\":\"https:\\\/\\\/grllr.com\\\/nl\\\/#website\"},\"datePublished\":\"2025-05-27T07:19:01+00:00\",\"dateModified\":\"2025-07-28T11:53:59+00:00\",\"description\":\"Read the latest news about GRLLR and GRLLR products!\",\"breadcrumb\":{\"@id\":\"https:\\\/\\\/grllr.com\\\/read-our-blog\\\/grllr-news\\\/#breadcrumb\"},\"inLanguage\":\"it-IT\",\"potentialAction\":[{\"@type\":\"ReadAction\",\"target\":[\"https:\\\/\\\/grllr.com\\\/read-our-blog\\\/grllr-news\\\/\"]}]},{\"@type\":\"BreadcrumbList\",\"@id\":\"https:\\\/\\\/grllr.com\\\/read-our-blog\\\/grllr-news\\\/#breadcrumb\",\"itemListElement\":[{\"@type\":\"ListItem\",\"position\":1,\"name\":\"Home\",\"item\":\"https:\\\/\\\/grllr.com\\\/\"},{\"@type\":\"ListItem\",\"position\":2,\"name\":\"Blog\",\"item\":\"https:\\\/\\\/grllr.com\\\/read-our-blog\\\/\"},{\"@type\":\"ListItem\",\"position\":3,\"name\":\"GRLLR News\"}]},{\"@type\":\"WebSite\",\"@id\":\"https:\\\/\\\/grllr.com\\\/nl\\\/#website\",\"url\":\"https:\\\/\\\/grllr.com\\\/nl\\\/\",\"name\":\"GRLLR\",\"description\":\"The Joy Of Outdoor Cooking\",\"publisher\":{\"@id\":\"https:\\\/\\\/grllr.com\\\/nl\\\/#organization\"},\"alternateName\":\"Griller\",\"potentialAction\":[{\"@type\":\"SearchAction\",\"target\":{\"@type\":\"EntryPoint\",\"urlTemplate\":\"https:\\\/\\\/grllr.com\\\/nl\\\/?s={search_term_string}\"},\"query-input\":{\"@type\":\"PropertyValueSpecification\",\"valueRequired\":true,\"valueName\":\"search_term_string\"}}],\"inLanguage\":\"it-IT\"},{\"@type\":\"Organization\",\"@id\":\"https:\\\/\\\/grllr.com\\\/nl\\\/#organization\",\"name\":\"The GRLLR Company\",\"alternateName\":\"GRLLR\",\"url\":\"https:\\\/\\\/grllr.com\\\/nl\\\/\",\"logo\":{\"@type\":\"ImageObject\",\"inLanguage\":\"it-IT\",\"@id\":\"https:\\\/\\\/grllr.com\\\/nl\\\/#\\\/schema\\\/logo\\\/image\\\/\",\"url\":\"https:\\\/\\\/grllr.com\\\/wp-content\\\/uploads\\\/2023\\\/05\\\/logo.svg\",\"contentUrl\":\"https:\\\/\\\/grllr.com\\\/wp-content\\\/uploads\\\/2023\\\/05\\\/logo.svg\",\"width\":81,\"height\":50,\"caption\":\"The GRLLR Company\"},\"image\":{\"@id\":\"https:\\\/\\\/grllr.com\\\/nl\\\/#\\\/schema\\\/logo\\\/image\\\/\"},\"sameAs\":[\"https:\\\/\\\/www.instagram.com\\\/the.grllr\\\/\"],\"email\":\"connect@grllr.com\",\"legalName\":\"The GRLLR Company\",\"numberOfEmployees\":{\"@type\":\"QuantitativeValue\",\"minValue\":\"1\",\"maxValue\":\"10\"}}]}<\/script>\n<!-- \/ Yoast SEO Premium plugin. -->","yoast_head_json":{"title":"GRLLR News - GRLLR","description":"Read the latest news about GRLLR and GRLLR products!","robots":{"index":"index","follow":"follow","max-snippet":"max-snippet:-1","max-image-preview":"max-image-preview:large","max-video-preview":"max-video-preview:-1"},"canonical":"https:\/\/grllr.com\/it\/read-our-blog\/grllr-news\/","og_locale":"it_IT","og_type":"article","og_title":"GRLLR News","og_description":"Read the latest news about GRLLR and GRLLR products!","og_url":"https:\/\/grllr.com\/it\/read-our-blog\/grllr-news\/","og_site_name":"GRLLR","article_modified_time":"2025-07-28T11:53:59+00:00","og_image":[{"width":1020,"height":1020,"url":"https:\/\/grllr.com\/wp-content\/uploads\/2025\/12\/Logo-Seetrough.png","type":"image\/png"}],"twitter_card":"summary_large_image","twitter_misc":{"Tempo di lettura stimato":"4 minuti"},"schema":{"@context":"https:\/\/schema.org","@graph":[{"@type":"WebPage","@id":"https:\/\/grllr.com\/read-our-blog\/grllr-news\/","url":"https:\/\/grllr.com\/read-our-blog\/grllr-news\/","name":"GRLLR News - GRLLR","isPartOf":{"@id":"https:\/\/grllr.com\/nl\/#website"},"datePublished":"2025-05-27T07:19:01+00:00","dateModified":"2025-07-28T11:53:59+00:00","description":"Read the latest news about GRLLR and GRLLR products!","breadcrumb":{"@id":"https:\/\/grllr.com\/read-our-blog\/grllr-news\/#breadcrumb"},"inLanguage":"it-IT","potentialAction":[{"@type":"ReadAction","target":["https:\/\/grllr.com\/read-our-blog\/grllr-news\/"]}]},{"@type":"BreadcrumbList","@id":"https:\/\/grllr.com\/read-our-blog\/grllr-news\/#breadcrumb","itemListElement":[{"@type":"ListItem","position":1,"name":"Home","item":"https:\/\/grllr.com\/"},{"@type":"ListItem","position":2,"name":"Blog","item":"https:\/\/grllr.com\/read-our-blog\/"},{"@type":"ListItem","position":3,"name":"GRLLR News"}]},{"@type":"WebSite","@id":"https:\/\/grllr.com\/nl\/#website","url":"https:\/\/grllr.com\/nl\/","name":"GRLLR","description":"The Joy Of Outdoor Cooking","publisher":{"@id":"https:\/\/grllr.com\/nl\/#organization"},"alternateName":"Griller","potentialAction":[{"@type":"SearchAction","target":{"@type":"EntryPoint","urlTemplate":"https:\/\/grllr.com\/nl\/?s={search_term_string}"},"query-input":{"@type":"PropertyValueSpecification","valueRequired":true,"valueName":"search_term_string"}}],"inLanguage":"it-IT"},{"@type":"Organization","@id":"https:\/\/grllr.com\/nl\/#organization","name":"The GRLLR Company","alternateName":"GRLLR","url":"https:\/\/grllr.com\/nl\/","logo":{"@type":"ImageObject","inLanguage":"it-IT","@id":"https:\/\/grllr.com\/nl\/#\/schema\/logo\/image\/","url":"https:\/\/grllr.com\/wp-content\/uploads\/2023\/05\/logo.svg","contentUrl":"https:\/\/grllr.com\/wp-content\/uploads\/2023\/05\/logo.svg","width":81,"height":50,"caption":"The GRLLR Company"},"image":{"@id":"https:\/\/grllr.com\/nl\/#\/schema\/logo\/image\/"},"sameAs":["https:\/\/www.instagram.com\/the.grllr\/"],"email":"connect@grllr.com","legalName":"The GRLLR Company","numberOfEmployees":{"@type":"QuantitativeValue","minValue":"1","maxValue":"10"}}]}},"_links":{"self":[{"href":"https:\/\/grllr.com\/it\/wp-json\/wp\/v2\/pages\/12115","targetHints":{"allow":["GET"]}}],"collection":[{"href":"https:\/\/grllr.com\/it\/wp-json\/wp\/v2\/pages"}],"about":[{"href":"https:\/\/grllr.com\/it\/wp-json\/wp\/v2\/types\/page"}],"author":[{"embeddable":true,"href":"https:\/\/grllr.com\/it\/wp-json\/wp\/v2\/users\/10"}],"replies":[{"embeddable":true,"href":"https:\/\/grllr.com\/it\/wp-json\/wp\/v2\/comments?post=12115"}],"version-history":[{"count":4,"href":"https:\/\/grllr.com\/it\/wp-json\/wp\/v2\/pages\/12115\/revisions"}],"predecessor-version":[{"id":12220,"href":"https:\/\/grllr.com\/it\/wp-json\/wp\/v2\/pages\/12115\/revisions\/12220"}],"up":[{"embeddable":true,"href":"https:\/\/grllr.com\/it\/wp-json\/wp\/v2\/pages\/582"}],"wp:attachment":[{"href":"https:\/\/grllr.com\/it\/wp-json\/wp\/v2\/media?parent=12115"}],"curies":[{"name":"wp","href":"https:\/\/api.w.org\/{rel}","templated":true}]}}