{"id":7116,"date":"2024-03-11T14:34:14","date_gmt":"2024-03-11T14:34:14","guid":{"rendered":"https:\/\/grllr.com\/?post_type=product&#038;p=7116"},"modified":"2025-11-11T11:57:49","modified_gmt":"2025-11-11T10:57:49","slug":"ember-classic-16-charcoal-black-with-stand","status":"publish","type":"product","link":"https:\/\/grllr.com\/fr\/produit\/ember-classic-16-charcoal-black-with-stand\/","title":{"rendered":"GRLLR Ember Classique 16 pouces | Charbon Noir avec support"},"content":{"rendered":"<p>Am\u00e9liorez votre jeu de grillades avec le barbecue Kamado classique de 16 pouces GRLLR Ember. Con\u00e7u pour les amateurs de barbecue, ce barbecue noir au charbon de bois mat assure une r\u00e9partition homog\u00e8ne de la chaleur, un nettoyage facile et des possibilit\u00e9s culinaires infinies.<\/p>\n<ul>\n<li><img decoding=\"async\" src=\"\/wp-content\/uploads\/2024\/02\/menuactive.png\" alt=\"null\" \/><br \/>\n<h3>CONCEPTION GRLLR enregistr\u00e9e<\/h3>\n<\/li>\n<li><img decoding=\"async\" src=\"\/wp-content\/uploads\/2024\/02\/menuactive.png\" alt=\"null\" \/><br \/>\n<h3>Corps en c\u00e9ramique fait main, cuit 2 fois \u00e0 1200 degr\u00e9s<\/h3>\n<\/li>\n<li><img decoding=\"async\" src=\"\/wp-content\/uploads\/2024\/02\/menuactive.png\" alt=\"null\" \/><br \/>\n<h3>Foyer en c\u00e9ramique et anneau premium<\/h3>\n<\/li>\n<li><img decoding=\"async\" src=\"\/wp-content\/uploads\/2024\/02\/menuactive.png\" alt=\"null\" \/><br \/>\n<h3>Syst\u00e8me \u00e0 ressort robuste et syst\u00e8me de verrouillage du couvercle<\/h3>\n<\/li>\n<li><img decoding=\"async\" src=\"\/wp-content\/uploads\/2024\/02\/menuactive.png\" alt=\"null\" \/><br \/>\n<h3>Support personnalis\u00e9<\/h3>\n<\/li>\n<\/ul>","protected":false},"excerpt":{"rendered":"<p>Elevate your grilling game with the GRLLR Ember Classic 16-inch Kamado BBQ. Designed for barbecue enthusiasts, this Charcoal Matte black barbecue ensures consistent heat distribution, easy cleanup, and endless culinary possibilities. Registered GRLLR DESIGN Handmade ceramic body 2 times baked at 1200 degrees Ceramic firebox and premium ring Heavy-duty spring system and lid locking system [&hellip;]<\/p>\n","protected":false},"featured_media":11520,"comment_status":"open","ping_status":"closed","template":"","meta":{"_acf_changed":false},"product_brand":[],"product_cat":[146,139,78,151],"product_tag":[50,72],"class_list":{"0":"post-7116","1":"product","2":"type-product","3":"status-publish","4":"has-post-thumbnail","6":"product_cat-146","7":"product_cat-16-inch","8":"product_cat-ember-kamados","9":"product_cat-matte","10":"product_tag-ember","11":"product_tag-h2","13":"first","14":"instock","15":"purchasable","16":"product-type-simple"},"acf":[],"yoast_head":"<!-- This site is optimized with the Yoast SEO Premium plugin v26.1 (Yoast SEO v27.3) - https:\/\/yoast.com\/product\/yoast-seo-premium-wordpress\/ -->\n<title>GRLLR Ember Classic 16 inch | Charcoal Black with stand - GRLLR<\/title>\n<meta name=\"robots\" content=\"index, follow, max-snippet:-1, max-image-preview:large, max-video-preview:-1\" \/>\n<link rel=\"canonical\" href=\"https:\/\/grllr.com\/fr\/produit\/ember-classic-16-charcoal-black-with-stand\/\" \/>\n<meta property=\"og:locale\" content=\"fr_FR\" \/>\n<meta property=\"og:type\" content=\"article\" \/>\n<meta property=\"og:title\" content=\"GRLLR Ember Classic 16 inch | Charcoal Black with stand\" \/>\n<meta property=\"og:description\" content=\"Elevate your grilling game with the GRLLR Ember Classic 16-inch Kamado BBQ. Designed for barbecue enthusiasts, this Charcoal Matte black barbecue ensures consistent heat distribution, easy cleanup, and endless culinary possibilities. Registered GRLLR DESIGN Handmade ceramic body 2 times baked at 1200 degrees Ceramic firebox and premium ring Heavy-duty spring system and lid locking system [&hellip;]\" \/>\n<meta property=\"og:url\" content=\"https:\/\/grllr.com\/fr\/produit\/ember-classic-16-charcoal-black-with-stand\/\" \/>\n<meta property=\"og:site_name\" content=\"GRLLR\" \/>\n<meta property=\"article:modified_time\" content=\"2025-11-11T10:57:49+00:00\" \/>\n<meta property=\"og:image\" content=\"https:\/\/grllr.com\/wp-content\/uploads\/2024\/07\/GRLLR-Ember-Charcoal-Kamado-16-Inch-Stand-1.webp\" \/>\n\t<meta property=\"og:image:width\" content=\"800\" \/>\n\t<meta property=\"og:image:height\" content=\"800\" \/>\n\t<meta property=\"og:image:type\" content=\"image\/webp\" \/>\n<meta name=\"twitter:card\" content=\"summary_large_image\" \/>\n<script type=\"application\/ld+json\" class=\"yoast-schema-graph\">{\"@context\":\"https:\\\/\\\/schema.org\",\"@graph\":[{\"@type\":\"WebPage\",\"@id\":\"https:\\\/\\\/grllr.com\\\/product\\\/ember-classic-16-charcoal-black-with-stand\\\/\",\"url\":\"https:\\\/\\\/grllr.com\\\/product\\\/ember-classic-16-charcoal-black-with-stand\\\/\",\"name\":\"GRLLR Ember Classic 16 inch | Charcoal Black with stand - GRLLR\",\"isPartOf\":{\"@id\":\"https:\\\/\\\/grllr.com\\\/nl\\\/#website\"},\"primaryImageOfPage\":{\"@id\":\"https:\\\/\\\/grllr.com\\\/product\\\/ember-classic-16-charcoal-black-with-stand\\\/#primaryimage\"},\"image\":{\"@id\":\"https:\\\/\\\/grllr.com\\\/product\\\/ember-classic-16-charcoal-black-with-stand\\\/#primaryimage\"},\"thumbnailUrl\":\"https:\\\/\\\/grllr.com\\\/wp-content\\\/uploads\\\/2024\\\/07\\\/GRLLR-Ember-Charcoal-Kamado-16-Inch-Stand-1.webp\",\"datePublished\":\"2024-03-11T14:34:14+00:00\",\"dateModified\":\"2025-11-11T10:57:49+00:00\",\"breadcrumb\":{\"@id\":\"https:\\\/\\\/grllr.com\\\/product\\\/ember-classic-16-charcoal-black-with-stand\\\/#breadcrumb\"},\"inLanguage\":\"fr-FR\",\"potentialAction\":[{\"@type\":\"ReadAction\",\"target\":[\"https:\\\/\\\/grllr.com\\\/product\\\/ember-classic-16-charcoal-black-with-stand\\\/\"]}]},{\"@type\":\"ImageObject\",\"inLanguage\":\"fr-FR\",\"@id\":\"https:\\\/\\\/grllr.com\\\/product\\\/ember-classic-16-charcoal-black-with-stand\\\/#primaryimage\",\"url\":\"https:\\\/\\\/grllr.com\\\/wp-content\\\/uploads\\\/2024\\\/07\\\/GRLLR-Ember-Charcoal-Kamado-16-Inch-Stand-1.webp\",\"contentUrl\":\"https:\\\/\\\/grllr.com\\\/wp-content\\\/uploads\\\/2024\\\/07\\\/GRLLR-Ember-Charcoal-Kamado-16-Inch-Stand-1.webp\",\"width\":800,\"height\":800},{\"@type\":\"BreadcrumbList\",\"@id\":\"https:\\\/\\\/grllr.com\\\/product\\\/ember-classic-16-charcoal-black-with-stand\\\/#breadcrumb\",\"itemListElement\":[{\"@type\":\"ListItem\",\"position\":1,\"name\":\"Home\",\"item\":\"https:\\\/\\\/grllr.com\\\/\"},{\"@type\":\"ListItem\",\"position\":2,\"name\":\"Producten\",\"item\":\"https:\\\/\\\/grllr.com\\\/nl\\\/shop\\\/\"},{\"@type\":\"ListItem\",\"position\":3,\"name\":\"GRLLR Ember Classic 16 inch | Charcoal Black with stand\"}]},{\"@type\":\"WebSite\",\"@id\":\"https:\\\/\\\/grllr.com\\\/nl\\\/#website\",\"url\":\"https:\\\/\\\/grllr.com\\\/nl\\\/\",\"name\":\"GRLLR\",\"description\":\"The Joy Of Outdoor Cooking\",\"publisher\":{\"@id\":\"https:\\\/\\\/grllr.com\\\/nl\\\/#organization\"},\"alternateName\":\"Griller\",\"potentialAction\":[{\"@type\":\"SearchAction\",\"target\":{\"@type\":\"EntryPoint\",\"urlTemplate\":\"https:\\\/\\\/grllr.com\\\/nl\\\/?s={search_term_string}\"},\"query-input\":{\"@type\":\"PropertyValueSpecification\",\"valueRequired\":true,\"valueName\":\"search_term_string\"}}],\"inLanguage\":\"fr-FR\"},{\"@type\":\"Organization\",\"@id\":\"https:\\\/\\\/grllr.com\\\/nl\\\/#organization\",\"name\":\"The GRLLR Company\",\"alternateName\":\"GRLLR\",\"url\":\"https:\\\/\\\/grllr.com\\\/nl\\\/\",\"logo\":{\"@type\":\"ImageObject\",\"inLanguage\":\"fr-FR\",\"@id\":\"https:\\\/\\\/grllr.com\\\/nl\\\/#\\\/schema\\\/logo\\\/image\\\/\",\"url\":\"https:\\\/\\\/grllr.com\\\/wp-content\\\/uploads\\\/2023\\\/05\\\/logo.svg\",\"contentUrl\":\"https:\\\/\\\/grllr.com\\\/wp-content\\\/uploads\\\/2023\\\/05\\\/logo.svg\",\"width\":81,\"height\":50,\"caption\":\"The GRLLR Company\"},\"image\":{\"@id\":\"https:\\\/\\\/grllr.com\\\/nl\\\/#\\\/schema\\\/logo\\\/image\\\/\"},\"sameAs\":[\"https:\\\/\\\/www.instagram.com\\\/the.grllr\\\/\"],\"email\":\"connect@grllr.com\",\"legalName\":\"The GRLLR Company\",\"numberOfEmployees\":{\"@type\":\"QuantitativeValue\",\"minValue\":\"1\",\"maxValue\":\"10\"}}]}<\/script>\n<!-- \/ Yoast SEO Premium plugin. -->","yoast_head_json":{"title":"GRLLR Ember Classic 16 inch | Charcoal Black with stand - GRLLR","robots":{"index":"index","follow":"follow","max-snippet":"max-snippet:-1","max-image-preview":"max-image-preview:large","max-video-preview":"max-video-preview:-1"},"canonical":"https:\/\/grllr.com\/fr\/produit\/ember-classic-16-charcoal-black-with-stand\/","og_locale":"fr_FR","og_type":"article","og_title":"GRLLR Ember Classic 16 inch | Charcoal Black with stand","og_description":"Elevate your grilling game with the GRLLR Ember Classic 16-inch Kamado BBQ. Designed for barbecue enthusiasts, this Charcoal Matte black barbecue ensures consistent heat distribution, easy cleanup, and endless culinary possibilities. Registered GRLLR DESIGN Handmade ceramic body 2 times baked at 1200 degrees Ceramic firebox and premium ring Heavy-duty spring system and lid locking system [&hellip;]","og_url":"https:\/\/grllr.com\/fr\/produit\/ember-classic-16-charcoal-black-with-stand\/","og_site_name":"GRLLR","article_modified_time":"2025-11-11T10:57:49+00:00","og_image":[{"width":800,"height":800,"url":"https:\/\/grllr.com\/wp-content\/uploads\/2024\/07\/GRLLR-Ember-Charcoal-Kamado-16-Inch-Stand-1.webp","type":"image\/webp"}],"twitter_card":"summary_large_image","schema":{"@context":"https:\/\/schema.org","@graph":[{"@type":"WebPage","@id":"https:\/\/grllr.com\/product\/ember-classic-16-charcoal-black-with-stand\/","url":"https:\/\/grllr.com\/product\/ember-classic-16-charcoal-black-with-stand\/","name":"GRLLR Ember Classic 16 inch | Charcoal Black with stand - GRLLR","isPartOf":{"@id":"https:\/\/grllr.com\/nl\/#website"},"primaryImageOfPage":{"@id":"https:\/\/grllr.com\/product\/ember-classic-16-charcoal-black-with-stand\/#primaryimage"},"image":{"@id":"https:\/\/grllr.com\/product\/ember-classic-16-charcoal-black-with-stand\/#primaryimage"},"thumbnailUrl":"https:\/\/grllr.com\/wp-content\/uploads\/2024\/07\/GRLLR-Ember-Charcoal-Kamado-16-Inch-Stand-1.webp","datePublished":"2024-03-11T14:34:14+00:00","dateModified":"2025-11-11T10:57:49+00:00","breadcrumb":{"@id":"https:\/\/grllr.com\/product\/ember-classic-16-charcoal-black-with-stand\/#breadcrumb"},"inLanguage":"fr-FR","potentialAction":[{"@type":"ReadAction","target":["https:\/\/grllr.com\/product\/ember-classic-16-charcoal-black-with-stand\/"]}]},{"@type":"ImageObject","inLanguage":"fr-FR","@id":"https:\/\/grllr.com\/product\/ember-classic-16-charcoal-black-with-stand\/#primaryimage","url":"https:\/\/grllr.com\/wp-content\/uploads\/2024\/07\/GRLLR-Ember-Charcoal-Kamado-16-Inch-Stand-1.webp","contentUrl":"https:\/\/grllr.com\/wp-content\/uploads\/2024\/07\/GRLLR-Ember-Charcoal-Kamado-16-Inch-Stand-1.webp","width":800,"height":800},{"@type":"BreadcrumbList","@id":"https:\/\/grllr.com\/product\/ember-classic-16-charcoal-black-with-stand\/#breadcrumb","itemListElement":[{"@type":"ListItem","position":1,"name":"Home","item":"https:\/\/grllr.com\/"},{"@type":"ListItem","position":2,"name":"Producten","item":"https:\/\/grllr.com\/nl\/shop\/"},{"@type":"ListItem","position":3,"name":"GRLLR Ember Classic 16 inch | Charcoal Black with stand"}]},{"@type":"WebSite","@id":"https:\/\/grllr.com\/nl\/#website","url":"https:\/\/grllr.com\/nl\/","name":"GRLLR","description":"The Joy Of Outdoor Cooking","publisher":{"@id":"https:\/\/grllr.com\/nl\/#organization"},"alternateName":"Griller","potentialAction":[{"@type":"SearchAction","target":{"@type":"EntryPoint","urlTemplate":"https:\/\/grllr.com\/nl\/?s={search_term_string}"},"query-input":{"@type":"PropertyValueSpecification","valueRequired":true,"valueName":"search_term_string"}}],"inLanguage":"fr-FR"},{"@type":"Organization","@id":"https:\/\/grllr.com\/nl\/#organization","name":"The GRLLR Company","alternateName":"GRLLR","url":"https:\/\/grllr.com\/nl\/","logo":{"@type":"ImageObject","inLanguage":"fr-FR","@id":"https:\/\/grllr.com\/nl\/#\/schema\/logo\/image\/","url":"https:\/\/grllr.com\/wp-content\/uploads\/2023\/05\/logo.svg","contentUrl":"https:\/\/grllr.com\/wp-content\/uploads\/2023\/05\/logo.svg","width":81,"height":50,"caption":"The GRLLR Company"},"image":{"@id":"https:\/\/grllr.com\/nl\/#\/schema\/logo\/image\/"},"sameAs":["https:\/\/www.instagram.com\/the.grllr\/"],"email":"connect@grllr.com","legalName":"The GRLLR Company","numberOfEmployees":{"@type":"QuantitativeValue","minValue":"1","maxValue":"10"}}]}},"_links":{"self":[{"href":"https:\/\/grllr.com\/fr\/wp-json\/wp\/v2\/product\/7116","targetHints":{"allow":["GET"]}}],"collection":[{"href":"https:\/\/grllr.com\/fr\/wp-json\/wp\/v2\/product"}],"about":[{"href":"https:\/\/grllr.com\/fr\/wp-json\/wp\/v2\/types\/product"}],"replies":[{"embeddable":true,"href":"https:\/\/grllr.com\/fr\/wp-json\/wp\/v2\/comments?post=7116"}],"version-history":[{"count":1,"href":"https:\/\/grllr.com\/fr\/wp-json\/wp\/v2\/product\/7116\/revisions"}],"predecessor-version":[{"id":11727,"href":"https:\/\/grllr.com\/fr\/wp-json\/wp\/v2\/product\/7116\/revisions\/11727"}],"wp:featuredmedia":[{"embeddable":true,"href":"https:\/\/grllr.com\/fr\/wp-json\/wp\/v2\/media\/11520"}],"wp:attachment":[{"href":"https:\/\/grllr.com\/fr\/wp-json\/wp\/v2\/media?parent=7116"}],"wp:term":[{"taxonomy":"product_brand","embeddable":true,"href":"https:\/\/grllr.com\/fr\/wp-json\/wp\/v2\/product_brand?post=7116"},{"taxonomy":"product_cat","embeddable":true,"href":"https:\/\/grllr.com\/fr\/wp-json\/wp\/v2\/product_cat?post=7116"},{"taxonomy":"product_tag","embeddable":true,"href":"https:\/\/grllr.com\/fr\/wp-json\/wp\/v2\/product_tag?post=7116"}],"curies":[{"name":"wp","href":"https:\/\/api.w.org\/{rel}","templated":true}]}}