{"id":2555,"date":"2023-06-14T07:09:03","date_gmt":"2023-06-14T07:09:03","guid":{"rendered":"https:\/\/grllr.com\/?post_type=product&#038;p=2555"},"modified":"2026-03-05T14:16:55","modified_gmt":"2026-03-05T13:16:55","slug":"grllr-dome-cart-pro","status":"publish","type":"product","link":"https:\/\/grllr.com\/fr\/produit\/grllr-dome-cart-pro\/","title":{"rendered":"GRLLR Dome Bouilloire Cart Pro"},"content":{"rendered":"<p>Am\u00e9liorez votre jeu de cuisine en plein air avec le barbecue bouilloire GRLLR Dome Cart Pro. Dot\u00e9 du syst\u00e8me GrillFlow, d&#039;un grand espace de grillade, de grilles de gril en fonte durables et d&#039;un design intelligent, c&#039;est votre recette pour des exp\u00e9riences de saisie parfaites et de grillades homog\u00e8nes.<\/p>","protected":false},"excerpt":{"rendered":"<p>Am\u00e9liorez votre jeu de cuisine en plein air avec le barbecue bouilloire GRLLR Dome Cart Pro. Dot\u00e9 du syst\u00e8me GrillFlow, d&#039;un grand espace de grillade, de grilles de gril en fonte durables et d&#039;un design intelligent, c&#039;est votre recette pour des exp\u00e9riences de saisie parfaites et de grillades homog\u00e8nes.<\/p>","protected":false},"featured_media":8404,"comment_status":"open","ping_status":"closed","template":"","meta":{"_acf_changed":false},"product_brand":[],"product_cat":[166,167,168,169,165,79],"product_tag":[52,92,55],"class_list":{"0":"post-2555","1":"product","2":"type-product","3":"status-publish","4":"has-post-thumbnail","6":"product_cat-4-number-of-people-dome-kettles","7":"product_cat-5-number-of-people-dome-kettles","8":"product_cat-6-number-of-people-dome-kettles","9":"product_cat-7-number-of-people-dome-kettles","10":"product_cat-2-4-number-of-people-dome-kettles","11":"product_cat-dome-kettles","12":"product_tag-dome","13":"product_tag-dome-cart","14":"product_tag-home","16":"first","17":"instock","18":"purchasable","19":"product-type-simple"},"acf":[],"yoast_head":"<!-- This site is optimized with the Yoast SEO Premium plugin v27.5 (Yoast SEO v27.5) - https:\/\/yoast.com\/product\/yoast-seo-premium-wordpress\/ -->\n<title>GRLLR Dome Cart Pro Kettle - GRLLR<\/title>\n<meta name=\"robots\" content=\"index, follow, max-snippet:-1, max-image-preview:large, max-video-preview:-1\" \/>\n<link rel=\"canonical\" href=\"https:\/\/grllr.com\/fr\/produit\/grllr-dome-cart-pro\/\" \/>\n<meta property=\"og:locale\" content=\"fr_FR\" \/>\n<meta property=\"og:type\" content=\"article\" \/>\n<meta property=\"og:title\" content=\"GRLLR Dome Cart Pro Kettle\" \/>\n<meta property=\"og:description\" content=\"Upgrade your outdoor cooking game with the GRLLR Dome Cart Pro Kettle BBQ. Featuring GrillFlow System, ample grilling space, durable cast iron grill grids, and smart design, it&#039;s your recipe for perfect searing and seamless grilling experiences.\" \/>\n<meta property=\"og:url\" content=\"https:\/\/grllr.com\/fr\/produit\/grllr-dome-cart-pro\/\" \/>\n<meta property=\"og:site_name\" content=\"GRLLR\" \/>\n<meta property=\"article:modified_time\" content=\"2026-03-05T13:16:55+00:00\" \/>\n<meta property=\"og:image\" content=\"https:\/\/grllr.com\/wp-content\/uploads\/2023\/06\/1_GR-24-DKB-TST.jpg\" \/>\n\t<meta property=\"og:image:width\" content=\"800\" \/>\n\t<meta property=\"og:image:height\" content=\"800\" \/>\n\t<meta property=\"og:image:type\" content=\"image\/jpeg\" \/>\n<meta name=\"twitter:card\" content=\"summary_large_image\" \/>\n<meta name=\"twitter:label1\" content=\"Dur\u00e9e de lecture estim\u00e9e\" \/>\n\t<meta name=\"twitter:data1\" content=\"1 minute\" \/>\n<script type=\"application\/ld+json\" class=\"yoast-schema-graph\">{\"@context\":\"https:\\\/\\\/schema.org\",\"@graph\":[{\"@type\":\"WebPage\",\"@id\":\"https:\\\/\\\/grllr.com\\\/product\\\/grllr-dome-cart-pro\\\/\",\"url\":\"https:\\\/\\\/grllr.com\\\/product\\\/grllr-dome-cart-pro\\\/\",\"name\":\"GRLLR Dome Cart Pro Kettle - GRLLR\",\"isPartOf\":{\"@id\":\"https:\\\/\\\/grllr.com\\\/nl\\\/#website\"},\"primaryImageOfPage\":{\"@id\":\"https:\\\/\\\/grllr.com\\\/product\\\/grllr-dome-cart-pro\\\/#primaryimage\"},\"image\":{\"@id\":\"https:\\\/\\\/grllr.com\\\/product\\\/grllr-dome-cart-pro\\\/#primaryimage\"},\"thumbnailUrl\":\"https:\\\/\\\/grllr.com\\\/wp-content\\\/uploads\\\/2023\\\/06\\\/1_GR-24-DKB-TST.jpg\",\"datePublished\":\"2023-06-14T07:09:03+00:00\",\"dateModified\":\"2026-03-05T13:16:55+00:00\",\"breadcrumb\":{\"@id\":\"https:\\\/\\\/grllr.com\\\/product\\\/grllr-dome-cart-pro\\\/#breadcrumb\"},\"inLanguage\":\"fr-FR\",\"potentialAction\":[{\"@type\":\"ReadAction\",\"target\":[\"https:\\\/\\\/grllr.com\\\/product\\\/grllr-dome-cart-pro\\\/\"]}]},{\"@type\":\"ImageObject\",\"inLanguage\":\"fr-FR\",\"@id\":\"https:\\\/\\\/grllr.com\\\/product\\\/grllr-dome-cart-pro\\\/#primaryimage\",\"url\":\"https:\\\/\\\/grllr.com\\\/wp-content\\\/uploads\\\/2023\\\/06\\\/1_GR-24-DKB-TST.jpg\",\"contentUrl\":\"https:\\\/\\\/grllr.com\\\/wp-content\\\/uploads\\\/2023\\\/06\\\/1_GR-24-DKB-TST.jpg\",\"width\":800,\"height\":800},{\"@type\":\"BreadcrumbList\",\"@id\":\"https:\\\/\\\/grllr.com\\\/product\\\/grllr-dome-cart-pro\\\/#breadcrumb\",\"itemListElement\":[{\"@type\":\"ListItem\",\"position\":1,\"name\":\"Home\",\"item\":\"https:\\\/\\\/grllr.com\\\/\"},{\"@type\":\"ListItem\",\"position\":2,\"name\":\"Producten\",\"item\":\"https:\\\/\\\/grllr.com\\\/nl\\\/shop\\\/\"},{\"@type\":\"ListItem\",\"position\":3,\"name\":\"GRLLR Dome Cart Pro Kettle\"}]},{\"@type\":\"WebSite\",\"@id\":\"https:\\\/\\\/grllr.com\\\/nl\\\/#website\",\"url\":\"https:\\\/\\\/grllr.com\\\/nl\\\/\",\"name\":\"GRLLR\",\"description\":\"The Joy Of Outdoor Cooking\",\"publisher\":{\"@id\":\"https:\\\/\\\/grllr.com\\\/nl\\\/#organization\"},\"alternateName\":\"Griller\",\"potentialAction\":[{\"@type\":\"SearchAction\",\"target\":{\"@type\":\"EntryPoint\",\"urlTemplate\":\"https:\\\/\\\/grllr.com\\\/nl\\\/?s={search_term_string}\"},\"query-input\":{\"@type\":\"PropertyValueSpecification\",\"valueRequired\":true,\"valueName\":\"search_term_string\"}}],\"inLanguage\":\"fr-FR\"},{\"@type\":\"Organization\",\"@id\":\"https:\\\/\\\/grllr.com\\\/nl\\\/#organization\",\"name\":\"The GRLLR Company\",\"alternateName\":\"GRLLR\",\"url\":\"https:\\\/\\\/grllr.com\\\/nl\\\/\",\"logo\":{\"@type\":\"ImageObject\",\"inLanguage\":\"fr-FR\",\"@id\":\"https:\\\/\\\/grllr.com\\\/nl\\\/#\\\/schema\\\/logo\\\/image\\\/\",\"url\":\"https:\\\/\\\/grllr.com\\\/wp-content\\\/uploads\\\/2023\\\/05\\\/logo.svg\",\"contentUrl\":\"https:\\\/\\\/grllr.com\\\/wp-content\\\/uploads\\\/2023\\\/05\\\/logo.svg\",\"width\":81,\"height\":50,\"caption\":\"The GRLLR Company\"},\"image\":{\"@id\":\"https:\\\/\\\/grllr.com\\\/nl\\\/#\\\/schema\\\/logo\\\/image\\\/\"},\"sameAs\":[\"https:\\\/\\\/www.instagram.com\\\/the.grllr\\\/\"],\"email\":\"connect@grllr.com\",\"legalName\":\"The GRLLR Company\",\"numberOfEmployees\":{\"@type\":\"QuantitativeValue\",\"minValue\":\"1\",\"maxValue\":\"10\"}}]}<\/script>\n<!-- \/ Yoast SEO Premium plugin. -->","yoast_head_json":{"title":"GRLLR Dome Cart Pro Kettle - GRLLR","robots":{"index":"index","follow":"follow","max-snippet":"max-snippet:-1","max-image-preview":"max-image-preview:large","max-video-preview":"max-video-preview:-1"},"canonical":"https:\/\/grllr.com\/fr\/produit\/grllr-dome-cart-pro\/","og_locale":"fr_FR","og_type":"article","og_title":"GRLLR Dome Cart Pro Kettle","og_description":"Upgrade your outdoor cooking game with the GRLLR Dome Cart Pro Kettle BBQ. Featuring GrillFlow System, ample grilling space, durable cast iron grill grids, and smart design, it's your recipe for perfect searing and seamless grilling experiences.","og_url":"https:\/\/grllr.com\/fr\/produit\/grllr-dome-cart-pro\/","og_site_name":"GRLLR","article_modified_time":"2026-03-05T13:16:55+00:00","og_image":[{"width":800,"height":800,"url":"https:\/\/grllr.com\/wp-content\/uploads\/2023\/06\/1_GR-24-DKB-TST.jpg","type":"image\/jpeg"}],"twitter_card":"summary_large_image","twitter_misc":{"Dur\u00e9e de lecture estim\u00e9e":"1 minute"},"schema":{"@context":"https:\/\/schema.org","@graph":[{"@type":"WebPage","@id":"https:\/\/grllr.com\/product\/grllr-dome-cart-pro\/","url":"https:\/\/grllr.com\/product\/grllr-dome-cart-pro\/","name":"GRLLR Dome Cart Pro Kettle - GRLLR","isPartOf":{"@id":"https:\/\/grllr.com\/nl\/#website"},"primaryImageOfPage":{"@id":"https:\/\/grllr.com\/product\/grllr-dome-cart-pro\/#primaryimage"},"image":{"@id":"https:\/\/grllr.com\/product\/grllr-dome-cart-pro\/#primaryimage"},"thumbnailUrl":"https:\/\/grllr.com\/wp-content\/uploads\/2023\/06\/1_GR-24-DKB-TST.jpg","datePublished":"2023-06-14T07:09:03+00:00","dateModified":"2026-03-05T13:16:55+00:00","breadcrumb":{"@id":"https:\/\/grllr.com\/product\/grllr-dome-cart-pro\/#breadcrumb"},"inLanguage":"fr-FR","potentialAction":[{"@type":"ReadAction","target":["https:\/\/grllr.com\/product\/grllr-dome-cart-pro\/"]}]},{"@type":"ImageObject","inLanguage":"fr-FR","@id":"https:\/\/grllr.com\/product\/grllr-dome-cart-pro\/#primaryimage","url":"https:\/\/grllr.com\/wp-content\/uploads\/2023\/06\/1_GR-24-DKB-TST.jpg","contentUrl":"https:\/\/grllr.com\/wp-content\/uploads\/2023\/06\/1_GR-24-DKB-TST.jpg","width":800,"height":800},{"@type":"BreadcrumbList","@id":"https:\/\/grllr.com\/product\/grllr-dome-cart-pro\/#breadcrumb","itemListElement":[{"@type":"ListItem","position":1,"name":"Home","item":"https:\/\/grllr.com\/"},{"@type":"ListItem","position":2,"name":"Producten","item":"https:\/\/grllr.com\/nl\/shop\/"},{"@type":"ListItem","position":3,"name":"GRLLR Dome Cart Pro Kettle"}]},{"@type":"WebSite","@id":"https:\/\/grllr.com\/nl\/#website","url":"https:\/\/grllr.com\/nl\/","name":"GRLLR","description":"The Joy Of Outdoor Cooking","publisher":{"@id":"https:\/\/grllr.com\/nl\/#organization"},"alternateName":"Griller","potentialAction":[{"@type":"SearchAction","target":{"@type":"EntryPoint","urlTemplate":"https:\/\/grllr.com\/nl\/?s={search_term_string}"},"query-input":{"@type":"PropertyValueSpecification","valueRequired":true,"valueName":"search_term_string"}}],"inLanguage":"fr-FR"},{"@type":"Organization","@id":"https:\/\/grllr.com\/nl\/#organization","name":"The GRLLR Company","alternateName":"GRLLR","url":"https:\/\/grllr.com\/nl\/","logo":{"@type":"ImageObject","inLanguage":"fr-FR","@id":"https:\/\/grllr.com\/nl\/#\/schema\/logo\/image\/","url":"https:\/\/grllr.com\/wp-content\/uploads\/2023\/05\/logo.svg","contentUrl":"https:\/\/grllr.com\/wp-content\/uploads\/2023\/05\/logo.svg","width":81,"height":50,"caption":"The GRLLR Company"},"image":{"@id":"https:\/\/grllr.com\/nl\/#\/schema\/logo\/image\/"},"sameAs":["https:\/\/www.instagram.com\/the.grllr\/"],"email":"connect@grllr.com","legalName":"The GRLLR Company","numberOfEmployees":{"@type":"QuantitativeValue","minValue":"1","maxValue":"10"}}]}},"_links":{"self":[{"href":"https:\/\/grllr.com\/fr\/wp-json\/wp\/v2\/product\/2555","targetHints":{"allow":["GET"]}}],"collection":[{"href":"https:\/\/grllr.com\/fr\/wp-json\/wp\/v2\/product"}],"about":[{"href":"https:\/\/grllr.com\/fr\/wp-json\/wp\/v2\/types\/product"}],"replies":[{"embeddable":true,"href":"https:\/\/grllr.com\/fr\/wp-json\/wp\/v2\/comments?post=2555"}],"version-history":[{"count":1,"href":"https:\/\/grllr.com\/fr\/wp-json\/wp\/v2\/product\/2555\/revisions"}],"predecessor-version":[{"id":12372,"href":"https:\/\/grllr.com\/fr\/wp-json\/wp\/v2\/product\/2555\/revisions\/12372"}],"wp:featuredmedia":[{"embeddable":true,"href":"https:\/\/grllr.com\/fr\/wp-json\/wp\/v2\/media\/8404"}],"wp:attachment":[{"href":"https:\/\/grllr.com\/fr\/wp-json\/wp\/v2\/media?parent=2555"}],"wp:term":[{"taxonomy":"product_brand","embeddable":true,"href":"https:\/\/grllr.com\/fr\/wp-json\/wp\/v2\/product_brand?post=2555"},{"taxonomy":"product_cat","embeddable":true,"href":"https:\/\/grllr.com\/fr\/wp-json\/wp\/v2\/product_cat?post=2555"},{"taxonomy":"product_tag","embeddable":true,"href":"https:\/\/grllr.com\/fr\/wp-json\/wp\/v2\/product_tag?post=2555"}],"curies":[{"name":"wp","href":"https:\/\/api.w.org\/{rel}","templated":true}]}}