{"id":1987,"date":"2023-06-08T13:27:25","date_gmt":"2023-06-08T13:27:25","guid":{"rendered":"https:\/\/grllr.com\/product\/grllr-half-moon-cast-iron-grill-grid-for-ember-22-inch\/"},"modified":"2024-07-25T09:54:42","modified_gmt":"2024-07-25T07:54:42","slug":"ember-half-moon-cast-iron-grill-grid-22","status":"publish","type":"product","link":"https:\/\/grllr.com\/fr\/produit\/ember-half-moon-cast-iron-grill-grid-22\/","title":{"rendered":"Grille de gril en fonte demi-lune GRLLR pour Ember 22 pouces et Pro"},"content":{"rendered":"<p>Am\u00e9liorez votre exp\u00e9rience de cuisson Ember de 22 pouces avec la grille de gril en fonte demi-lune GRLLR<\/p>\n<p>La forme unique en demi-lune de la grille de gril GRLLR offre une polyvalence dans vos options de cuisson. Avec la possibilit\u00e9 de cuire simultan\u00e9ment diff\u00e9rents types d\u2019aliments \u00e0 diff\u00e9rentes temp\u00e9ratures, vous pouvez lib\u00e9rer votre cr\u00e9ativit\u00e9 culinaire et impressionner vos invit\u00e9s avec une vari\u00e9t\u00e9 de saveurs et de textures.<\/p>\n<p>&nbsp;<\/p>","protected":false},"excerpt":{"rendered":"<p>Enhance Your Ember 22 Inch Cooking Experience with the GRLLR Half Moon Cast Iron Grill Grid The unique half moon shape of the GRLLR Grill Grid provides versatility in your cooking options. With the ability to cook different types of food at different temperatures simultaneously, you can unleash your culinary creativity and impress your guests [&hellip;]<\/p>\n","protected":false},"featured_media":7750,"comment_status":"open","ping_status":"closed","template":"","meta":{"_acf_changed":false},"product_brand":[],"product_cat":[81,78,125],"product_tag":[82,50,83],"class_list":{"0":"post-1987","1":"product","2":"type-product","3":"status-publish","4":"has-post-thumbnail","6":"product_cat-accessories","7":"product_cat-ember-kamados","8":"product_cat-kamado-accessories","9":"product_tag-accessory","10":"product_tag-ember","11":"product_tag-ember-accessory","13":"first","14":"instock","15":"purchasable","16":"product-type-simple"},"acf":[],"yoast_head":"<!-- This site is optimized with the Yoast SEO Premium plugin v26.1 (Yoast SEO v27.4) - https:\/\/yoast.com\/product\/yoast-seo-premium-wordpress\/ -->\n<title>GRLLR Half Moon Cast Iron Grill Grid for Ember 22 inch &amp; Pro - GRLLR<\/title>\n<meta name=\"robots\" content=\"index, follow, max-snippet:-1, max-image-preview:large, max-video-preview:-1\" \/>\n<link rel=\"canonical\" href=\"https:\/\/grllr.com\/fr\/produit\/ember-half-moon-cast-iron-grill-grid-22\/\" \/>\n<meta property=\"og:locale\" content=\"fr_FR\" \/>\n<meta property=\"og:type\" content=\"article\" \/>\n<meta property=\"og:title\" content=\"GRLLR Half Moon Cast Iron Grill Grid for Ember 22 inch &amp; Pro\" \/>\n<meta property=\"og:description\" content=\"Enhance Your Ember 22 Inch Cooking Experience with the GRLLR Half Moon Cast Iron Grill Grid The unique half moon shape of the GRLLR Grill Grid provides versatility in your cooking options. With the ability to cook different types of food at different temperatures simultaneously, you can unleash your culinary creativity and impress your guests [&hellip;]\" \/>\n<meta property=\"og:url\" content=\"https:\/\/grllr.com\/fr\/produit\/ember-half-moon-cast-iron-grill-grid-22\/\" \/>\n<meta property=\"og:site_name\" content=\"GRLLR\" \/>\n<meta property=\"article:modified_time\" content=\"2024-07-25T07:54:42+00:00\" \/>\n<meta property=\"og:image\" content=\"https:\/\/grllr.com\/wp-content\/uploads\/2023\/06\/Ember-Half-Moon-Grid.jpg\" \/>\n\t<meta property=\"og:image:width\" content=\"800\" \/>\n\t<meta property=\"og:image:height\" content=\"800\" \/>\n\t<meta property=\"og:image:type\" content=\"image\/jpeg\" \/>\n<meta name=\"twitter:card\" content=\"summary_large_image\" \/>\n<script type=\"application\/ld+json\" class=\"yoast-schema-graph\">{\"@context\":\"https:\\\/\\\/schema.org\",\"@graph\":[{\"@type\":\"WebPage\",\"@id\":\"https:\\\/\\\/grllr.com\\\/product\\\/ember-half-moon-cast-iron-grill-grid-22\\\/\",\"url\":\"https:\\\/\\\/grllr.com\\\/product\\\/ember-half-moon-cast-iron-grill-grid-22\\\/\",\"name\":\"GRLLR Half Moon Cast Iron Grill Grid for Ember 22 inch & Pro - GRLLR\",\"isPartOf\":{\"@id\":\"https:\\\/\\\/grllr.com\\\/nl\\\/#website\"},\"primaryImageOfPage\":{\"@id\":\"https:\\\/\\\/grllr.com\\\/product\\\/ember-half-moon-cast-iron-grill-grid-22\\\/#primaryimage\"},\"image\":{\"@id\":\"https:\\\/\\\/grllr.com\\\/product\\\/ember-half-moon-cast-iron-grill-grid-22\\\/#primaryimage\"},\"thumbnailUrl\":\"https:\\\/\\\/grllr.com\\\/wp-content\\\/uploads\\\/2023\\\/06\\\/Ember-Half-Moon-Grid.jpg\",\"datePublished\":\"2023-06-08T13:27:25+00:00\",\"dateModified\":\"2024-07-25T07:54:42+00:00\",\"breadcrumb\":{\"@id\":\"https:\\\/\\\/grllr.com\\\/product\\\/ember-half-moon-cast-iron-grill-grid-22\\\/#breadcrumb\"},\"inLanguage\":\"fr-FR\",\"potentialAction\":[{\"@type\":\"ReadAction\",\"target\":[\"https:\\\/\\\/grllr.com\\\/product\\\/ember-half-moon-cast-iron-grill-grid-22\\\/\"]}]},{\"@type\":\"ImageObject\",\"inLanguage\":\"fr-FR\",\"@id\":\"https:\\\/\\\/grllr.com\\\/product\\\/ember-half-moon-cast-iron-grill-grid-22\\\/#primaryimage\",\"url\":\"https:\\\/\\\/grllr.com\\\/wp-content\\\/uploads\\\/2023\\\/06\\\/Ember-Half-Moon-Grid.jpg\",\"contentUrl\":\"https:\\\/\\\/grllr.com\\\/wp-content\\\/uploads\\\/2023\\\/06\\\/Ember-Half-Moon-Grid.jpg\",\"width\":800,\"height\":800},{\"@type\":\"BreadcrumbList\",\"@id\":\"https:\\\/\\\/grllr.com\\\/product\\\/ember-half-moon-cast-iron-grill-grid-22\\\/#breadcrumb\",\"itemListElement\":[{\"@type\":\"ListItem\",\"position\":1,\"name\":\"Home\",\"item\":\"https:\\\/\\\/grllr.com\\\/\"},{\"@type\":\"ListItem\",\"position\":2,\"name\":\"Producten\",\"item\":\"https:\\\/\\\/grllr.com\\\/nl\\\/shop\\\/\"},{\"@type\":\"ListItem\",\"position\":3,\"name\":\"Half Moon Cast Iron Grill Grid for Ember 22 inch &#038; Pro\"}]},{\"@type\":\"WebSite\",\"@id\":\"https:\\\/\\\/grllr.com\\\/nl\\\/#website\",\"url\":\"https:\\\/\\\/grllr.com\\\/nl\\\/\",\"name\":\"GRLLR\",\"description\":\"The Joy Of Outdoor Cooking\",\"publisher\":{\"@id\":\"https:\\\/\\\/grllr.com\\\/nl\\\/#organization\"},\"alternateName\":\"Griller\",\"potentialAction\":[{\"@type\":\"SearchAction\",\"target\":{\"@type\":\"EntryPoint\",\"urlTemplate\":\"https:\\\/\\\/grllr.com\\\/nl\\\/?s={search_term_string}\"},\"query-input\":{\"@type\":\"PropertyValueSpecification\",\"valueRequired\":true,\"valueName\":\"search_term_string\"}}],\"inLanguage\":\"fr-FR\"},{\"@type\":\"Organization\",\"@id\":\"https:\\\/\\\/grllr.com\\\/nl\\\/#organization\",\"name\":\"The GRLLR Company\",\"alternateName\":\"GRLLR\",\"url\":\"https:\\\/\\\/grllr.com\\\/nl\\\/\",\"logo\":{\"@type\":\"ImageObject\",\"inLanguage\":\"fr-FR\",\"@id\":\"https:\\\/\\\/grllr.com\\\/nl\\\/#\\\/schema\\\/logo\\\/image\\\/\",\"url\":\"https:\\\/\\\/grllr.com\\\/wp-content\\\/uploads\\\/2023\\\/05\\\/logo.svg\",\"contentUrl\":\"https:\\\/\\\/grllr.com\\\/wp-content\\\/uploads\\\/2023\\\/05\\\/logo.svg\",\"width\":81,\"height\":50,\"caption\":\"The GRLLR Company\"},\"image\":{\"@id\":\"https:\\\/\\\/grllr.com\\\/nl\\\/#\\\/schema\\\/logo\\\/image\\\/\"},\"sameAs\":[\"https:\\\/\\\/www.instagram.com\\\/the.grllr\\\/\"],\"email\":\"connect@grllr.com\",\"legalName\":\"The GRLLR Company\",\"numberOfEmployees\":{\"@type\":\"QuantitativeValue\",\"minValue\":\"1\",\"maxValue\":\"10\"}}]}<\/script>\n<!-- \/ Yoast SEO Premium plugin. -->","yoast_head_json":{"title":"GRLLR Half Moon Cast Iron Grill Grid for Ember 22 inch & Pro - GRLLR","robots":{"index":"index","follow":"follow","max-snippet":"max-snippet:-1","max-image-preview":"max-image-preview:large","max-video-preview":"max-video-preview:-1"},"canonical":"https:\/\/grllr.com\/fr\/produit\/ember-half-moon-cast-iron-grill-grid-22\/","og_locale":"fr_FR","og_type":"article","og_title":"GRLLR Half Moon Cast Iron Grill Grid for Ember 22 inch & Pro","og_description":"Enhance Your Ember 22 Inch Cooking Experience with the GRLLR Half Moon Cast Iron Grill Grid The unique half moon shape of the GRLLR Grill Grid provides versatility in your cooking options. With the ability to cook different types of food at different temperatures simultaneously, you can unleash your culinary creativity and impress your guests [&hellip;]","og_url":"https:\/\/grllr.com\/fr\/produit\/ember-half-moon-cast-iron-grill-grid-22\/","og_site_name":"GRLLR","article_modified_time":"2024-07-25T07:54:42+00:00","og_image":[{"width":800,"height":800,"url":"https:\/\/grllr.com\/wp-content\/uploads\/2023\/06\/Ember-Half-Moon-Grid.jpg","type":"image\/jpeg"}],"twitter_card":"summary_large_image","schema":{"@context":"https:\/\/schema.org","@graph":[{"@type":"WebPage","@id":"https:\/\/grllr.com\/product\/ember-half-moon-cast-iron-grill-grid-22\/","url":"https:\/\/grllr.com\/product\/ember-half-moon-cast-iron-grill-grid-22\/","name":"GRLLR Half Moon Cast Iron Grill Grid for Ember 22 inch & Pro - GRLLR","isPartOf":{"@id":"https:\/\/grllr.com\/nl\/#website"},"primaryImageOfPage":{"@id":"https:\/\/grllr.com\/product\/ember-half-moon-cast-iron-grill-grid-22\/#primaryimage"},"image":{"@id":"https:\/\/grllr.com\/product\/ember-half-moon-cast-iron-grill-grid-22\/#primaryimage"},"thumbnailUrl":"https:\/\/grllr.com\/wp-content\/uploads\/2023\/06\/Ember-Half-Moon-Grid.jpg","datePublished":"2023-06-08T13:27:25+00:00","dateModified":"2024-07-25T07:54:42+00:00","breadcrumb":{"@id":"https:\/\/grllr.com\/product\/ember-half-moon-cast-iron-grill-grid-22\/#breadcrumb"},"inLanguage":"fr-FR","potentialAction":[{"@type":"ReadAction","target":["https:\/\/grllr.com\/product\/ember-half-moon-cast-iron-grill-grid-22\/"]}]},{"@type":"ImageObject","inLanguage":"fr-FR","@id":"https:\/\/grllr.com\/product\/ember-half-moon-cast-iron-grill-grid-22\/#primaryimage","url":"https:\/\/grllr.com\/wp-content\/uploads\/2023\/06\/Ember-Half-Moon-Grid.jpg","contentUrl":"https:\/\/grllr.com\/wp-content\/uploads\/2023\/06\/Ember-Half-Moon-Grid.jpg","width":800,"height":800},{"@type":"BreadcrumbList","@id":"https:\/\/grllr.com\/product\/ember-half-moon-cast-iron-grill-grid-22\/#breadcrumb","itemListElement":[{"@type":"ListItem","position":1,"name":"Home","item":"https:\/\/grllr.com\/"},{"@type":"ListItem","position":2,"name":"Producten","item":"https:\/\/grllr.com\/nl\/shop\/"},{"@type":"ListItem","position":3,"name":"Half Moon Cast Iron Grill Grid for Ember 22 inch &#038; Pro"}]},{"@type":"WebSite","@id":"https:\/\/grllr.com\/nl\/#website","url":"https:\/\/grllr.com\/nl\/","name":"GRLLR","description":"The Joy Of Outdoor Cooking","publisher":{"@id":"https:\/\/grllr.com\/nl\/#organization"},"alternateName":"Griller","potentialAction":[{"@type":"SearchAction","target":{"@type":"EntryPoint","urlTemplate":"https:\/\/grllr.com\/nl\/?s={search_term_string}"},"query-input":{"@type":"PropertyValueSpecification","valueRequired":true,"valueName":"search_term_string"}}],"inLanguage":"fr-FR"},{"@type":"Organization","@id":"https:\/\/grllr.com\/nl\/#organization","name":"The GRLLR Company","alternateName":"GRLLR","url":"https:\/\/grllr.com\/nl\/","logo":{"@type":"ImageObject","inLanguage":"fr-FR","@id":"https:\/\/grllr.com\/nl\/#\/schema\/logo\/image\/","url":"https:\/\/grllr.com\/wp-content\/uploads\/2023\/05\/logo.svg","contentUrl":"https:\/\/grllr.com\/wp-content\/uploads\/2023\/05\/logo.svg","width":81,"height":50,"caption":"The GRLLR Company"},"image":{"@id":"https:\/\/grllr.com\/nl\/#\/schema\/logo\/image\/"},"sameAs":["https:\/\/www.instagram.com\/the.grllr\/"],"email":"connect@grllr.com","legalName":"The GRLLR Company","numberOfEmployees":{"@type":"QuantitativeValue","minValue":"1","maxValue":"10"}}]}},"_links":{"self":[{"href":"https:\/\/grllr.com\/fr\/wp-json\/wp\/v2\/product\/1987","targetHints":{"allow":["GET"]}}],"collection":[{"href":"https:\/\/grllr.com\/fr\/wp-json\/wp\/v2\/product"}],"about":[{"href":"https:\/\/grllr.com\/fr\/wp-json\/wp\/v2\/types\/product"}],"replies":[{"embeddable":true,"href":"https:\/\/grllr.com\/fr\/wp-json\/wp\/v2\/comments?post=1987"}],"version-history":[{"count":0,"href":"https:\/\/grllr.com\/fr\/wp-json\/wp\/v2\/product\/1987\/revisions"}],"wp:featuredmedia":[{"embeddable":true,"href":"https:\/\/grllr.com\/fr\/wp-json\/wp\/v2\/media\/7750"}],"wp:attachment":[{"href":"https:\/\/grllr.com\/fr\/wp-json\/wp\/v2\/media?parent=1987"}],"wp:term":[{"taxonomy":"product_brand","embeddable":true,"href":"https:\/\/grllr.com\/fr\/wp-json\/wp\/v2\/product_brand?post=1987"},{"taxonomy":"product_cat","embeddable":true,"href":"https:\/\/grllr.com\/fr\/wp-json\/wp\/v2\/product_cat?post=1987"},{"taxonomy":"product_tag","embeddable":true,"href":"https:\/\/grllr.com\/fr\/wp-json\/wp\/v2\/product_tag?post=1987"}],"curies":[{"name":"wp","href":"https:\/\/api.w.org\/{rel}","templated":true}]}}