{"id":1932,"date":"2023-06-08T13:27:14","date_gmt":"2023-06-08T13:27:14","guid":{"rendered":"https:\/\/grllr.com\/product\/grllr-tokyo-shichirin-table-grill-round-red-3\/"},"modified":"2026-03-05T14:09:30","modified_gmt":"2026-03-05T13:09:30","slug":"grllr-tokyo-shichirin-table-grill-round-red-3","status":"publish","type":"product","link":"https:\/\/grllr.com\/fr\/produit\/grllr-tokyo-shichirin-table-grill-round-red-3\/","title":{"rendered":"GRLLR Tokyo Shichirin | Rouge"},"content":{"rendered":"<p>D\u00e9couvrez la tradition des grillades Shichirin avec le grill de table GRLLR Tokyo, inspir\u00e9 de la culture dynamique des restaurants de rue japonais.<\/p>\n<p>Ce barbecue rond pr\u00e9sente une construction en c\u00e9ramique robuste, une r\u00e9tention efficace de la chaleur et une ventilation pour un flux d&#039;air et un contr\u00f4le de la temp\u00e9rature id\u00e9aux, parfait pour les moments partag\u00e9s entre amis et en famille.<\/p>","protected":false},"excerpt":{"rendered":"<p>Experience the tradition of Shichirin grilling with the GRLLR Tokyo table grill, inspired by vibrant Japanese street restaurant culture. This round BBQ features sturdy ceramic construction, efficient heat retention, and ventilation for ideal airflow and temperature control, perfect for shared moments with friends and family.<\/p>","protected":false},"featured_media":2222,"comment_status":"open","ping_status":"closed","template":"","meta":{"_acf_changed":false},"product_brand":[],"product_cat":[174,175,172,173,180,80],"product_tag":[72,55,44],"class_list":{"0":"post-1932","1":"product","2":"type-product","3":"status-publish","4":"has-post-thumbnail","6":"product_cat-4-number-of-people-table-bbqs","7":"product_cat-5-number-of-people-table-bbqs","8":"product_cat-172","9":"product_cat-2-4-number-of-people-table-bbqs","10":"product_cat-red","11":"product_cat-table-bbqs","12":"product_tag-h2","13":"product_tag-home","14":"product_tag-shichirin","16":"first","17":"instock","18":"purchasable","19":"product-type-simple"},"acf":[],"yoast_head":"<!-- This site is optimized with the Yoast SEO Premium plugin v26.1 (Yoast SEO v27.4) - https:\/\/yoast.com\/product\/yoast-seo-premium-wordpress\/ -->\n<title>GRLLR Tokyo Shichirin | Red - GRLLR<\/title>\n<meta name=\"robots\" content=\"index, follow, max-snippet:-1, max-image-preview:large, max-video-preview:-1\" \/>\n<link rel=\"canonical\" href=\"https:\/\/grllr.com\/fr\/produit\/grllr-tokyo-shichirin-table-grill-round-red-3\/\" \/>\n<meta property=\"og:locale\" content=\"fr_FR\" \/>\n<meta property=\"og:type\" content=\"article\" \/>\n<meta property=\"og:title\" content=\"GRLLR Tokyo Shichirin | Red\" \/>\n<meta property=\"og:description\" content=\"Experience the tradition of Shichirin grilling with the GRLLR Tokyo table grill, inspired by vibrant Japanese street restaurant culture. This round BBQ features sturdy ceramic construction, efficient heat retention, and ventilation for ideal airflow and temperature control, perfect for shared moments with friends and family.\" \/>\n<meta property=\"og:url\" content=\"https:\/\/grllr.com\/fr\/produit\/grllr-tokyo-shichirin-table-grill-round-red-3\/\" \/>\n<meta property=\"og:site_name\" content=\"GRLLR\" \/>\n<meta property=\"article:modified_time\" content=\"2026-03-05T13:09:30+00:00\" \/>\n<meta property=\"og:image\" content=\"https:\/\/grllr.com\/wp-content\/uploads\/2023\/06\/tokyord-1.webp\" \/>\n\t<meta property=\"og:image:width\" content=\"800\" \/>\n\t<meta property=\"og:image:height\" content=\"800\" \/>\n\t<meta property=\"og:image:type\" content=\"image\/webp\" \/>\n<meta name=\"twitter:card\" content=\"summary_large_image\" \/>\n<meta name=\"twitter:label1\" content=\"Dur\u00e9e de lecture estim\u00e9e\" \/>\n\t<meta name=\"twitter:data1\" content=\"1 minute\" \/>\n<script type=\"application\/ld+json\" class=\"yoast-schema-graph\">{\"@context\":\"https:\\\/\\\/schema.org\",\"@graph\":[{\"@type\":\"WebPage\",\"@id\":\"https:\\\/\\\/grllr.com\\\/product\\\/grllr-tokyo-shichirin-table-grill-round-red-3\\\/\",\"url\":\"https:\\\/\\\/grllr.com\\\/product\\\/grllr-tokyo-shichirin-table-grill-round-red-3\\\/\",\"name\":\"GRLLR Tokyo Shichirin | Red - GRLLR\",\"isPartOf\":{\"@id\":\"https:\\\/\\\/grllr.com\\\/nl\\\/#website\"},\"primaryImageOfPage\":{\"@id\":\"https:\\\/\\\/grllr.com\\\/product\\\/grllr-tokyo-shichirin-table-grill-round-red-3\\\/#primaryimage\"},\"image\":{\"@id\":\"https:\\\/\\\/grllr.com\\\/product\\\/grllr-tokyo-shichirin-table-grill-round-red-3\\\/#primaryimage\"},\"thumbnailUrl\":\"https:\\\/\\\/grllr.com\\\/wp-content\\\/uploads\\\/2023\\\/06\\\/tokyord-1.webp\",\"datePublished\":\"2023-06-08T13:27:14+00:00\",\"dateModified\":\"2026-03-05T13:09:30+00:00\",\"breadcrumb\":{\"@id\":\"https:\\\/\\\/grllr.com\\\/product\\\/grllr-tokyo-shichirin-table-grill-round-red-3\\\/#breadcrumb\"},\"inLanguage\":\"fr-FR\",\"potentialAction\":[{\"@type\":\"ReadAction\",\"target\":[\"https:\\\/\\\/grllr.com\\\/product\\\/grllr-tokyo-shichirin-table-grill-round-red-3\\\/\"]}]},{\"@type\":\"ImageObject\",\"inLanguage\":\"fr-FR\",\"@id\":\"https:\\\/\\\/grllr.com\\\/product\\\/grllr-tokyo-shichirin-table-grill-round-red-3\\\/#primaryimage\",\"url\":\"https:\\\/\\\/grllr.com\\\/wp-content\\\/uploads\\\/2023\\\/06\\\/tokyord-1.webp\",\"contentUrl\":\"https:\\\/\\\/grllr.com\\\/wp-content\\\/uploads\\\/2023\\\/06\\\/tokyord-1.webp\",\"width\":800,\"height\":800},{\"@type\":\"BreadcrumbList\",\"@id\":\"https:\\\/\\\/grllr.com\\\/product\\\/grllr-tokyo-shichirin-table-grill-round-red-3\\\/#breadcrumb\",\"itemListElement\":[{\"@type\":\"ListItem\",\"position\":1,\"name\":\"Home\",\"item\":\"https:\\\/\\\/grllr.com\\\/\"},{\"@type\":\"ListItem\",\"position\":2,\"name\":\"Producten\",\"item\":\"https:\\\/\\\/grllr.com\\\/nl\\\/shop\\\/\"},{\"@type\":\"ListItem\",\"position\":3,\"name\":\"GRLLR Tokyo Shichirin | Red\"}]},{\"@type\":\"WebSite\",\"@id\":\"https:\\\/\\\/grllr.com\\\/nl\\\/#website\",\"url\":\"https:\\\/\\\/grllr.com\\\/nl\\\/\",\"name\":\"GRLLR\",\"description\":\"The Joy Of Outdoor Cooking\",\"publisher\":{\"@id\":\"https:\\\/\\\/grllr.com\\\/nl\\\/#organization\"},\"alternateName\":\"Griller\",\"potentialAction\":[{\"@type\":\"SearchAction\",\"target\":{\"@type\":\"EntryPoint\",\"urlTemplate\":\"https:\\\/\\\/grllr.com\\\/nl\\\/?s={search_term_string}\"},\"query-input\":{\"@type\":\"PropertyValueSpecification\",\"valueRequired\":true,\"valueName\":\"search_term_string\"}}],\"inLanguage\":\"fr-FR\"},{\"@type\":\"Organization\",\"@id\":\"https:\\\/\\\/grllr.com\\\/nl\\\/#organization\",\"name\":\"The GRLLR Company\",\"alternateName\":\"GRLLR\",\"url\":\"https:\\\/\\\/grllr.com\\\/nl\\\/\",\"logo\":{\"@type\":\"ImageObject\",\"inLanguage\":\"fr-FR\",\"@id\":\"https:\\\/\\\/grllr.com\\\/nl\\\/#\\\/schema\\\/logo\\\/image\\\/\",\"url\":\"https:\\\/\\\/grllr.com\\\/wp-content\\\/uploads\\\/2023\\\/05\\\/logo.svg\",\"contentUrl\":\"https:\\\/\\\/grllr.com\\\/wp-content\\\/uploads\\\/2023\\\/05\\\/logo.svg\",\"width\":81,\"height\":50,\"caption\":\"The GRLLR Company\"},\"image\":{\"@id\":\"https:\\\/\\\/grllr.com\\\/nl\\\/#\\\/schema\\\/logo\\\/image\\\/\"},\"sameAs\":[\"https:\\\/\\\/www.instagram.com\\\/the.grllr\\\/\"],\"email\":\"connect@grllr.com\",\"legalName\":\"The GRLLR Company\",\"numberOfEmployees\":{\"@type\":\"QuantitativeValue\",\"minValue\":\"1\",\"maxValue\":\"10\"}}]}<\/script>\n<!-- \/ Yoast SEO Premium plugin. -->","yoast_head_json":{"title":"GRLLR Tokyo Shichirin | Red - GRLLR","robots":{"index":"index","follow":"follow","max-snippet":"max-snippet:-1","max-image-preview":"max-image-preview:large","max-video-preview":"max-video-preview:-1"},"canonical":"https:\/\/grllr.com\/fr\/produit\/grllr-tokyo-shichirin-table-grill-round-red-3\/","og_locale":"fr_FR","og_type":"article","og_title":"GRLLR Tokyo Shichirin | Red","og_description":"Experience the tradition of Shichirin grilling with the GRLLR Tokyo table grill, inspired by vibrant Japanese street restaurant culture. This round BBQ features sturdy ceramic construction, efficient heat retention, and ventilation for ideal airflow and temperature control, perfect for shared moments with friends and family.","og_url":"https:\/\/grllr.com\/fr\/produit\/grllr-tokyo-shichirin-table-grill-round-red-3\/","og_site_name":"GRLLR","article_modified_time":"2026-03-05T13:09:30+00:00","og_image":[{"width":800,"height":800,"url":"https:\/\/grllr.com\/wp-content\/uploads\/2023\/06\/tokyord-1.webp","type":"image\/webp"}],"twitter_card":"summary_large_image","twitter_misc":{"Dur\u00e9e de lecture estim\u00e9e":"1 minute"},"schema":{"@context":"https:\/\/schema.org","@graph":[{"@type":"WebPage","@id":"https:\/\/grllr.com\/product\/grllr-tokyo-shichirin-table-grill-round-red-3\/","url":"https:\/\/grllr.com\/product\/grllr-tokyo-shichirin-table-grill-round-red-3\/","name":"GRLLR Tokyo Shichirin | Red - GRLLR","isPartOf":{"@id":"https:\/\/grllr.com\/nl\/#website"},"primaryImageOfPage":{"@id":"https:\/\/grllr.com\/product\/grllr-tokyo-shichirin-table-grill-round-red-3\/#primaryimage"},"image":{"@id":"https:\/\/grllr.com\/product\/grllr-tokyo-shichirin-table-grill-round-red-3\/#primaryimage"},"thumbnailUrl":"https:\/\/grllr.com\/wp-content\/uploads\/2023\/06\/tokyord-1.webp","datePublished":"2023-06-08T13:27:14+00:00","dateModified":"2026-03-05T13:09:30+00:00","breadcrumb":{"@id":"https:\/\/grllr.com\/product\/grllr-tokyo-shichirin-table-grill-round-red-3\/#breadcrumb"},"inLanguage":"fr-FR","potentialAction":[{"@type":"ReadAction","target":["https:\/\/grllr.com\/product\/grllr-tokyo-shichirin-table-grill-round-red-3\/"]}]},{"@type":"ImageObject","inLanguage":"fr-FR","@id":"https:\/\/grllr.com\/product\/grllr-tokyo-shichirin-table-grill-round-red-3\/#primaryimage","url":"https:\/\/grllr.com\/wp-content\/uploads\/2023\/06\/tokyord-1.webp","contentUrl":"https:\/\/grllr.com\/wp-content\/uploads\/2023\/06\/tokyord-1.webp","width":800,"height":800},{"@type":"BreadcrumbList","@id":"https:\/\/grllr.com\/product\/grllr-tokyo-shichirin-table-grill-round-red-3\/#breadcrumb","itemListElement":[{"@type":"ListItem","position":1,"name":"Home","item":"https:\/\/grllr.com\/"},{"@type":"ListItem","position":2,"name":"Producten","item":"https:\/\/grllr.com\/nl\/shop\/"},{"@type":"ListItem","position":3,"name":"GRLLR Tokyo Shichirin | Red"}]},{"@type":"WebSite","@id":"https:\/\/grllr.com\/nl\/#website","url":"https:\/\/grllr.com\/nl\/","name":"GRLLR","description":"The Joy Of Outdoor Cooking","publisher":{"@id":"https:\/\/grllr.com\/nl\/#organization"},"alternateName":"Griller","potentialAction":[{"@type":"SearchAction","target":{"@type":"EntryPoint","urlTemplate":"https:\/\/grllr.com\/nl\/?s={search_term_string}"},"query-input":{"@type":"PropertyValueSpecification","valueRequired":true,"valueName":"search_term_string"}}],"inLanguage":"fr-FR"},{"@type":"Organization","@id":"https:\/\/grllr.com\/nl\/#organization","name":"The GRLLR Company","alternateName":"GRLLR","url":"https:\/\/grllr.com\/nl\/","logo":{"@type":"ImageObject","inLanguage":"fr-FR","@id":"https:\/\/grllr.com\/nl\/#\/schema\/logo\/image\/","url":"https:\/\/grllr.com\/wp-content\/uploads\/2023\/05\/logo.svg","contentUrl":"https:\/\/grllr.com\/wp-content\/uploads\/2023\/05\/logo.svg","width":81,"height":50,"caption":"The GRLLR Company"},"image":{"@id":"https:\/\/grllr.com\/nl\/#\/schema\/logo\/image\/"},"sameAs":["https:\/\/www.instagram.com\/the.grllr\/"],"email":"connect@grllr.com","legalName":"The GRLLR Company","numberOfEmployees":{"@type":"QuantitativeValue","minValue":"1","maxValue":"10"}}]}},"_links":{"self":[{"href":"https:\/\/grllr.com\/fr\/wp-json\/wp\/v2\/product\/1932","targetHints":{"allow":["GET"]}}],"collection":[{"href":"https:\/\/grllr.com\/fr\/wp-json\/wp\/v2\/product"}],"about":[{"href":"https:\/\/grllr.com\/fr\/wp-json\/wp\/v2\/types\/product"}],"replies":[{"embeddable":true,"href":"https:\/\/grllr.com\/fr\/wp-json\/wp\/v2\/comments?post=1932"}],"version-history":[{"count":1,"href":"https:\/\/grllr.com\/fr\/wp-json\/wp\/v2\/product\/1932\/revisions"}],"predecessor-version":[{"id":12353,"href":"https:\/\/grllr.com\/fr\/wp-json\/wp\/v2\/product\/1932\/revisions\/12353"}],"wp:featuredmedia":[{"embeddable":true,"href":"https:\/\/grllr.com\/fr\/wp-json\/wp\/v2\/media\/2222"}],"wp:attachment":[{"href":"https:\/\/grllr.com\/fr\/wp-json\/wp\/v2\/media?parent=1932"}],"wp:term":[{"taxonomy":"product_brand","embeddable":true,"href":"https:\/\/grllr.com\/fr\/wp-json\/wp\/v2\/product_brand?post=1932"},{"taxonomy":"product_cat","embeddable":true,"href":"https:\/\/grllr.com\/fr\/wp-json\/wp\/v2\/product_cat?post=1932"},{"taxonomy":"product_tag","embeddable":true,"href":"https:\/\/grllr.com\/fr\/wp-json\/wp\/v2\/product_tag?post=1932"}],"curies":[{"name":"wp","href":"https:\/\/api.w.org\/{rel}","templated":true}]}}