{"id":7729,"date":"2024-03-13T08:38:30","date_gmt":"2024-03-13T08:38:30","guid":{"rendered":"https:\/\/grllr.com\/?post_type=product&#038;p=7729"},"modified":"2024-07-24T11:05:45","modified_gmt":"2024-07-24T09:05:45","slug":"prime-g4s-cover","status":"publish","type":"product","link":"https:\/\/grllr.com\/es\/producto\/prime-g4s-cover\/","title":{"rendered":"Cubierta GRLLR Prime G4S"},"content":{"rendered":"<p>Protege tu Barbacoa de Gas GRLLR Prime G4S con la Funda GRLLR Prime G4S.<\/p>\n<p>Dise\u00f1ada para un ajuste perfecto, esta cubierta de alta calidad protege su parrilla de los elementos, garantizando a\u00f1os de perfectas condiciones. Construida con materiales duraderos y resistentes a la intemperie, resiste las duras condiciones exteriores y preserva la integridad de su parrilla.<\/p>\n<p>No haga concesiones: \u00a1asegure la longevidad de su barbacoa hoy!<\/p>","protected":false},"excerpt":{"rendered":"<p>Garantice la longevidad y el perfecto estado de su querida barbacoa de gas GRLLR Prime G3S con la cubierta GRLLR Prime G4S especialmente dise\u00f1ada. Esta funda de alta calidad est\u00e1 meticulosamente dise\u00f1ada para brindar un ajuste perfecto a su barbacoa de gas G3S, brindando la m\u00e1xima protecci\u00f3n contra los elementos y salvaguardando su parrilla en los a\u00f1os venideros.<\/p>","protected":false},"featured_media":7727,"comment_status":"open","ping_status":"closed","template":"","meta":{"_acf_changed":false},"product_brand":[],"product_cat":[81,126,77],"product_tag":[91,46],"class_list":{"0":"post-7729","1":"product","2":"type-product","3":"status-publish","4":"has-post-thumbnail","6":"product_cat-accessories","7":"product_cat-gas-accessories","8":"product_cat-prime-gas-barbecues","9":"product_tag-cover","10":"product_tag-prime","12":"first","13":"instock","14":"purchasable","15":"product-type-simple"},"acf":[],"yoast_head":"<!-- This site is optimized with the Yoast SEO Premium plugin v26.1 (Yoast SEO v27.4) - https:\/\/yoast.com\/product\/yoast-seo-premium-wordpress\/ -->\n<title>GRLLR Prime G4S Cover - GRLLR<\/title>\n<meta name=\"robots\" content=\"index, follow, max-snippet:-1, max-image-preview:large, max-video-preview:-1\" \/>\n<link rel=\"canonical\" href=\"https:\/\/grllr.com\/es\/producto\/prime-g4s-cover\/\" \/>\n<meta property=\"og:locale\" content=\"es_ES\" \/>\n<meta property=\"og:type\" content=\"article\" \/>\n<meta property=\"og:title\" content=\"GRLLR Prime G4S Cover\" \/>\n<meta property=\"og:description\" content=\"Ensure the longevity and pristine condition of your beloved GRLLR Prime G3S gas barbecue with the specially designed GRLLR Prime G4S Cover. This high-quality cover is meticulously crafted to provide a snug fit for your G3S gas barbecue, delivering ultimate protection against the elements and safeguarding your grill for years to come.\" \/>\n<meta property=\"og:url\" content=\"https:\/\/grllr.com\/es\/producto\/prime-g4s-cover\/\" \/>\n<meta property=\"og:site_name\" content=\"GRLLR\" \/>\n<meta property=\"article:modified_time\" content=\"2024-07-24T09:05:45+00:00\" \/>\n<meta property=\"og:image\" content=\"https:\/\/grllr.com\/wp-content\/uploads\/2024\/03\/Prime-Cover.jpg\" \/>\n\t<meta property=\"og:image:width\" content=\"800\" \/>\n\t<meta property=\"og:image:height\" content=\"800\" \/>\n\t<meta property=\"og:image:type\" content=\"image\/jpeg\" \/>\n<meta name=\"twitter:card\" content=\"summary_large_image\" \/>\n<script type=\"application\/ld+json\" class=\"yoast-schema-graph\">{\"@context\":\"https:\\\/\\\/schema.org\",\"@graph\":[{\"@type\":\"WebPage\",\"@id\":\"https:\\\/\\\/grllr.com\\\/product\\\/prime-g4s-cover\\\/\",\"url\":\"https:\\\/\\\/grllr.com\\\/product\\\/prime-g4s-cover\\\/\",\"name\":\"GRLLR Prime G4S Cover - GRLLR\",\"isPartOf\":{\"@id\":\"https:\\\/\\\/grllr.com\\\/nl\\\/#website\"},\"primaryImageOfPage\":{\"@id\":\"https:\\\/\\\/grllr.com\\\/product\\\/prime-g4s-cover\\\/#primaryimage\"},\"image\":{\"@id\":\"https:\\\/\\\/grllr.com\\\/product\\\/prime-g4s-cover\\\/#primaryimage\"},\"thumbnailUrl\":\"https:\\\/\\\/grllr.com\\\/wp-content\\\/uploads\\\/2024\\\/03\\\/Prime-Cover.jpg\",\"datePublished\":\"2024-03-13T08:38:30+00:00\",\"dateModified\":\"2024-07-24T09:05:45+00:00\",\"breadcrumb\":{\"@id\":\"https:\\\/\\\/grllr.com\\\/product\\\/prime-g4s-cover\\\/#breadcrumb\"},\"inLanguage\":\"es\",\"potentialAction\":[{\"@type\":\"ReadAction\",\"target\":[\"https:\\\/\\\/grllr.com\\\/product\\\/prime-g4s-cover\\\/\"]}]},{\"@type\":\"ImageObject\",\"inLanguage\":\"es\",\"@id\":\"https:\\\/\\\/grllr.com\\\/product\\\/prime-g4s-cover\\\/#primaryimage\",\"url\":\"https:\\\/\\\/grllr.com\\\/wp-content\\\/uploads\\\/2024\\\/03\\\/Prime-Cover.jpg\",\"contentUrl\":\"https:\\\/\\\/grllr.com\\\/wp-content\\\/uploads\\\/2024\\\/03\\\/Prime-Cover.jpg\",\"width\":800,\"height\":800},{\"@type\":\"BreadcrumbList\",\"@id\":\"https:\\\/\\\/grllr.com\\\/product\\\/prime-g4s-cover\\\/#breadcrumb\",\"itemListElement\":[{\"@type\":\"ListItem\",\"position\":1,\"name\":\"Home\",\"item\":\"https:\\\/\\\/grllr.com\\\/\"},{\"@type\":\"ListItem\",\"position\":2,\"name\":\"Producten\",\"item\":\"https:\\\/\\\/grllr.com\\\/nl\\\/shop\\\/\"},{\"@type\":\"ListItem\",\"position\":3,\"name\":\"Prime G4S Cover\"}]},{\"@type\":\"WebSite\",\"@id\":\"https:\\\/\\\/grllr.com\\\/nl\\\/#website\",\"url\":\"https:\\\/\\\/grllr.com\\\/nl\\\/\",\"name\":\"GRLLR\",\"description\":\"The Joy Of Outdoor Cooking\",\"publisher\":{\"@id\":\"https:\\\/\\\/grllr.com\\\/nl\\\/#organization\"},\"alternateName\":\"Griller\",\"potentialAction\":[{\"@type\":\"SearchAction\",\"target\":{\"@type\":\"EntryPoint\",\"urlTemplate\":\"https:\\\/\\\/grllr.com\\\/nl\\\/?s={search_term_string}\"},\"query-input\":{\"@type\":\"PropertyValueSpecification\",\"valueRequired\":true,\"valueName\":\"search_term_string\"}}],\"inLanguage\":\"es\"},{\"@type\":\"Organization\",\"@id\":\"https:\\\/\\\/grllr.com\\\/nl\\\/#organization\",\"name\":\"The GRLLR Company\",\"alternateName\":\"GRLLR\",\"url\":\"https:\\\/\\\/grllr.com\\\/nl\\\/\",\"logo\":{\"@type\":\"ImageObject\",\"inLanguage\":\"es\",\"@id\":\"https:\\\/\\\/grllr.com\\\/nl\\\/#\\\/schema\\\/logo\\\/image\\\/\",\"url\":\"https:\\\/\\\/grllr.com\\\/wp-content\\\/uploads\\\/2023\\\/05\\\/logo.svg\",\"contentUrl\":\"https:\\\/\\\/grllr.com\\\/wp-content\\\/uploads\\\/2023\\\/05\\\/logo.svg\",\"width\":81,\"height\":50,\"caption\":\"The GRLLR Company\"},\"image\":{\"@id\":\"https:\\\/\\\/grllr.com\\\/nl\\\/#\\\/schema\\\/logo\\\/image\\\/\"},\"sameAs\":[\"https:\\\/\\\/www.instagram.com\\\/the.grllr\\\/\"],\"email\":\"connect@grllr.com\",\"legalName\":\"The GRLLR Company\",\"numberOfEmployees\":{\"@type\":\"QuantitativeValue\",\"minValue\":\"1\",\"maxValue\":\"10\"}}]}<\/script>\n<!-- \/ Yoast SEO Premium plugin. -->","yoast_head_json":{"title":"GRLLR Prime G4S Cover - GRLLR","robots":{"index":"index","follow":"follow","max-snippet":"max-snippet:-1","max-image-preview":"max-image-preview:large","max-video-preview":"max-video-preview:-1"},"canonical":"https:\/\/grllr.com\/es\/producto\/prime-g4s-cover\/","og_locale":"es_ES","og_type":"article","og_title":"GRLLR Prime G4S Cover","og_description":"Ensure the longevity and pristine condition of your beloved GRLLR Prime G3S gas barbecue with the specially designed GRLLR Prime G4S Cover. This high-quality cover is meticulously crafted to provide a snug fit for your G3S gas barbecue, delivering ultimate protection against the elements and safeguarding your grill for years to come.","og_url":"https:\/\/grllr.com\/es\/producto\/prime-g4s-cover\/","og_site_name":"GRLLR","article_modified_time":"2024-07-24T09:05:45+00:00","og_image":[{"width":800,"height":800,"url":"https:\/\/grllr.com\/wp-content\/uploads\/2024\/03\/Prime-Cover.jpg","type":"image\/jpeg"}],"twitter_card":"summary_large_image","schema":{"@context":"https:\/\/schema.org","@graph":[{"@type":"WebPage","@id":"https:\/\/grllr.com\/product\/prime-g4s-cover\/","url":"https:\/\/grllr.com\/product\/prime-g4s-cover\/","name":"GRLLR Prime G4S Cover - GRLLR","isPartOf":{"@id":"https:\/\/grllr.com\/nl\/#website"},"primaryImageOfPage":{"@id":"https:\/\/grllr.com\/product\/prime-g4s-cover\/#primaryimage"},"image":{"@id":"https:\/\/grllr.com\/product\/prime-g4s-cover\/#primaryimage"},"thumbnailUrl":"https:\/\/grllr.com\/wp-content\/uploads\/2024\/03\/Prime-Cover.jpg","datePublished":"2024-03-13T08:38:30+00:00","dateModified":"2024-07-24T09:05:45+00:00","breadcrumb":{"@id":"https:\/\/grllr.com\/product\/prime-g4s-cover\/#breadcrumb"},"inLanguage":"es","potentialAction":[{"@type":"ReadAction","target":["https:\/\/grllr.com\/product\/prime-g4s-cover\/"]}]},{"@type":"ImageObject","inLanguage":"es","@id":"https:\/\/grllr.com\/product\/prime-g4s-cover\/#primaryimage","url":"https:\/\/grllr.com\/wp-content\/uploads\/2024\/03\/Prime-Cover.jpg","contentUrl":"https:\/\/grllr.com\/wp-content\/uploads\/2024\/03\/Prime-Cover.jpg","width":800,"height":800},{"@type":"BreadcrumbList","@id":"https:\/\/grllr.com\/product\/prime-g4s-cover\/#breadcrumb","itemListElement":[{"@type":"ListItem","position":1,"name":"Home","item":"https:\/\/grllr.com\/"},{"@type":"ListItem","position":2,"name":"Producten","item":"https:\/\/grllr.com\/nl\/shop\/"},{"@type":"ListItem","position":3,"name":"Prime G4S Cover"}]},{"@type":"WebSite","@id":"https:\/\/grllr.com\/nl\/#website","url":"https:\/\/grllr.com\/nl\/","name":"GRLLR","description":"The Joy Of Outdoor Cooking","publisher":{"@id":"https:\/\/grllr.com\/nl\/#organization"},"alternateName":"Griller","potentialAction":[{"@type":"SearchAction","target":{"@type":"EntryPoint","urlTemplate":"https:\/\/grllr.com\/nl\/?s={search_term_string}"},"query-input":{"@type":"PropertyValueSpecification","valueRequired":true,"valueName":"search_term_string"}}],"inLanguage":"es"},{"@type":"Organization","@id":"https:\/\/grllr.com\/nl\/#organization","name":"The GRLLR Company","alternateName":"GRLLR","url":"https:\/\/grllr.com\/nl\/","logo":{"@type":"ImageObject","inLanguage":"es","@id":"https:\/\/grllr.com\/nl\/#\/schema\/logo\/image\/","url":"https:\/\/grllr.com\/wp-content\/uploads\/2023\/05\/logo.svg","contentUrl":"https:\/\/grllr.com\/wp-content\/uploads\/2023\/05\/logo.svg","width":81,"height":50,"caption":"The GRLLR Company"},"image":{"@id":"https:\/\/grllr.com\/nl\/#\/schema\/logo\/image\/"},"sameAs":["https:\/\/www.instagram.com\/the.grllr\/"],"email":"connect@grllr.com","legalName":"The GRLLR Company","numberOfEmployees":{"@type":"QuantitativeValue","minValue":"1","maxValue":"10"}}]}},"_links":{"self":[{"href":"https:\/\/grllr.com\/es\/wp-json\/wp\/v2\/product\/7729","targetHints":{"allow":["GET"]}}],"collection":[{"href":"https:\/\/grllr.com\/es\/wp-json\/wp\/v2\/product"}],"about":[{"href":"https:\/\/grllr.com\/es\/wp-json\/wp\/v2\/types\/product"}],"replies":[{"embeddable":true,"href":"https:\/\/grllr.com\/es\/wp-json\/wp\/v2\/comments?post=7729"}],"version-history":[{"count":0,"href":"https:\/\/grllr.com\/es\/wp-json\/wp\/v2\/product\/7729\/revisions"}],"wp:featuredmedia":[{"embeddable":true,"href":"https:\/\/grllr.com\/es\/wp-json\/wp\/v2\/media\/7727"}],"wp:attachment":[{"href":"https:\/\/grllr.com\/es\/wp-json\/wp\/v2\/media?parent=7729"}],"wp:term":[{"taxonomy":"product_brand","embeddable":true,"href":"https:\/\/grllr.com\/es\/wp-json\/wp\/v2\/product_brand?post=7729"},{"taxonomy":"product_cat","embeddable":true,"href":"https:\/\/grllr.com\/es\/wp-json\/wp\/v2\/product_cat?post=7729"},{"taxonomy":"product_tag","embeddable":true,"href":"https:\/\/grllr.com\/es\/wp-json\/wp\/v2\/product_tag?post=7729"}],"curies":[{"name":"wp","href":"https:\/\/api.w.org\/{rel}","templated":true}]}}