{"id":1983,"date":"2023-06-08T13:27:24","date_gmt":"2023-06-08T13:27:24","guid":{"rendered":"https:\/\/grllr.com\/product\/grllr-cast-iron-grill-grid-for-ember-16-inch\/"},"modified":"2024-07-25T09:55:40","modified_gmt":"2024-07-25T07:55:40","slug":"ember-cast-iron-grill-grid-16","status":"publish","type":"product","link":"https:\/\/grllr.com\/es\/producto\/ember-cast-iron-grill-grid-16\/","title":{"rendered":"Parrilla de hierro fundido GRLLR para Ember de 16 pulgadas"},"content":{"rendered":"<p>Mejore su experiencia de cocina Ember de 16 pulgadas con la parrilla de hierro fundido GRLLR<\/p>\n<p>Lleve su parrillada al siguiente nivel con la parrilla de hierro fundido GRLLR, el accesorio perfecto para su kamado GRLLR Ember de 16 pulgadas. Fabricada con hierro fundido duradero, esta parrilla premium est\u00e1 dise\u00f1ada para reemplazar la parrilla est\u00e1ndar de acero inoxidable, elevando sus capacidades de cocci\u00f3n y brindando resultados excepcionales.<\/p>\n<p>&nbsp;<\/p>","protected":false},"excerpt":{"rendered":"<p>Enhance Your Ember 16 Inch Cooking Experience with the GRLLR Cast Iron Grill Grid Take your grilling to the next level with the GRLLR Cast Iron Grill Grid, the perfect accessory for your GRLLR Ember 16 inch kamado. Crafted from durable cast iron, this premium grill grid is designed to replace the standard stainless steel [&hellip;]<\/p>\n","protected":false},"featured_media":7753,"comment_status":"open","ping_status":"closed","template":"","meta":{"_acf_changed":false},"product_brand":[],"product_cat":[81,78,125],"product_tag":[82,50,83],"class_list":{"0":"post-1983","1":"product","2":"type-product","3":"status-publish","4":"has-post-thumbnail","6":"product_cat-accessories","7":"product_cat-ember-kamados","8":"product_cat-kamado-accessories","9":"product_tag-accessory","10":"product_tag-ember","11":"product_tag-ember-accessory","13":"first","14":"instock","15":"purchasable","16":"product-type-simple"},"acf":[],"yoast_head":"<!-- This site is optimized with the Yoast SEO Premium plugin v26.1 (Yoast SEO v27.4) - https:\/\/yoast.com\/product\/yoast-seo-premium-wordpress\/ -->\n<title>GRLLR Cast Iron Grill Grid for Ember 16 inch - GRLLR<\/title>\n<meta name=\"robots\" content=\"index, follow, max-snippet:-1, max-image-preview:large, max-video-preview:-1\" \/>\n<link rel=\"canonical\" href=\"https:\/\/grllr.com\/es\/producto\/ember-cast-iron-grill-grid-16\/\" \/>\n<meta property=\"og:locale\" content=\"es_ES\" \/>\n<meta property=\"og:type\" content=\"article\" \/>\n<meta property=\"og:title\" content=\"GRLLR Cast Iron Grill Grid for Ember 16 inch\" \/>\n<meta property=\"og:description\" content=\"Enhance Your Ember 16 Inch Cooking Experience with the GRLLR Cast Iron Grill Grid Take your grilling to the next level with the GRLLR Cast Iron Grill Grid, the perfect accessory for your GRLLR Ember 16 inch kamado. Crafted from durable cast iron, this premium grill grid is designed to replace the standard stainless steel [&hellip;]\" \/>\n<meta property=\"og:url\" content=\"https:\/\/grllr.com\/es\/producto\/ember-cast-iron-grill-grid-16\/\" \/>\n<meta property=\"og:site_name\" content=\"GRLLR\" \/>\n<meta property=\"article:modified_time\" content=\"2024-07-25T07:55:40+00:00\" \/>\n<meta property=\"og:image\" content=\"https:\/\/grllr.com\/wp-content\/uploads\/2023\/06\/Ember-Grill-Grid.jpg\" \/>\n\t<meta property=\"og:image:width\" content=\"800\" \/>\n\t<meta property=\"og:image:height\" content=\"800\" \/>\n\t<meta property=\"og:image:type\" content=\"image\/jpeg\" \/>\n<meta name=\"twitter:card\" content=\"summary_large_image\" \/>\n<script type=\"application\/ld+json\" class=\"yoast-schema-graph\">{\"@context\":\"https:\\\/\\\/schema.org\",\"@graph\":[{\"@type\":\"WebPage\",\"@id\":\"https:\\\/\\\/grllr.com\\\/product\\\/ember-cast-iron-grill-grid-16\\\/\",\"url\":\"https:\\\/\\\/grllr.com\\\/product\\\/ember-cast-iron-grill-grid-16\\\/\",\"name\":\"GRLLR Cast Iron Grill Grid for Ember 16 inch - GRLLR\",\"isPartOf\":{\"@id\":\"https:\\\/\\\/grllr.com\\\/nl\\\/#website\"},\"primaryImageOfPage\":{\"@id\":\"https:\\\/\\\/grllr.com\\\/product\\\/ember-cast-iron-grill-grid-16\\\/#primaryimage\"},\"image\":{\"@id\":\"https:\\\/\\\/grllr.com\\\/product\\\/ember-cast-iron-grill-grid-16\\\/#primaryimage\"},\"thumbnailUrl\":\"https:\\\/\\\/grllr.com\\\/wp-content\\\/uploads\\\/2023\\\/06\\\/Ember-Grill-Grid.jpg\",\"datePublished\":\"2023-06-08T13:27:24+00:00\",\"dateModified\":\"2024-07-25T07:55:40+00:00\",\"breadcrumb\":{\"@id\":\"https:\\\/\\\/grllr.com\\\/product\\\/ember-cast-iron-grill-grid-16\\\/#breadcrumb\"},\"inLanguage\":\"es\",\"potentialAction\":[{\"@type\":\"ReadAction\",\"target\":[\"https:\\\/\\\/grllr.com\\\/product\\\/ember-cast-iron-grill-grid-16\\\/\"]}]},{\"@type\":\"ImageObject\",\"inLanguage\":\"es\",\"@id\":\"https:\\\/\\\/grllr.com\\\/product\\\/ember-cast-iron-grill-grid-16\\\/#primaryimage\",\"url\":\"https:\\\/\\\/grllr.com\\\/wp-content\\\/uploads\\\/2023\\\/06\\\/Ember-Grill-Grid.jpg\",\"contentUrl\":\"https:\\\/\\\/grllr.com\\\/wp-content\\\/uploads\\\/2023\\\/06\\\/Ember-Grill-Grid.jpg\",\"width\":800,\"height\":800},{\"@type\":\"BreadcrumbList\",\"@id\":\"https:\\\/\\\/grllr.com\\\/product\\\/ember-cast-iron-grill-grid-16\\\/#breadcrumb\",\"itemListElement\":[{\"@type\":\"ListItem\",\"position\":1,\"name\":\"Home\",\"item\":\"https:\\\/\\\/grllr.com\\\/\"},{\"@type\":\"ListItem\",\"position\":2,\"name\":\"Producten\",\"item\":\"https:\\\/\\\/grllr.com\\\/nl\\\/shop\\\/\"},{\"@type\":\"ListItem\",\"position\":3,\"name\":\"Cast Iron Grill Grid for Ember 16 inch\"}]},{\"@type\":\"WebSite\",\"@id\":\"https:\\\/\\\/grllr.com\\\/nl\\\/#website\",\"url\":\"https:\\\/\\\/grllr.com\\\/nl\\\/\",\"name\":\"GRLLR\",\"description\":\"The Joy Of Outdoor Cooking\",\"publisher\":{\"@id\":\"https:\\\/\\\/grllr.com\\\/nl\\\/#organization\"},\"alternateName\":\"Griller\",\"potentialAction\":[{\"@type\":\"SearchAction\",\"target\":{\"@type\":\"EntryPoint\",\"urlTemplate\":\"https:\\\/\\\/grllr.com\\\/nl\\\/?s={search_term_string}\"},\"query-input\":{\"@type\":\"PropertyValueSpecification\",\"valueRequired\":true,\"valueName\":\"search_term_string\"}}],\"inLanguage\":\"es\"},{\"@type\":\"Organization\",\"@id\":\"https:\\\/\\\/grllr.com\\\/nl\\\/#organization\",\"name\":\"The GRLLR Company\",\"alternateName\":\"GRLLR\",\"url\":\"https:\\\/\\\/grllr.com\\\/nl\\\/\",\"logo\":{\"@type\":\"ImageObject\",\"inLanguage\":\"es\",\"@id\":\"https:\\\/\\\/grllr.com\\\/nl\\\/#\\\/schema\\\/logo\\\/image\\\/\",\"url\":\"https:\\\/\\\/grllr.com\\\/wp-content\\\/uploads\\\/2023\\\/05\\\/logo.svg\",\"contentUrl\":\"https:\\\/\\\/grllr.com\\\/wp-content\\\/uploads\\\/2023\\\/05\\\/logo.svg\",\"width\":81,\"height\":50,\"caption\":\"The GRLLR Company\"},\"image\":{\"@id\":\"https:\\\/\\\/grllr.com\\\/nl\\\/#\\\/schema\\\/logo\\\/image\\\/\"},\"sameAs\":[\"https:\\\/\\\/www.instagram.com\\\/the.grllr\\\/\"],\"email\":\"connect@grllr.com\",\"legalName\":\"The GRLLR Company\",\"numberOfEmployees\":{\"@type\":\"QuantitativeValue\",\"minValue\":\"1\",\"maxValue\":\"10\"}}]}<\/script>\n<!-- \/ Yoast SEO Premium plugin. -->","yoast_head_json":{"title":"GRLLR Cast Iron Grill Grid for Ember 16 inch - GRLLR","robots":{"index":"index","follow":"follow","max-snippet":"max-snippet:-1","max-image-preview":"max-image-preview:large","max-video-preview":"max-video-preview:-1"},"canonical":"https:\/\/grllr.com\/es\/producto\/ember-cast-iron-grill-grid-16\/","og_locale":"es_ES","og_type":"article","og_title":"GRLLR Cast Iron Grill Grid for Ember 16 inch","og_description":"Enhance Your Ember 16 Inch Cooking Experience with the GRLLR Cast Iron Grill Grid Take your grilling to the next level with the GRLLR Cast Iron Grill Grid, the perfect accessory for your GRLLR Ember 16 inch kamado. Crafted from durable cast iron, this premium grill grid is designed to replace the standard stainless steel [&hellip;]","og_url":"https:\/\/grllr.com\/es\/producto\/ember-cast-iron-grill-grid-16\/","og_site_name":"GRLLR","article_modified_time":"2024-07-25T07:55:40+00:00","og_image":[{"width":800,"height":800,"url":"https:\/\/grllr.com\/wp-content\/uploads\/2023\/06\/Ember-Grill-Grid.jpg","type":"image\/jpeg"}],"twitter_card":"summary_large_image","schema":{"@context":"https:\/\/schema.org","@graph":[{"@type":"WebPage","@id":"https:\/\/grllr.com\/product\/ember-cast-iron-grill-grid-16\/","url":"https:\/\/grllr.com\/product\/ember-cast-iron-grill-grid-16\/","name":"GRLLR Cast Iron Grill Grid for Ember 16 inch - GRLLR","isPartOf":{"@id":"https:\/\/grllr.com\/nl\/#website"},"primaryImageOfPage":{"@id":"https:\/\/grllr.com\/product\/ember-cast-iron-grill-grid-16\/#primaryimage"},"image":{"@id":"https:\/\/grllr.com\/product\/ember-cast-iron-grill-grid-16\/#primaryimage"},"thumbnailUrl":"https:\/\/grllr.com\/wp-content\/uploads\/2023\/06\/Ember-Grill-Grid.jpg","datePublished":"2023-06-08T13:27:24+00:00","dateModified":"2024-07-25T07:55:40+00:00","breadcrumb":{"@id":"https:\/\/grllr.com\/product\/ember-cast-iron-grill-grid-16\/#breadcrumb"},"inLanguage":"es","potentialAction":[{"@type":"ReadAction","target":["https:\/\/grllr.com\/product\/ember-cast-iron-grill-grid-16\/"]}]},{"@type":"ImageObject","inLanguage":"es","@id":"https:\/\/grllr.com\/product\/ember-cast-iron-grill-grid-16\/#primaryimage","url":"https:\/\/grllr.com\/wp-content\/uploads\/2023\/06\/Ember-Grill-Grid.jpg","contentUrl":"https:\/\/grllr.com\/wp-content\/uploads\/2023\/06\/Ember-Grill-Grid.jpg","width":800,"height":800},{"@type":"BreadcrumbList","@id":"https:\/\/grllr.com\/product\/ember-cast-iron-grill-grid-16\/#breadcrumb","itemListElement":[{"@type":"ListItem","position":1,"name":"Home","item":"https:\/\/grllr.com\/"},{"@type":"ListItem","position":2,"name":"Producten","item":"https:\/\/grllr.com\/nl\/shop\/"},{"@type":"ListItem","position":3,"name":"Cast Iron Grill Grid for Ember 16 inch"}]},{"@type":"WebSite","@id":"https:\/\/grllr.com\/nl\/#website","url":"https:\/\/grllr.com\/nl\/","name":"GRLLR","description":"The Joy Of Outdoor Cooking","publisher":{"@id":"https:\/\/grllr.com\/nl\/#organization"},"alternateName":"Griller","potentialAction":[{"@type":"SearchAction","target":{"@type":"EntryPoint","urlTemplate":"https:\/\/grllr.com\/nl\/?s={search_term_string}"},"query-input":{"@type":"PropertyValueSpecification","valueRequired":true,"valueName":"search_term_string"}}],"inLanguage":"es"},{"@type":"Organization","@id":"https:\/\/grllr.com\/nl\/#organization","name":"The GRLLR Company","alternateName":"GRLLR","url":"https:\/\/grllr.com\/nl\/","logo":{"@type":"ImageObject","inLanguage":"es","@id":"https:\/\/grllr.com\/nl\/#\/schema\/logo\/image\/","url":"https:\/\/grllr.com\/wp-content\/uploads\/2023\/05\/logo.svg","contentUrl":"https:\/\/grllr.com\/wp-content\/uploads\/2023\/05\/logo.svg","width":81,"height":50,"caption":"The GRLLR Company"},"image":{"@id":"https:\/\/grllr.com\/nl\/#\/schema\/logo\/image\/"},"sameAs":["https:\/\/www.instagram.com\/the.grllr\/"],"email":"connect@grllr.com","legalName":"The GRLLR Company","numberOfEmployees":{"@type":"QuantitativeValue","minValue":"1","maxValue":"10"}}]}},"_links":{"self":[{"href":"https:\/\/grllr.com\/es\/wp-json\/wp\/v2\/product\/1983","targetHints":{"allow":["GET"]}}],"collection":[{"href":"https:\/\/grllr.com\/es\/wp-json\/wp\/v2\/product"}],"about":[{"href":"https:\/\/grllr.com\/es\/wp-json\/wp\/v2\/types\/product"}],"replies":[{"embeddable":true,"href":"https:\/\/grllr.com\/es\/wp-json\/wp\/v2\/comments?post=1983"}],"version-history":[{"count":0,"href":"https:\/\/grllr.com\/es\/wp-json\/wp\/v2\/product\/1983\/revisions"}],"wp:featuredmedia":[{"embeddable":true,"href":"https:\/\/grllr.com\/es\/wp-json\/wp\/v2\/media\/7753"}],"wp:attachment":[{"href":"https:\/\/grllr.com\/es\/wp-json\/wp\/v2\/media?parent=1983"}],"wp:term":[{"taxonomy":"product_brand","embeddable":true,"href":"https:\/\/grllr.com\/es\/wp-json\/wp\/v2\/product_brand?post=1983"},{"taxonomy":"product_cat","embeddable":true,"href":"https:\/\/grllr.com\/es\/wp-json\/wp\/v2\/product_cat?post=1983"},{"taxonomy":"product_tag","embeddable":true,"href":"https:\/\/grllr.com\/es\/wp-json\/wp\/v2\/product_tag?post=1983"}],"curies":[{"name":"wp","href":"https:\/\/api.w.org\/{rel}","templated":true}]}}