{"id":1938,"date":"2023-06-08T13:27:15","date_gmt":"2023-06-08T13:27:15","guid":{"rendered":"https:\/\/grllr.com\/product\/grllr-korean-barbecue-cook-unit-for-tokyo-shichirin-3\/"},"modified":"2024-07-25T10:20:11","modified_gmt":"2024-07-25T08:20:11","slug":"grllr-korean-barbecue-cook-unit-for-tokyo-shichirin-3","status":"publish","type":"product","link":"https:\/\/grllr.com\/es\/producto\/grllr-korean-barbecue-cook-unit-for-tokyo-shichirin-3\/","title":{"rendered":"Unidad de cocci\u00f3n de barbacoa coreana GRLLR para Tokio Shichirin"},"content":{"rendered":"<p><span style=\"font-weight: 400;\">\u00bfQuiere llevar el calor de la barbacoa coreana a la mesa de su jard\u00edn? No busque m\u00e1s, la unidad de cocci\u00f3n para barbacoa coreana GRLLR, dise\u00f1ada para funcionar perfectamente con su GRLLR Tokyo Shichirin. Con su parrilla de aluminio en forma de c\u00fapula, esta unidad drena grasas, aceites y jugos de las carnes, pescados o verduras, lo que da como resultado una comida deliciosa y saludable. Instale f\u00e1cilmente la unidad de cocci\u00f3n quitando la rejilla de la parrilla con el elevador incluido y colocando la unidad en su Shichirin. \u00a1Prep\u00e1rate para experimentar la mejor barbacoa coreana en tu propio patio trasero!<\/span><\/p>","protected":false},"excerpt":{"rendered":"<p>Looking to bring the heat of Korean Barbecue to your garden table? Look no further than the GRLLR Korean Barbecue Cook Unit, designed to work seamlessly with your GRLLR Tokyo Shichirin. With its dome-shaped aluminium grill plate, this unit drains fats, oils, and juices away from your meats, fish, or veggies, resulting in a delicious [&hellip;]<\/p>\n","protected":false},"featured_media":2213,"comment_status":"open","ping_status":"closed","template":"","meta":{"_acf_changed":false},"product_brand":[],"product_cat":[81,182,80],"product_tag":[44],"class_list":{"0":"post-1938","1":"product","2":"type-product","3":"status-publish","4":"has-post-thumbnail","6":"product_cat-accessories","7":"product_cat-table-bbq-accessories","8":"product_cat-table-bbqs","9":"product_tag-shichirin","11":"first","12":"instock","13":"purchasable","14":"product-type-simple"},"acf":[],"yoast_head":"<!-- This site is optimized with the Yoast SEO Premium plugin v26.1 (Yoast SEO v27.5) - https:\/\/yoast.com\/product\/yoast-seo-premium-wordpress\/ -->\n<title>GRLLR Korean Barbecue Cook Unit for Tokyo Shichirin - GRLLR<\/title>\n<meta name=\"robots\" content=\"index, follow, max-snippet:-1, max-image-preview:large, max-video-preview:-1\" \/>\n<link rel=\"canonical\" href=\"https:\/\/grllr.com\/es\/producto\/grllr-korean-barbecue-cook-unit-for-tokyo-shichirin-3\/\" \/>\n<meta property=\"og:locale\" content=\"es_ES\" \/>\n<meta property=\"og:type\" content=\"article\" \/>\n<meta property=\"og:title\" content=\"GRLLR Korean Barbecue Cook Unit for Tokyo Shichirin\" \/>\n<meta property=\"og:description\" content=\"Looking to bring the heat of Korean Barbecue to your garden table? Look no further than the GRLLR Korean Barbecue Cook Unit, designed to work seamlessly with your GRLLR Tokyo Shichirin. With its dome-shaped aluminium grill plate, this unit drains fats, oils, and juices away from your meats, fish, or veggies, resulting in a delicious [&hellip;]\" \/>\n<meta property=\"og:url\" content=\"https:\/\/grllr.com\/es\/producto\/grllr-korean-barbecue-cook-unit-for-tokyo-shichirin-3\/\" \/>\n<meta property=\"og:site_name\" content=\"GRLLR\" \/>\n<meta property=\"article:modified_time\" content=\"2024-07-25T08:20:11+00:00\" \/>\n<meta property=\"og:image\" content=\"https:\/\/grllr.com\/wp-content\/uploads\/2023\/06\/koreanunit-1.webp\" \/>\n\t<meta property=\"og:image:width\" content=\"800\" \/>\n\t<meta property=\"og:image:height\" content=\"800\" \/>\n\t<meta property=\"og:image:type\" content=\"image\/webp\" \/>\n<meta name=\"twitter:card\" content=\"summary_large_image\" \/>\n<script type=\"application\/ld+json\" class=\"yoast-schema-graph\">{\"@context\":\"https:\\\/\\\/schema.org\",\"@graph\":[{\"@type\":\"WebPage\",\"@id\":\"https:\\\/\\\/grllr.com\\\/es\\\/producto\\\/grllr-korean-barbecue-cook-unit-for-tokyo-shichirin-3\\\/\",\"url\":\"https:\\\/\\\/grllr.com\\\/es\\\/producto\\\/grllr-korean-barbecue-cook-unit-for-tokyo-shichirin-3\\\/\",\"name\":\"GRLLR Korean Barbecue Cook Unit for Tokyo Shichirin - GRLLR\",\"isPartOf\":{\"@id\":\"https:\\\/\\\/grllr.com\\\/nl\\\/#website\"},\"primaryImageOfPage\":{\"@id\":\"https:\\\/\\\/grllr.com\\\/es\\\/producto\\\/grllr-korean-barbecue-cook-unit-for-tokyo-shichirin-3\\\/#primaryimage\"},\"image\":{\"@id\":\"https:\\\/\\\/grllr.com\\\/es\\\/producto\\\/grllr-korean-barbecue-cook-unit-for-tokyo-shichirin-3\\\/#primaryimage\"},\"thumbnailUrl\":\"https:\\\/\\\/grllr.com\\\/wp-content\\\/uploads\\\/2023\\\/06\\\/koreanunit-1.webp\",\"datePublished\":\"2023-06-08T13:27:15+00:00\",\"dateModified\":\"2024-07-25T08:20:11+00:00\",\"breadcrumb\":{\"@id\":\"https:\\\/\\\/grllr.com\\\/es\\\/producto\\\/grllr-korean-barbecue-cook-unit-for-tokyo-shichirin-3\\\/#breadcrumb\"},\"inLanguage\":\"es\",\"potentialAction\":[{\"@type\":\"ReadAction\",\"target\":[\"https:\\\/\\\/grllr.com\\\/es\\\/producto\\\/grllr-korean-barbecue-cook-unit-for-tokyo-shichirin-3\\\/\"]}]},{\"@type\":\"ImageObject\",\"inLanguage\":\"es\",\"@id\":\"https:\\\/\\\/grllr.com\\\/es\\\/producto\\\/grllr-korean-barbecue-cook-unit-for-tokyo-shichirin-3\\\/#primaryimage\",\"url\":\"https:\\\/\\\/grllr.com\\\/wp-content\\\/uploads\\\/2023\\\/06\\\/koreanunit-1.webp\",\"contentUrl\":\"https:\\\/\\\/grllr.com\\\/wp-content\\\/uploads\\\/2023\\\/06\\\/koreanunit-1.webp\",\"width\":800,\"height\":800},{\"@type\":\"BreadcrumbList\",\"@id\":\"https:\\\/\\\/grllr.com\\\/es\\\/producto\\\/grllr-korean-barbecue-cook-unit-for-tokyo-shichirin-3\\\/#breadcrumb\",\"itemListElement\":[{\"@type\":\"ListItem\",\"position\":1,\"name\":\"Home\",\"item\":\"https:\\\/\\\/grllr.com\\\/\"},{\"@type\":\"ListItem\",\"position\":2,\"name\":\"Producten\",\"item\":\"https:\\\/\\\/grllr.com\\\/nl\\\/shop\\\/\"},{\"@type\":\"ListItem\",\"position\":3,\"name\":\"Korean Barbecue Cook Unit for Tokyo Shichirin\"}]},{\"@type\":\"WebSite\",\"@id\":\"https:\\\/\\\/grllr.com\\\/nl\\\/#website\",\"url\":\"https:\\\/\\\/grllr.com\\\/nl\\\/\",\"name\":\"GRLLR\",\"description\":\"The Joy Of Outdoor Cooking\",\"publisher\":{\"@id\":\"https:\\\/\\\/grllr.com\\\/nl\\\/#organization\"},\"alternateName\":\"Griller\",\"potentialAction\":[{\"@type\":\"SearchAction\",\"target\":{\"@type\":\"EntryPoint\",\"urlTemplate\":\"https:\\\/\\\/grllr.com\\\/nl\\\/?s={search_term_string}\"},\"query-input\":{\"@type\":\"PropertyValueSpecification\",\"valueRequired\":true,\"valueName\":\"search_term_string\"}}],\"inLanguage\":\"es\"},{\"@type\":\"Organization\",\"@id\":\"https:\\\/\\\/grllr.com\\\/nl\\\/#organization\",\"name\":\"The GRLLR Company\",\"alternateName\":\"GRLLR\",\"url\":\"https:\\\/\\\/grllr.com\\\/nl\\\/\",\"logo\":{\"@type\":\"ImageObject\",\"inLanguage\":\"es\",\"@id\":\"https:\\\/\\\/grllr.com\\\/nl\\\/#\\\/schema\\\/logo\\\/image\\\/\",\"url\":\"https:\\\/\\\/grllr.com\\\/wp-content\\\/uploads\\\/2023\\\/05\\\/logo.svg\",\"contentUrl\":\"https:\\\/\\\/grllr.com\\\/wp-content\\\/uploads\\\/2023\\\/05\\\/logo.svg\",\"width\":81,\"height\":50,\"caption\":\"The GRLLR Company\"},\"image\":{\"@id\":\"https:\\\/\\\/grllr.com\\\/nl\\\/#\\\/schema\\\/logo\\\/image\\\/\"},\"sameAs\":[\"https:\\\/\\\/www.instagram.com\\\/the.grllr\\\/\"],\"email\":\"connect@grllr.com\",\"legalName\":\"The GRLLR Company\",\"numberOfEmployees\":{\"@type\":\"QuantitativeValue\",\"minValue\":\"1\",\"maxValue\":\"10\"}}]}<\/script>\n<!-- \/ Yoast SEO Premium plugin. -->","yoast_head_json":{"title":"GRLLR Korean Barbecue Cook Unit for Tokyo Shichirin - GRLLR","robots":{"index":"index","follow":"follow","max-snippet":"max-snippet:-1","max-image-preview":"max-image-preview:large","max-video-preview":"max-video-preview:-1"},"canonical":"https:\/\/grllr.com\/es\/producto\/grllr-korean-barbecue-cook-unit-for-tokyo-shichirin-3\/","og_locale":"es_ES","og_type":"article","og_title":"GRLLR Korean Barbecue Cook Unit for Tokyo Shichirin","og_description":"Looking to bring the heat of Korean Barbecue to your garden table? Look no further than the GRLLR Korean Barbecue Cook Unit, designed to work seamlessly with your GRLLR Tokyo Shichirin. With its dome-shaped aluminium grill plate, this unit drains fats, oils, and juices away from your meats, fish, or veggies, resulting in a delicious [&hellip;]","og_url":"https:\/\/grllr.com\/es\/producto\/grllr-korean-barbecue-cook-unit-for-tokyo-shichirin-3\/","og_site_name":"GRLLR","article_modified_time":"2024-07-25T08:20:11+00:00","og_image":[{"width":800,"height":800,"url":"https:\/\/grllr.com\/wp-content\/uploads\/2023\/06\/koreanunit-1.webp","type":"image\/webp"}],"twitter_card":"summary_large_image","schema":{"@context":"https:\/\/schema.org","@graph":[{"@type":"WebPage","@id":"https:\/\/grllr.com\/es\/producto\/grllr-korean-barbecue-cook-unit-for-tokyo-shichirin-3\/","url":"https:\/\/grllr.com\/es\/producto\/grllr-korean-barbecue-cook-unit-for-tokyo-shichirin-3\/","name":"GRLLR Korean Barbecue Cook Unit for Tokyo Shichirin - GRLLR","isPartOf":{"@id":"https:\/\/grllr.com\/nl\/#website"},"primaryImageOfPage":{"@id":"https:\/\/grllr.com\/es\/producto\/grllr-korean-barbecue-cook-unit-for-tokyo-shichirin-3\/#primaryimage"},"image":{"@id":"https:\/\/grllr.com\/es\/producto\/grllr-korean-barbecue-cook-unit-for-tokyo-shichirin-3\/#primaryimage"},"thumbnailUrl":"https:\/\/grllr.com\/wp-content\/uploads\/2023\/06\/koreanunit-1.webp","datePublished":"2023-06-08T13:27:15+00:00","dateModified":"2024-07-25T08:20:11+00:00","breadcrumb":{"@id":"https:\/\/grllr.com\/es\/producto\/grllr-korean-barbecue-cook-unit-for-tokyo-shichirin-3\/#breadcrumb"},"inLanguage":"es","potentialAction":[{"@type":"ReadAction","target":["https:\/\/grllr.com\/es\/producto\/grllr-korean-barbecue-cook-unit-for-tokyo-shichirin-3\/"]}]},{"@type":"ImageObject","inLanguage":"es","@id":"https:\/\/grllr.com\/es\/producto\/grllr-korean-barbecue-cook-unit-for-tokyo-shichirin-3\/#primaryimage","url":"https:\/\/grllr.com\/wp-content\/uploads\/2023\/06\/koreanunit-1.webp","contentUrl":"https:\/\/grllr.com\/wp-content\/uploads\/2023\/06\/koreanunit-1.webp","width":800,"height":800},{"@type":"BreadcrumbList","@id":"https:\/\/grllr.com\/es\/producto\/grllr-korean-barbecue-cook-unit-for-tokyo-shichirin-3\/#breadcrumb","itemListElement":[{"@type":"ListItem","position":1,"name":"Home","item":"https:\/\/grllr.com\/"},{"@type":"ListItem","position":2,"name":"Producten","item":"https:\/\/grllr.com\/nl\/shop\/"},{"@type":"ListItem","position":3,"name":"Korean Barbecue Cook Unit for Tokyo Shichirin"}]},{"@type":"WebSite","@id":"https:\/\/grllr.com\/nl\/#website","url":"https:\/\/grllr.com\/nl\/","name":"GRLLR","description":"The Joy Of Outdoor Cooking","publisher":{"@id":"https:\/\/grllr.com\/nl\/#organization"},"alternateName":"Griller","potentialAction":[{"@type":"SearchAction","target":{"@type":"EntryPoint","urlTemplate":"https:\/\/grllr.com\/nl\/?s={search_term_string}"},"query-input":{"@type":"PropertyValueSpecification","valueRequired":true,"valueName":"search_term_string"}}],"inLanguage":"es"},{"@type":"Organization","@id":"https:\/\/grllr.com\/nl\/#organization","name":"The GRLLR Company","alternateName":"GRLLR","url":"https:\/\/grllr.com\/nl\/","logo":{"@type":"ImageObject","inLanguage":"es","@id":"https:\/\/grllr.com\/nl\/#\/schema\/logo\/image\/","url":"https:\/\/grllr.com\/wp-content\/uploads\/2023\/05\/logo.svg","contentUrl":"https:\/\/grllr.com\/wp-content\/uploads\/2023\/05\/logo.svg","width":81,"height":50,"caption":"The GRLLR Company"},"image":{"@id":"https:\/\/grllr.com\/nl\/#\/schema\/logo\/image\/"},"sameAs":["https:\/\/www.instagram.com\/the.grllr\/"],"email":"connect@grllr.com","legalName":"The GRLLR Company","numberOfEmployees":{"@type":"QuantitativeValue","minValue":"1","maxValue":"10"}}]}},"_links":{"self":[{"href":"https:\/\/grllr.com\/es\/wp-json\/wp\/v2\/product\/1938","targetHints":{"allow":["GET"]}}],"collection":[{"href":"https:\/\/grllr.com\/es\/wp-json\/wp\/v2\/product"}],"about":[{"href":"https:\/\/grllr.com\/es\/wp-json\/wp\/v2\/types\/product"}],"replies":[{"embeddable":true,"href":"https:\/\/grllr.com\/es\/wp-json\/wp\/v2\/comments?post=1938"}],"version-history":[{"count":0,"href":"https:\/\/grllr.com\/es\/wp-json\/wp\/v2\/product\/1938\/revisions"}],"wp:featuredmedia":[{"embeddable":true,"href":"https:\/\/grllr.com\/es\/wp-json\/wp\/v2\/media\/2213"}],"wp:attachment":[{"href":"https:\/\/grllr.com\/es\/wp-json\/wp\/v2\/media?parent=1938"}],"wp:term":[{"taxonomy":"product_brand","embeddable":true,"href":"https:\/\/grllr.com\/es\/wp-json\/wp\/v2\/product_brand?post=1938"},{"taxonomy":"product_cat","embeddable":true,"href":"https:\/\/grllr.com\/es\/wp-json\/wp\/v2\/product_cat?post=1938"},{"taxonomy":"product_tag","embeddable":true,"href":"https:\/\/grllr.com\/es\/wp-json\/wp\/v2\/product_tag?post=1938"}],"curies":[{"name":"wp","href":"https:\/\/api.w.org\/{rel}","templated":true}]}}