{"id":1918,"date":"2023-06-08T13:27:11","date_gmt":"2023-06-08T13:27:11","guid":{"rendered":"https:\/\/grllr.com\/product\/grllr-gourmet-duo-round-l-aluminium-table-grill-3\/"},"modified":"2024-05-22T07:22:17","modified_gmt":"2024-05-22T05:22:17","slug":"grllr-gourmet-duo-round-l","status":"publish","type":"product","link":"https:\/\/grllr.com\/es\/producto\/grllr-gourmet-duo-round-l\/","title":{"rendered":"GRLLR Gourmet D\u00fao Redondo L"},"content":{"rendered":"<p><span style=\"font-weight: 400;\">Mejore su experiencia gastron\u00f3mica con el <strong>GRLLR Gourmet D\u00fao Redondo L<\/strong>, la parrilla de mesa perfecta para compartir comida deliciosa con un amigo o un ser querido. Dise\u00f1ada para dos personas, esta barbacoa liviana y \u00fanica le permite asar sus carnes, mariscos y verduras favoritos mientras se sienta c\u00f3modamente alrededor de la mesa.<\/span><\/p>\n<p><span style=\"font-weight: 400;\">La Gourmet Duo Round L viene con una parrilla de aluminio, una bandeja de bamb\u00fa para colocar tu barbacoa y, por supuesto, la propia parrilla. Ya sea que est\u00e9 organizando una cena rom\u00e1ntica para dos o una comida informal con amigos, el GRLLR Gourmet Duo Round L es la elecci\u00f3n perfecta para una experiencia gastron\u00f3mica inolvidable.<\/span><\/p>\n<p>&nbsp;<\/p>","protected":false},"excerpt":{"rendered":"<p>Elevate your dining experience with the GRLLR Gourmet Duo Round L, the perfect table grill for sharing delicious food with a friend or loved one. Designed for two people, this lightweight and unique barbecue allows you to grill your favourite meats, seafood, and vegetables while sitting comfortably around the table. The Gourmet Duo Round L [&hellip;]<\/p>\n","protected":false},"featured_media":2233,"comment_status":"open","ping_status":"closed","template":"","meta":{"_acf_changed":false},"product_brand":[],"product_cat":[172,173,179,80],"product_tag":[43],"class_list":{"0":"post-1918","1":"product","2":"type-product","3":"status-publish","4":"has-post-thumbnail","6":"product_cat-172","7":"product_cat-2-4-number-of-people-table-bbqs","8":"product_cat-black","9":"product_cat-table-bbqs","10":"product_tag-gourmet","12":"first","13":"instock","14":"purchasable","15":"product-type-simple"},"acf":[],"yoast_head":"<!-- This site is optimized with the Yoast SEO Premium plugin v26.1 (Yoast SEO v27.4) - https:\/\/yoast.com\/product\/yoast-seo-premium-wordpress\/ -->\n<title>GRLLR Gourmet Duo Round L - GRLLR<\/title>\n<meta name=\"robots\" content=\"index, follow, max-snippet:-1, max-image-preview:large, max-video-preview:-1\" \/>\n<link rel=\"canonical\" href=\"https:\/\/grllr.com\/es\/prodotto\/grllr-gourmet-duo-round-l\/\" \/>\n<meta property=\"og:locale\" content=\"es_ES\" \/>\n<meta property=\"og:type\" content=\"article\" \/>\n<meta property=\"og:title\" content=\"GRLLR Gourmet Duo Round L\" \/>\n<meta property=\"og:description\" content=\"Elevate your dining experience with the GRLLR Gourmet Duo Round L, the perfect table grill for sharing delicious food with a friend or loved one. Designed for two people, this lightweight and unique barbecue allows you to grill your favourite meats, seafood, and vegetables while sitting comfortably around the table. The Gourmet Duo Round L [&hellip;]\" \/>\n<meta property=\"og:url\" content=\"https:\/\/grllr.com\/es\/prodotto\/grllr-gourmet-duo-round-l\/\" \/>\n<meta property=\"og:site_name\" content=\"GRLLR\" \/>\n<meta property=\"article:modified_time\" content=\"2024-05-22T05:22:17+00:00\" \/>\n<meta property=\"og:image\" content=\"https:\/\/grllr.com\/wp-content\/uploads\/2023\/06\/duoroundl-1.webp\" \/>\n\t<meta property=\"og:image:width\" content=\"800\" \/>\n\t<meta property=\"og:image:height\" content=\"800\" \/>\n\t<meta property=\"og:image:type\" content=\"image\/webp\" \/>\n<meta name=\"twitter:card\" content=\"summary_large_image\" \/>\n<meta name=\"twitter:label1\" content=\"Tiempo de lectura\" \/>\n\t<meta name=\"twitter:data1\" content=\"1 minuto\" \/>\n<script type=\"application\/ld+json\" class=\"yoast-schema-graph\">{\"@context\":\"https:\\\/\\\/schema.org\",\"@graph\":[{\"@type\":\"WebPage\",\"@id\":\"https:\\\/\\\/grllr.com\\\/it\\\/prodotto\\\/grllr-gourmet-duo-round-l\\\/\",\"url\":\"https:\\\/\\\/grllr.com\\\/it\\\/prodotto\\\/grllr-gourmet-duo-round-l\\\/\",\"name\":\"GRLLR Gourmet Duo Round L - GRLLR\",\"isPartOf\":{\"@id\":\"https:\\\/\\\/grllr.com\\\/nl\\\/#website\"},\"primaryImageOfPage\":{\"@id\":\"https:\\\/\\\/grllr.com\\\/it\\\/prodotto\\\/grllr-gourmet-duo-round-l\\\/#primaryimage\"},\"image\":{\"@id\":\"https:\\\/\\\/grllr.com\\\/it\\\/prodotto\\\/grllr-gourmet-duo-round-l\\\/#primaryimage\"},\"thumbnailUrl\":\"https:\\\/\\\/grllr.com\\\/wp-content\\\/uploads\\\/2023\\\/06\\\/duoroundl-1.webp\",\"datePublished\":\"2023-06-08T13:27:11+00:00\",\"dateModified\":\"2024-05-22T05:22:17+00:00\",\"breadcrumb\":{\"@id\":\"https:\\\/\\\/grllr.com\\\/it\\\/prodotto\\\/grllr-gourmet-duo-round-l\\\/#breadcrumb\"},\"inLanguage\":\"es\",\"potentialAction\":[{\"@type\":\"ReadAction\",\"target\":[\"https:\\\/\\\/grllr.com\\\/it\\\/prodotto\\\/grllr-gourmet-duo-round-l\\\/\"]}]},{\"@type\":\"ImageObject\",\"inLanguage\":\"es\",\"@id\":\"https:\\\/\\\/grllr.com\\\/it\\\/prodotto\\\/grllr-gourmet-duo-round-l\\\/#primaryimage\",\"url\":\"https:\\\/\\\/grllr.com\\\/wp-content\\\/uploads\\\/2023\\\/06\\\/duoroundl-1.webp\",\"contentUrl\":\"https:\\\/\\\/grllr.com\\\/wp-content\\\/uploads\\\/2023\\\/06\\\/duoroundl-1.webp\",\"width\":800,\"height\":800},{\"@type\":\"BreadcrumbList\",\"@id\":\"https:\\\/\\\/grllr.com\\\/it\\\/prodotto\\\/grllr-gourmet-duo-round-l\\\/#breadcrumb\",\"itemListElement\":[{\"@type\":\"ListItem\",\"position\":1,\"name\":\"Home\",\"item\":\"https:\\\/\\\/grllr.com\\\/\"},{\"@type\":\"ListItem\",\"position\":2,\"name\":\"Producten\",\"item\":\"https:\\\/\\\/grllr.com\\\/nl\\\/shop\\\/\"},{\"@type\":\"ListItem\",\"position\":3,\"name\":\"Gourmet Duo Round L\"}]},{\"@type\":\"WebSite\",\"@id\":\"https:\\\/\\\/grllr.com\\\/nl\\\/#website\",\"url\":\"https:\\\/\\\/grllr.com\\\/nl\\\/\",\"name\":\"GRLLR\",\"description\":\"The Joy Of Outdoor Cooking\",\"publisher\":{\"@id\":\"https:\\\/\\\/grllr.com\\\/nl\\\/#organization\"},\"alternateName\":\"Griller\",\"potentialAction\":[{\"@type\":\"SearchAction\",\"target\":{\"@type\":\"EntryPoint\",\"urlTemplate\":\"https:\\\/\\\/grllr.com\\\/nl\\\/?s={search_term_string}\"},\"query-input\":{\"@type\":\"PropertyValueSpecification\",\"valueRequired\":true,\"valueName\":\"search_term_string\"}}],\"inLanguage\":\"es\"},{\"@type\":\"Organization\",\"@id\":\"https:\\\/\\\/grllr.com\\\/nl\\\/#organization\",\"name\":\"The GRLLR Company\",\"alternateName\":\"GRLLR\",\"url\":\"https:\\\/\\\/grllr.com\\\/nl\\\/\",\"logo\":{\"@type\":\"ImageObject\",\"inLanguage\":\"es\",\"@id\":\"https:\\\/\\\/grllr.com\\\/nl\\\/#\\\/schema\\\/logo\\\/image\\\/\",\"url\":\"https:\\\/\\\/grllr.com\\\/wp-content\\\/uploads\\\/2023\\\/05\\\/logo.svg\",\"contentUrl\":\"https:\\\/\\\/grllr.com\\\/wp-content\\\/uploads\\\/2023\\\/05\\\/logo.svg\",\"width\":81,\"height\":50,\"caption\":\"The GRLLR Company\"},\"image\":{\"@id\":\"https:\\\/\\\/grllr.com\\\/nl\\\/#\\\/schema\\\/logo\\\/image\\\/\"},\"sameAs\":[\"https:\\\/\\\/www.instagram.com\\\/the.grllr\\\/\"],\"email\":\"connect@grllr.com\",\"legalName\":\"The GRLLR Company\",\"numberOfEmployees\":{\"@type\":\"QuantitativeValue\",\"minValue\":\"1\",\"maxValue\":\"10\"}}]}<\/script>\n<!-- \/ Yoast SEO Premium plugin. -->","yoast_head_json":{"title":"GRLLR Gourmet Duo Round L - GRLLR","robots":{"index":"index","follow":"follow","max-snippet":"max-snippet:-1","max-image-preview":"max-image-preview:large","max-video-preview":"max-video-preview:-1"},"canonical":"https:\/\/grllr.com\/es\/prodotto\/grllr-gourmet-duo-round-l\/","og_locale":"es_ES","og_type":"article","og_title":"GRLLR Gourmet Duo Round L","og_description":"Elevate your dining experience with the GRLLR Gourmet Duo Round L, the perfect table grill for sharing delicious food with a friend or loved one. Designed for two people, this lightweight and unique barbecue allows you to grill your favourite meats, seafood, and vegetables while sitting comfortably around the table. The Gourmet Duo Round L [&hellip;]","og_url":"https:\/\/grllr.com\/es\/prodotto\/grllr-gourmet-duo-round-l\/","og_site_name":"GRLLR","article_modified_time":"2024-05-22T05:22:17+00:00","og_image":[{"width":800,"height":800,"url":"https:\/\/grllr.com\/wp-content\/uploads\/2023\/06\/duoroundl-1.webp","type":"image\/webp"}],"twitter_card":"summary_large_image","twitter_misc":{"Tiempo de lectura":"1 minuto"},"schema":{"@context":"https:\/\/schema.org","@graph":[{"@type":"WebPage","@id":"https:\/\/grllr.com\/it\/prodotto\/grllr-gourmet-duo-round-l\/","url":"https:\/\/grllr.com\/it\/prodotto\/grllr-gourmet-duo-round-l\/","name":"GRLLR Gourmet Duo Round L - GRLLR","isPartOf":{"@id":"https:\/\/grllr.com\/nl\/#website"},"primaryImageOfPage":{"@id":"https:\/\/grllr.com\/it\/prodotto\/grllr-gourmet-duo-round-l\/#primaryimage"},"image":{"@id":"https:\/\/grllr.com\/it\/prodotto\/grllr-gourmet-duo-round-l\/#primaryimage"},"thumbnailUrl":"https:\/\/grllr.com\/wp-content\/uploads\/2023\/06\/duoroundl-1.webp","datePublished":"2023-06-08T13:27:11+00:00","dateModified":"2024-05-22T05:22:17+00:00","breadcrumb":{"@id":"https:\/\/grllr.com\/it\/prodotto\/grllr-gourmet-duo-round-l\/#breadcrumb"},"inLanguage":"es","potentialAction":[{"@type":"ReadAction","target":["https:\/\/grllr.com\/it\/prodotto\/grllr-gourmet-duo-round-l\/"]}]},{"@type":"ImageObject","inLanguage":"es","@id":"https:\/\/grllr.com\/it\/prodotto\/grllr-gourmet-duo-round-l\/#primaryimage","url":"https:\/\/grllr.com\/wp-content\/uploads\/2023\/06\/duoroundl-1.webp","contentUrl":"https:\/\/grllr.com\/wp-content\/uploads\/2023\/06\/duoroundl-1.webp","width":800,"height":800},{"@type":"BreadcrumbList","@id":"https:\/\/grllr.com\/it\/prodotto\/grllr-gourmet-duo-round-l\/#breadcrumb","itemListElement":[{"@type":"ListItem","position":1,"name":"Home","item":"https:\/\/grllr.com\/"},{"@type":"ListItem","position":2,"name":"Producten","item":"https:\/\/grllr.com\/nl\/shop\/"},{"@type":"ListItem","position":3,"name":"Gourmet Duo Round L"}]},{"@type":"WebSite","@id":"https:\/\/grllr.com\/nl\/#website","url":"https:\/\/grllr.com\/nl\/","name":"GRLLR","description":"The Joy Of Outdoor Cooking","publisher":{"@id":"https:\/\/grllr.com\/nl\/#organization"},"alternateName":"Griller","potentialAction":[{"@type":"SearchAction","target":{"@type":"EntryPoint","urlTemplate":"https:\/\/grllr.com\/nl\/?s={search_term_string}"},"query-input":{"@type":"PropertyValueSpecification","valueRequired":true,"valueName":"search_term_string"}}],"inLanguage":"es"},{"@type":"Organization","@id":"https:\/\/grllr.com\/nl\/#organization","name":"The GRLLR Company","alternateName":"GRLLR","url":"https:\/\/grllr.com\/nl\/","logo":{"@type":"ImageObject","inLanguage":"es","@id":"https:\/\/grllr.com\/nl\/#\/schema\/logo\/image\/","url":"https:\/\/grllr.com\/wp-content\/uploads\/2023\/05\/logo.svg","contentUrl":"https:\/\/grllr.com\/wp-content\/uploads\/2023\/05\/logo.svg","width":81,"height":50,"caption":"The GRLLR Company"},"image":{"@id":"https:\/\/grllr.com\/nl\/#\/schema\/logo\/image\/"},"sameAs":["https:\/\/www.instagram.com\/the.grllr\/"],"email":"connect@grllr.com","legalName":"The GRLLR Company","numberOfEmployees":{"@type":"QuantitativeValue","minValue":"1","maxValue":"10"}}]}},"_links":{"self":[{"href":"https:\/\/grllr.com\/es\/wp-json\/wp\/v2\/product\/1918","targetHints":{"allow":["GET"]}}],"collection":[{"href":"https:\/\/grllr.com\/es\/wp-json\/wp\/v2\/product"}],"about":[{"href":"https:\/\/grllr.com\/es\/wp-json\/wp\/v2\/types\/product"}],"replies":[{"embeddable":true,"href":"https:\/\/grllr.com\/es\/wp-json\/wp\/v2\/comments?post=1918"}],"version-history":[{"count":0,"href":"https:\/\/grllr.com\/es\/wp-json\/wp\/v2\/product\/1918\/revisions"}],"wp:featuredmedia":[{"embeddable":true,"href":"https:\/\/grllr.com\/es\/wp-json\/wp\/v2\/media\/2233"}],"wp:attachment":[{"href":"https:\/\/grllr.com\/es\/wp-json\/wp\/v2\/media?parent=1918"}],"wp:term":[{"taxonomy":"product_brand","embeddable":true,"href":"https:\/\/grllr.com\/es\/wp-json\/wp\/v2\/product_brand?post=1918"},{"taxonomy":"product_cat","embeddable":true,"href":"https:\/\/grllr.com\/es\/wp-json\/wp\/v2\/product_cat?post=1918"},{"taxonomy":"product_tag","embeddable":true,"href":"https:\/\/grllr.com\/es\/wp-json\/wp\/v2\/product_tag?post=1918"}],"curies":[{"name":"wp","href":"https:\/\/api.w.org\/{rel}","templated":true}]}}