{"id":1915,"date":"2023-06-08T13:27:10","date_gmt":"2023-06-08T13:27:10","guid":{"rendered":"https:\/\/grllr.com\/product\/grllr-gourmet-family-m-aluminium-table-grill-3\/"},"modified":"2024-05-22T07:22:18","modified_gmt":"2024-05-22T05:22:18","slug":"grllr-gourmet-family-m","status":"publish","type":"product","link":"https:\/\/grllr.com\/es\/producto\/grllr-gourmet-family-m\/","title":{"rendered":"GRLLR Familia Gourmet M"},"content":{"rendered":"<p><span style=\"font-weight: 400;\">Experimente el arte de cocinar en la mesa con el GRLLR Gourmet Family M, perfecto tanto para los amantes de la barbacoa como para los entusiastas de la comida. Con una superficie de parrilla lo suficientemente grande como para atender hasta 2 personas, esta parrilla de mesa es ideal para reuniones \u00edntimas con amigos y familiares. Su dise\u00f1o apto para ni\u00f1os les permite a usted y a sus hijos preparar las comidas m\u00e1s deliciosas sin tener que levantarse de la mesa.<\/span><\/p>\n<p><span style=\"font-weight: 400;\">El <strong>Familia Gourmet M<\/strong> est\u00e1 dise\u00f1ado para hacerle la vida m\u00e1s f\u00e1cil y viene de serie con una parrilla de aluminio y una bandeja de bamb\u00fa, lo que le brinda todo lo que necesita para comenzar de inmediato. Ya sea que sea un maestro asador experimentado o reci\u00e9n est\u00e9 comenzando, el GRLLR Gourmet Family M es perfecto para crear experiencias culinarias inolvidables con sus seres queridos. \u00a1Consigue el tuyo hoy y mejora tu juego de barbacoa!<\/span><\/p>","protected":false},"excerpt":{"rendered":"<p>Experience the art of table cooking with the GRLLR Gourmet Family M, perfect for BBQ lovers and food enthusiasts alike. With a grill surface large enough to cater up to 2 people, this table grill is ideal for intimate gatherings with friends and family. Its kid-friendly design allows you and your children to prepare the [&hellip;]<\/p>\n","protected":false},"featured_media":2230,"comment_status":"open","ping_status":"closed","template":"","meta":{"_acf_changed":false},"product_brand":[],"product_cat":[172,173,179,80],"product_tag":[43],"class_list":{"0":"post-1915","1":"product","2":"type-product","3":"status-publish","4":"has-post-thumbnail","6":"product_cat-172","7":"product_cat-2-4-number-of-people-table-bbqs","8":"product_cat-black","9":"product_cat-table-bbqs","10":"product_tag-gourmet","12":"first","13":"instock","14":"purchasable","15":"product-type-simple"},"acf":[],"yoast_head":"<!-- This site is optimized with the Yoast SEO Premium plugin v26.1 (Yoast SEO v27.4) - https:\/\/yoast.com\/product\/yoast-seo-premium-wordpress\/ -->\n<title>GRLLR Gourmet Family M - GRLLR<\/title>\n<meta name=\"robots\" content=\"index, follow, max-snippet:-1, max-image-preview:large, max-video-preview:-1\" \/>\n<link rel=\"canonical\" href=\"https:\/\/grllr.com\/es\/producto\/grllr-gourmet-family-m\/\" \/>\n<meta property=\"og:locale\" content=\"es_ES\" \/>\n<meta property=\"og:type\" content=\"article\" \/>\n<meta property=\"og:title\" content=\"GRLLR Gourmet Family M\" \/>\n<meta property=\"og:description\" content=\"Experience the art of table cooking with the GRLLR Gourmet Family M, perfect for BBQ lovers and food enthusiasts alike. With a grill surface large enough to cater up to 2 people, this table grill is ideal for intimate gatherings with friends and family. Its kid-friendly design allows you and your children to prepare the [&hellip;]\" \/>\n<meta property=\"og:url\" content=\"https:\/\/grllr.com\/es\/producto\/grllr-gourmet-family-m\/\" \/>\n<meta property=\"og:site_name\" content=\"GRLLR\" \/>\n<meta property=\"article:modified_time\" content=\"2024-05-22T05:22:18+00:00\" \/>\n<meta property=\"og:image\" content=\"https:\/\/grllr.com\/wp-content\/uploads\/2023\/06\/gourmetfamilym-1.webp\" \/>\n\t<meta property=\"og:image:width\" content=\"800\" \/>\n\t<meta property=\"og:image:height\" content=\"800\" \/>\n\t<meta property=\"og:image:type\" content=\"image\/webp\" \/>\n<meta name=\"twitter:card\" content=\"summary_large_image\" \/>\n<meta name=\"twitter:label1\" content=\"Tiempo de lectura\" \/>\n\t<meta name=\"twitter:data1\" content=\"1 minuto\" \/>\n<script type=\"application\/ld+json\" class=\"yoast-schema-graph\">{\"@context\":\"https:\\\/\\\/schema.org\",\"@graph\":[{\"@type\":\"WebPage\",\"@id\":\"https:\\\/\\\/grllr.com\\\/product\\\/grllr-gourmet-family-m\\\/\",\"url\":\"https:\\\/\\\/grllr.com\\\/product\\\/grllr-gourmet-family-m\\\/\",\"name\":\"GRLLR Gourmet Family M - GRLLR\",\"isPartOf\":{\"@id\":\"https:\\\/\\\/grllr.com\\\/nl\\\/#website\"},\"primaryImageOfPage\":{\"@id\":\"https:\\\/\\\/grllr.com\\\/product\\\/grllr-gourmet-family-m\\\/#primaryimage\"},\"image\":{\"@id\":\"https:\\\/\\\/grllr.com\\\/product\\\/grllr-gourmet-family-m\\\/#primaryimage\"},\"thumbnailUrl\":\"https:\\\/\\\/grllr.com\\\/wp-content\\\/uploads\\\/2023\\\/06\\\/gourmetfamilym-1.webp\",\"datePublished\":\"2023-06-08T13:27:10+00:00\",\"dateModified\":\"2024-05-22T05:22:18+00:00\",\"breadcrumb\":{\"@id\":\"https:\\\/\\\/grllr.com\\\/product\\\/grllr-gourmet-family-m\\\/#breadcrumb\"},\"inLanguage\":\"es\",\"potentialAction\":[{\"@type\":\"ReadAction\",\"target\":[\"https:\\\/\\\/grllr.com\\\/product\\\/grllr-gourmet-family-m\\\/\"]}]},{\"@type\":\"ImageObject\",\"inLanguage\":\"es\",\"@id\":\"https:\\\/\\\/grllr.com\\\/product\\\/grllr-gourmet-family-m\\\/#primaryimage\",\"url\":\"https:\\\/\\\/grllr.com\\\/wp-content\\\/uploads\\\/2023\\\/06\\\/gourmetfamilym-1.webp\",\"contentUrl\":\"https:\\\/\\\/grllr.com\\\/wp-content\\\/uploads\\\/2023\\\/06\\\/gourmetfamilym-1.webp\",\"width\":800,\"height\":800},{\"@type\":\"BreadcrumbList\",\"@id\":\"https:\\\/\\\/grllr.com\\\/product\\\/grllr-gourmet-family-m\\\/#breadcrumb\",\"itemListElement\":[{\"@type\":\"ListItem\",\"position\":1,\"name\":\"Home\",\"item\":\"https:\\\/\\\/grllr.com\\\/\"},{\"@type\":\"ListItem\",\"position\":2,\"name\":\"Producten\",\"item\":\"https:\\\/\\\/grllr.com\\\/nl\\\/shop\\\/\"},{\"@type\":\"ListItem\",\"position\":3,\"name\":\"Gourmet Family M\"}]},{\"@type\":\"WebSite\",\"@id\":\"https:\\\/\\\/grllr.com\\\/nl\\\/#website\",\"url\":\"https:\\\/\\\/grllr.com\\\/nl\\\/\",\"name\":\"GRLLR\",\"description\":\"The Joy Of Outdoor Cooking\",\"publisher\":{\"@id\":\"https:\\\/\\\/grllr.com\\\/nl\\\/#organization\"},\"alternateName\":\"Griller\",\"potentialAction\":[{\"@type\":\"SearchAction\",\"target\":{\"@type\":\"EntryPoint\",\"urlTemplate\":\"https:\\\/\\\/grllr.com\\\/nl\\\/?s={search_term_string}\"},\"query-input\":{\"@type\":\"PropertyValueSpecification\",\"valueRequired\":true,\"valueName\":\"search_term_string\"}}],\"inLanguage\":\"es\"},{\"@type\":\"Organization\",\"@id\":\"https:\\\/\\\/grllr.com\\\/nl\\\/#organization\",\"name\":\"The GRLLR Company\",\"alternateName\":\"GRLLR\",\"url\":\"https:\\\/\\\/grllr.com\\\/nl\\\/\",\"logo\":{\"@type\":\"ImageObject\",\"inLanguage\":\"es\",\"@id\":\"https:\\\/\\\/grllr.com\\\/nl\\\/#\\\/schema\\\/logo\\\/image\\\/\",\"url\":\"https:\\\/\\\/grllr.com\\\/wp-content\\\/uploads\\\/2023\\\/05\\\/logo.svg\",\"contentUrl\":\"https:\\\/\\\/grllr.com\\\/wp-content\\\/uploads\\\/2023\\\/05\\\/logo.svg\",\"width\":81,\"height\":50,\"caption\":\"The GRLLR Company\"},\"image\":{\"@id\":\"https:\\\/\\\/grllr.com\\\/nl\\\/#\\\/schema\\\/logo\\\/image\\\/\"},\"sameAs\":[\"https:\\\/\\\/www.instagram.com\\\/the.grllr\\\/\"],\"email\":\"connect@grllr.com\",\"legalName\":\"The GRLLR Company\",\"numberOfEmployees\":{\"@type\":\"QuantitativeValue\",\"minValue\":\"1\",\"maxValue\":\"10\"}}]}<\/script>\n<!-- \/ Yoast SEO Premium plugin. -->","yoast_head_json":{"title":"GRLLR Gourmet Family M - GRLLR","robots":{"index":"index","follow":"follow","max-snippet":"max-snippet:-1","max-image-preview":"max-image-preview:large","max-video-preview":"max-video-preview:-1"},"canonical":"https:\/\/grllr.com\/es\/producto\/grllr-gourmet-family-m\/","og_locale":"es_ES","og_type":"article","og_title":"GRLLR Gourmet Family M","og_description":"Experience the art of table cooking with the GRLLR Gourmet Family M, perfect for BBQ lovers and food enthusiasts alike. With a grill surface large enough to cater up to 2 people, this table grill is ideal for intimate gatherings with friends and family. Its kid-friendly design allows you and your children to prepare the [&hellip;]","og_url":"https:\/\/grllr.com\/es\/producto\/grllr-gourmet-family-m\/","og_site_name":"GRLLR","article_modified_time":"2024-05-22T05:22:18+00:00","og_image":[{"width":800,"height":800,"url":"https:\/\/grllr.com\/wp-content\/uploads\/2023\/06\/gourmetfamilym-1.webp","type":"image\/webp"}],"twitter_card":"summary_large_image","twitter_misc":{"Tiempo de lectura":"1 minuto"},"schema":{"@context":"https:\/\/schema.org","@graph":[{"@type":"WebPage","@id":"https:\/\/grllr.com\/product\/grllr-gourmet-family-m\/","url":"https:\/\/grllr.com\/product\/grllr-gourmet-family-m\/","name":"GRLLR Gourmet Family M - GRLLR","isPartOf":{"@id":"https:\/\/grllr.com\/nl\/#website"},"primaryImageOfPage":{"@id":"https:\/\/grllr.com\/product\/grllr-gourmet-family-m\/#primaryimage"},"image":{"@id":"https:\/\/grllr.com\/product\/grllr-gourmet-family-m\/#primaryimage"},"thumbnailUrl":"https:\/\/grllr.com\/wp-content\/uploads\/2023\/06\/gourmetfamilym-1.webp","datePublished":"2023-06-08T13:27:10+00:00","dateModified":"2024-05-22T05:22:18+00:00","breadcrumb":{"@id":"https:\/\/grllr.com\/product\/grllr-gourmet-family-m\/#breadcrumb"},"inLanguage":"es","potentialAction":[{"@type":"ReadAction","target":["https:\/\/grllr.com\/product\/grllr-gourmet-family-m\/"]}]},{"@type":"ImageObject","inLanguage":"es","@id":"https:\/\/grllr.com\/product\/grllr-gourmet-family-m\/#primaryimage","url":"https:\/\/grllr.com\/wp-content\/uploads\/2023\/06\/gourmetfamilym-1.webp","contentUrl":"https:\/\/grllr.com\/wp-content\/uploads\/2023\/06\/gourmetfamilym-1.webp","width":800,"height":800},{"@type":"BreadcrumbList","@id":"https:\/\/grllr.com\/product\/grllr-gourmet-family-m\/#breadcrumb","itemListElement":[{"@type":"ListItem","position":1,"name":"Home","item":"https:\/\/grllr.com\/"},{"@type":"ListItem","position":2,"name":"Producten","item":"https:\/\/grllr.com\/nl\/shop\/"},{"@type":"ListItem","position":3,"name":"Gourmet Family M"}]},{"@type":"WebSite","@id":"https:\/\/grllr.com\/nl\/#website","url":"https:\/\/grllr.com\/nl\/","name":"GRLLR","description":"The Joy Of Outdoor Cooking","publisher":{"@id":"https:\/\/grllr.com\/nl\/#organization"},"alternateName":"Griller","potentialAction":[{"@type":"SearchAction","target":{"@type":"EntryPoint","urlTemplate":"https:\/\/grllr.com\/nl\/?s={search_term_string}"},"query-input":{"@type":"PropertyValueSpecification","valueRequired":true,"valueName":"search_term_string"}}],"inLanguage":"es"},{"@type":"Organization","@id":"https:\/\/grllr.com\/nl\/#organization","name":"The GRLLR Company","alternateName":"GRLLR","url":"https:\/\/grllr.com\/nl\/","logo":{"@type":"ImageObject","inLanguage":"es","@id":"https:\/\/grllr.com\/nl\/#\/schema\/logo\/image\/","url":"https:\/\/grllr.com\/wp-content\/uploads\/2023\/05\/logo.svg","contentUrl":"https:\/\/grllr.com\/wp-content\/uploads\/2023\/05\/logo.svg","width":81,"height":50,"caption":"The GRLLR Company"},"image":{"@id":"https:\/\/grllr.com\/nl\/#\/schema\/logo\/image\/"},"sameAs":["https:\/\/www.instagram.com\/the.grllr\/"],"email":"connect@grllr.com","legalName":"The GRLLR Company","numberOfEmployees":{"@type":"QuantitativeValue","minValue":"1","maxValue":"10"}}]}},"_links":{"self":[{"href":"https:\/\/grllr.com\/es\/wp-json\/wp\/v2\/product\/1915","targetHints":{"allow":["GET"]}}],"collection":[{"href":"https:\/\/grllr.com\/es\/wp-json\/wp\/v2\/product"}],"about":[{"href":"https:\/\/grllr.com\/es\/wp-json\/wp\/v2\/types\/product"}],"replies":[{"embeddable":true,"href":"https:\/\/grllr.com\/es\/wp-json\/wp\/v2\/comments?post=1915"}],"version-history":[{"count":0,"href":"https:\/\/grllr.com\/es\/wp-json\/wp\/v2\/product\/1915\/revisions"}],"wp:featuredmedia":[{"embeddable":true,"href":"https:\/\/grllr.com\/es\/wp-json\/wp\/v2\/media\/2230"}],"wp:attachment":[{"href":"https:\/\/grllr.com\/es\/wp-json\/wp\/v2\/media?parent=1915"}],"wp:term":[{"taxonomy":"product_brand","embeddable":true,"href":"https:\/\/grllr.com\/es\/wp-json\/wp\/v2\/product_brand?post=1915"},{"taxonomy":"product_cat","embeddable":true,"href":"https:\/\/grllr.com\/es\/wp-json\/wp\/v2\/product_cat?post=1915"},{"taxonomy":"product_tag","embeddable":true,"href":"https:\/\/grllr.com\/es\/wp-json\/wp\/v2\/product_tag?post=1915"}],"curies":[{"name":"wp","href":"https:\/\/api.w.org\/{rel}","templated":true}]}}