{"id":7909,"date":"2024-03-13T11:04:55","date_gmt":"2024-03-13T11:04:55","guid":{"rendered":"https:\/\/grllr.com\/?post_type=product&#038;p=7909"},"modified":"2024-09-02T15:57:47","modified_gmt":"2024-09-02T13:57:47","slug":"connect-stove-plancha","status":"publish","type":"product","link":"https:\/\/grllr.com\/de\/produkt\/connect-stove-plancha\/","title":{"rendered":"GRLLR Plancha f\u00fcr Herd M2 f\u00fcr Connect"},"content":{"rendered":"<p>Werten Sie Ihre Outdoor-K\u00fcche mit der Plancha-Grillplatte GRLLR Connect auf!<\/p>\n<p>Die antihaftbeschichtete Grillfl\u00e4che sorgt f\u00fcr m\u00fcheloses Grillen und einfaches Reinigen, sodass Ihr Grillerlebnis zum Kinderspiel wird. Egal, ob Sie saftige Steaks anbraten, frisches und aromatisches Gem\u00fcse grillen oder flauschige Pfannkuchen f\u00fcr ein k\u00f6stliches Fr\u00fchst\u00fcck zubereiten, diese vielseitige Grillplatte liefert stets au\u00dfergew\u00f6hnliche Leistung.<\/p>\n<p>&nbsp;<\/p>","protected":false},"excerpt":{"rendered":"<p>Enhance Your Outdoor Kitchen with the GRLLR Connect Plancha Grill Plate! Its non-stick cooking surface ensures hassle-free cooking and easy cleanup, making your grilling experience a breeze. Whether you&#8217;re searing juicy steaks, grilling fresh and flavorful veggies, or whipping up fluffy pancakes for a delightful breakfast, this versatile grill plate consistently delivers exceptional performance. &nbsp;<\/p>","protected":false},"featured_media":7911,"comment_status":"open","ping_status":"closed","template":"","meta":{"_acf_changed":false},"product_brand":[],"product_cat":[81,47,127],"product_tag":[82,48,84],"class_list":{"0":"post-7909","1":"product","2":"type-product","3":"status-publish","4":"has-post-thumbnail","6":"product_cat-accessories","7":"product_cat-connect-outdoor-kitchen","8":"product_cat-grllr-connect-accessories","9":"product_tag-accessory","10":"product_tag-connect","11":"product_tag-connect-accessory","13":"first","14":"instock","15":"purchasable","16":"product-type-simple"},"acf":[],"yoast_head":"<!-- This site is optimized with the Yoast SEO Premium plugin v26.1 (Yoast SEO v27.4) - https:\/\/yoast.com\/product\/yoast-seo-premium-wordpress\/ -->\n<title>GRLLR Plancha for Stove M2 for Connect - GRLLR<\/title>\n<meta name=\"robots\" content=\"index, follow, max-snippet:-1, max-image-preview:large, max-video-preview:-1\" \/>\n<link rel=\"canonical\" href=\"https:\/\/grllr.com\/de\/producto\/connect-stove-plancha\/\" \/>\n<meta property=\"og:locale\" content=\"de_DE\" \/>\n<meta property=\"og:type\" content=\"article\" \/>\n<meta property=\"og:title\" content=\"GRLLR Plancha for Stove M2 for Connect\" \/>\n<meta property=\"og:description\" content=\"Enhance Your Outdoor Kitchen with the GRLLR Connect Plancha Grill Plate! Its non-stick cooking surface ensures hassle-free cooking and easy cleanup, making your grilling experience a breeze. Whether you&#8217;re searing juicy steaks, grilling fresh and flavorful veggies, or whipping up fluffy pancakes for a delightful breakfast, this versatile grill plate consistently delivers exceptional performance. &nbsp;\" \/>\n<meta property=\"og:url\" content=\"https:\/\/grllr.com\/de\/producto\/connect-stove-plancha\/\" \/>\n<meta property=\"og:site_name\" content=\"GRLLR\" \/>\n<meta property=\"article:modified_time\" content=\"2024-09-02T13:57:47+00:00\" \/>\n<meta property=\"og:image\" content=\"https:\/\/grllr.com\/wp-content\/uploads\/2024\/03\/1_GR-24-CON-STO-PL.jpg\" \/>\n\t<meta property=\"og:image:width\" content=\"800\" \/>\n\t<meta property=\"og:image:height\" content=\"800\" \/>\n\t<meta property=\"og:image:type\" content=\"image\/jpeg\" \/>\n<meta name=\"twitter:card\" content=\"summary_large_image\" \/>\n<script type=\"application\/ld+json\" class=\"yoast-schema-graph\">{\"@context\":\"https:\\\/\\\/schema.org\",\"@graph\":[{\"@type\":\"WebPage\",\"@id\":\"https:\\\/\\\/grllr.com\\\/es\\\/producto\\\/connect-stove-plancha\\\/\",\"url\":\"https:\\\/\\\/grllr.com\\\/es\\\/producto\\\/connect-stove-plancha\\\/\",\"name\":\"GRLLR Plancha for Stove M2 for Connect - GRLLR\",\"isPartOf\":{\"@id\":\"https:\\\/\\\/grllr.com\\\/nl\\\/#website\"},\"primaryImageOfPage\":{\"@id\":\"https:\\\/\\\/grllr.com\\\/es\\\/producto\\\/connect-stove-plancha\\\/#primaryimage\"},\"image\":{\"@id\":\"https:\\\/\\\/grllr.com\\\/es\\\/producto\\\/connect-stove-plancha\\\/#primaryimage\"},\"thumbnailUrl\":\"https:\\\/\\\/grllr.com\\\/wp-content\\\/uploads\\\/2024\\\/03\\\/1_GR-24-CON-STO-PL.jpg\",\"datePublished\":\"2024-03-13T11:04:55+00:00\",\"dateModified\":\"2024-09-02T13:57:47+00:00\",\"breadcrumb\":{\"@id\":\"https:\\\/\\\/grllr.com\\\/es\\\/producto\\\/connect-stove-plancha\\\/#breadcrumb\"},\"inLanguage\":\"de\",\"potentialAction\":[{\"@type\":\"ReadAction\",\"target\":[\"https:\\\/\\\/grllr.com\\\/es\\\/producto\\\/connect-stove-plancha\\\/\"]}]},{\"@type\":\"ImageObject\",\"inLanguage\":\"de\",\"@id\":\"https:\\\/\\\/grllr.com\\\/es\\\/producto\\\/connect-stove-plancha\\\/#primaryimage\",\"url\":\"https:\\\/\\\/grllr.com\\\/wp-content\\\/uploads\\\/2024\\\/03\\\/1_GR-24-CON-STO-PL.jpg\",\"contentUrl\":\"https:\\\/\\\/grllr.com\\\/wp-content\\\/uploads\\\/2024\\\/03\\\/1_GR-24-CON-STO-PL.jpg\",\"width\":800,\"height\":800},{\"@type\":\"BreadcrumbList\",\"@id\":\"https:\\\/\\\/grllr.com\\\/es\\\/producto\\\/connect-stove-plancha\\\/#breadcrumb\",\"itemListElement\":[{\"@type\":\"ListItem\",\"position\":1,\"name\":\"Home\",\"item\":\"https:\\\/\\\/grllr.com\\\/\"},{\"@type\":\"ListItem\",\"position\":2,\"name\":\"Producten\",\"item\":\"https:\\\/\\\/grllr.com\\\/nl\\\/shop\\\/\"},{\"@type\":\"ListItem\",\"position\":3,\"name\":\"Plancha for Stove M2 for Connect\"}]},{\"@type\":\"WebSite\",\"@id\":\"https:\\\/\\\/grllr.com\\\/nl\\\/#website\",\"url\":\"https:\\\/\\\/grllr.com\\\/nl\\\/\",\"name\":\"GRLLR\",\"description\":\"The Joy Of Outdoor Cooking\",\"publisher\":{\"@id\":\"https:\\\/\\\/grllr.com\\\/nl\\\/#organization\"},\"alternateName\":\"Griller\",\"potentialAction\":[{\"@type\":\"SearchAction\",\"target\":{\"@type\":\"EntryPoint\",\"urlTemplate\":\"https:\\\/\\\/grllr.com\\\/nl\\\/?s={search_term_string}\"},\"query-input\":{\"@type\":\"PropertyValueSpecification\",\"valueRequired\":true,\"valueName\":\"search_term_string\"}}],\"inLanguage\":\"de\"},{\"@type\":\"Organization\",\"@id\":\"https:\\\/\\\/grllr.com\\\/nl\\\/#organization\",\"name\":\"The GRLLR Company\",\"alternateName\":\"GRLLR\",\"url\":\"https:\\\/\\\/grllr.com\\\/nl\\\/\",\"logo\":{\"@type\":\"ImageObject\",\"inLanguage\":\"de\",\"@id\":\"https:\\\/\\\/grllr.com\\\/nl\\\/#\\\/schema\\\/logo\\\/image\\\/\",\"url\":\"https:\\\/\\\/grllr.com\\\/wp-content\\\/uploads\\\/2023\\\/05\\\/logo.svg\",\"contentUrl\":\"https:\\\/\\\/grllr.com\\\/wp-content\\\/uploads\\\/2023\\\/05\\\/logo.svg\",\"width\":81,\"height\":50,\"caption\":\"The GRLLR Company\"},\"image\":{\"@id\":\"https:\\\/\\\/grllr.com\\\/nl\\\/#\\\/schema\\\/logo\\\/image\\\/\"},\"sameAs\":[\"https:\\\/\\\/www.instagram.com\\\/the.grllr\\\/\"],\"email\":\"connect@grllr.com\",\"legalName\":\"The GRLLR Company\",\"numberOfEmployees\":{\"@type\":\"QuantitativeValue\",\"minValue\":\"1\",\"maxValue\":\"10\"}}]}<\/script>\n<!-- \/ Yoast SEO Premium plugin. -->","yoast_head_json":{"title":"GRLLR Plancha for Stove M2 for Connect - GRLLR","robots":{"index":"index","follow":"follow","max-snippet":"max-snippet:-1","max-image-preview":"max-image-preview:large","max-video-preview":"max-video-preview:-1"},"canonical":"https:\/\/grllr.com\/de\/producto\/connect-stove-plancha\/","og_locale":"de_DE","og_type":"article","og_title":"GRLLR Plancha for Stove M2 for Connect","og_description":"Enhance Your Outdoor Kitchen with the GRLLR Connect Plancha Grill Plate! Its non-stick cooking surface ensures hassle-free cooking and easy cleanup, making your grilling experience a breeze. Whether you&#8217;re searing juicy steaks, grilling fresh and flavorful veggies, or whipping up fluffy pancakes for a delightful breakfast, this versatile grill plate consistently delivers exceptional performance. &nbsp;","og_url":"https:\/\/grllr.com\/de\/producto\/connect-stove-plancha\/","og_site_name":"GRLLR","article_modified_time":"2024-09-02T13:57:47+00:00","og_image":[{"width":800,"height":800,"url":"https:\/\/grllr.com\/wp-content\/uploads\/2024\/03\/1_GR-24-CON-STO-PL.jpg","type":"image\/jpeg"}],"twitter_card":"summary_large_image","schema":{"@context":"https:\/\/schema.org","@graph":[{"@type":"WebPage","@id":"https:\/\/grllr.com\/es\/producto\/connect-stove-plancha\/","url":"https:\/\/grllr.com\/es\/producto\/connect-stove-plancha\/","name":"GRLLR Plancha for Stove M2 for Connect - GRLLR","isPartOf":{"@id":"https:\/\/grllr.com\/nl\/#website"},"primaryImageOfPage":{"@id":"https:\/\/grllr.com\/es\/producto\/connect-stove-plancha\/#primaryimage"},"image":{"@id":"https:\/\/grllr.com\/es\/producto\/connect-stove-plancha\/#primaryimage"},"thumbnailUrl":"https:\/\/grllr.com\/wp-content\/uploads\/2024\/03\/1_GR-24-CON-STO-PL.jpg","datePublished":"2024-03-13T11:04:55+00:00","dateModified":"2024-09-02T13:57:47+00:00","breadcrumb":{"@id":"https:\/\/grllr.com\/es\/producto\/connect-stove-plancha\/#breadcrumb"},"inLanguage":"de","potentialAction":[{"@type":"ReadAction","target":["https:\/\/grllr.com\/es\/producto\/connect-stove-plancha\/"]}]},{"@type":"ImageObject","inLanguage":"de","@id":"https:\/\/grllr.com\/es\/producto\/connect-stove-plancha\/#primaryimage","url":"https:\/\/grllr.com\/wp-content\/uploads\/2024\/03\/1_GR-24-CON-STO-PL.jpg","contentUrl":"https:\/\/grllr.com\/wp-content\/uploads\/2024\/03\/1_GR-24-CON-STO-PL.jpg","width":800,"height":800},{"@type":"BreadcrumbList","@id":"https:\/\/grllr.com\/es\/producto\/connect-stove-plancha\/#breadcrumb","itemListElement":[{"@type":"ListItem","position":1,"name":"Home","item":"https:\/\/grllr.com\/"},{"@type":"ListItem","position":2,"name":"Producten","item":"https:\/\/grllr.com\/nl\/shop\/"},{"@type":"ListItem","position":3,"name":"Plancha for Stove M2 for Connect"}]},{"@type":"WebSite","@id":"https:\/\/grllr.com\/nl\/#website","url":"https:\/\/grllr.com\/nl\/","name":"GRLLR","description":"The Joy Of Outdoor Cooking","publisher":{"@id":"https:\/\/grllr.com\/nl\/#organization"},"alternateName":"Griller","potentialAction":[{"@type":"SearchAction","target":{"@type":"EntryPoint","urlTemplate":"https:\/\/grllr.com\/nl\/?s={search_term_string}"},"query-input":{"@type":"PropertyValueSpecification","valueRequired":true,"valueName":"search_term_string"}}],"inLanguage":"de"},{"@type":"Organization","@id":"https:\/\/grllr.com\/nl\/#organization","name":"The GRLLR Company","alternateName":"GRLLR","url":"https:\/\/grllr.com\/nl\/","logo":{"@type":"ImageObject","inLanguage":"de","@id":"https:\/\/grllr.com\/nl\/#\/schema\/logo\/image\/","url":"https:\/\/grllr.com\/wp-content\/uploads\/2023\/05\/logo.svg","contentUrl":"https:\/\/grllr.com\/wp-content\/uploads\/2023\/05\/logo.svg","width":81,"height":50,"caption":"The GRLLR Company"},"image":{"@id":"https:\/\/grllr.com\/nl\/#\/schema\/logo\/image\/"},"sameAs":["https:\/\/www.instagram.com\/the.grllr\/"],"email":"connect@grllr.com","legalName":"The GRLLR Company","numberOfEmployees":{"@type":"QuantitativeValue","minValue":"1","maxValue":"10"}}]}},"_links":{"self":[{"href":"https:\/\/grllr.com\/de\/wp-json\/wp\/v2\/product\/7909","targetHints":{"allow":["GET"]}}],"collection":[{"href":"https:\/\/grllr.com\/de\/wp-json\/wp\/v2\/product"}],"about":[{"href":"https:\/\/grllr.com\/de\/wp-json\/wp\/v2\/types\/product"}],"replies":[{"embeddable":true,"href":"https:\/\/grllr.com\/de\/wp-json\/wp\/v2\/comments?post=7909"}],"version-history":[{"count":0,"href":"https:\/\/grllr.com\/de\/wp-json\/wp\/v2\/product\/7909\/revisions"}],"wp:featuredmedia":[{"embeddable":true,"href":"https:\/\/grllr.com\/de\/wp-json\/wp\/v2\/media\/7911"}],"wp:attachment":[{"href":"https:\/\/grllr.com\/de\/wp-json\/wp\/v2\/media?parent=7909"}],"wp:term":[{"taxonomy":"product_brand","embeddable":true,"href":"https:\/\/grllr.com\/de\/wp-json\/wp\/v2\/product_brand?post=7909"},{"taxonomy":"product_cat","embeddable":true,"href":"https:\/\/grllr.com\/de\/wp-json\/wp\/v2\/product_cat?post=7909"},{"taxonomy":"product_tag","embeddable":true,"href":"https:\/\/grllr.com\/de\/wp-json\/wp\/v2\/product_tag?post=7909"}],"curies":[{"name":"wp","href":"https:\/\/api.w.org\/{rel}","templated":true}]}}