{"id":7104,"date":"2024-03-11T14:14:29","date_gmt":"2024-03-11T14:14:29","guid":{"rendered":"https:\/\/grllr.com\/?post_type=product&#038;p=7104"},"modified":"2025-11-11T11:58:28","modified_gmt":"2025-11-11T10:58:28","slug":"ember-classic-22-charcoal-black-build-in","status":"publish","type":"product","link":"https:\/\/grllr.com\/de\/produkt\/ember-classic-22-charcoal-black-build-in\/","title":{"rendered":"GRLLR Ember Classic 22 Zoll | Anthrazitschwarz | Eingebaut"},"content":{"rendered":"<p>Werten Sie Ihr BBQ mit dem GRLLR Ember Classic 22 Inch auf. Dieser elegante Kamado sorgt f\u00fcr gleichm\u00e4\u00dfige W\u00e4rmeverteilung, pr\u00e4zise Steuerung und einfache Reinigung und ist damit perfekt f\u00fcr Grillbegeisterte. Er wurde mit Blick auf Langlebigkeit gefertigt und verspricht Jahr f\u00fcr Jahr au\u00dfergew\u00f6hnliche Leistung. Egal, ob Sie eine Versammlung veranstalten oder ein gem\u00fctliches Abendessen genie\u00dfen, er ist der ultimative Begleiter beim Kochen im Freien. Werten Sie Ihr kulinarisches Erlebnis mit dem GRLLR Ember Classic 22 Inch auf und schaffen Sie unvergessliche Erinnerungen mit Ihren Lieben.<\/p>\n<ul>\n<li><img decoding=\"async\" src=\"\/wp-content\/uploads\/2024\/02\/menuactive.png\" alt=\"null\" \/><br \/>\n<h3>Registriertes GRLLR-DESIGN<\/h3>\n<\/li>\n<li><img decoding=\"async\" src=\"\/wp-content\/uploads\/2024\/02\/menuactive.png\" alt=\"null\" \/><br \/>\n<h3>Handgefertigter Keramikk\u00f6rper, 2 mal bei 1200 Grad gebrannt<\/h3>\n<\/li>\n<li><img decoding=\"async\" src=\"\/wp-content\/uploads\/2024\/02\/menuactive.png\" alt=\"null\" \/><br \/>\n<h3>Keramik-Feuerraum und Premium-Ring<\/h3>\n<\/li>\n<li><img decoding=\"async\" src=\"\/wp-content\/uploads\/2024\/02\/menuactive.png\" alt=\"null\" \/><br \/>\n<h3>Robustes Federsystem und Deckelverriegelungssystem<\/h3>\n<\/li>\n<\/ul>","protected":false},"excerpt":{"rendered":"<p>Elevate your outdoor grilling with the GRLLR Ember Classic 22 Inch Kamado BBQ. Crafted for precision and durability, this charcoal matte black grill ensures exceptional flavor and easy cleanup, perfect for creating memorable culinary experiences.<\/p>","protected":false},"featured_media":11537,"comment_status":"open","ping_status":"closed","template":"","meta":{"_acf_changed":false},"product_brand":[],"product_cat":[146,148,147,141,78,151],"product_tag":[],"class_list":{"0":"post-7104","1":"product","2":"type-product","3":"status-publish","4":"has-post-thumbnail","6":"product_cat-146","7":"product_cat-148","8":"product_cat-147","9":"product_cat-22-inch","10":"product_cat-ember-kamados","11":"product_cat-matte","13":"first","14":"instock","15":"purchasable","16":"product-type-simple"},"acf":[],"yoast_head":"<!-- This site is optimized with the Yoast SEO Premium plugin v26.1 (Yoast SEO v27.4) - https:\/\/yoast.com\/product\/yoast-seo-premium-wordpress\/ -->\n<title>GRLLR Ember Classic 22 inch | Charcoal Black | Build In - GRLLR<\/title>\n<meta name=\"robots\" content=\"index, follow, max-snippet:-1, max-image-preview:large, max-video-preview:-1\" \/>\n<link rel=\"canonical\" href=\"https:\/\/grllr.com\/de\/produkt\/ember-classic-22-charcoal-black-build-in\/\" \/>\n<meta property=\"og:locale\" content=\"de_DE\" \/>\n<meta property=\"og:type\" content=\"article\" \/>\n<meta property=\"og:title\" content=\"GRLLR Ember Classic 22 inch | Charcoal Black | Build In\" \/>\n<meta property=\"og:description\" content=\"Elevate your outdoor grilling with the GRLLR Ember Classic 22 Inch Kamado BBQ. Crafted for precision and durability, this charcoal matte black grill ensures exceptional flavor and easy cleanup, perfect for creating memorable culinary experiences.\" \/>\n<meta property=\"og:url\" content=\"https:\/\/grllr.com\/de\/produkt\/ember-classic-22-charcoal-black-build-in\/\" \/>\n<meta property=\"og:site_name\" content=\"GRLLR\" \/>\n<meta property=\"article:modified_time\" content=\"2025-11-11T10:58:28+00:00\" \/>\n<meta property=\"og:image\" content=\"https:\/\/grllr.com\/wp-content\/uploads\/2024\/07\/GRLLR-Ember-Charcoal-Kamado-22-Inch-Build-In-1.webp\" \/>\n\t<meta property=\"og:image:width\" content=\"800\" \/>\n\t<meta property=\"og:image:height\" content=\"800\" \/>\n\t<meta property=\"og:image:type\" content=\"image\/webp\" \/>\n<meta name=\"twitter:card\" content=\"summary_large_image\" \/>\n<script type=\"application\/ld+json\" class=\"yoast-schema-graph\">{\"@context\":\"https:\\\/\\\/schema.org\",\"@graph\":[{\"@type\":\"WebPage\",\"@id\":\"https:\\\/\\\/grllr.com\\\/product\\\/ember-classic-22-charcoal-black-build-in\\\/\",\"url\":\"https:\\\/\\\/grllr.com\\\/product\\\/ember-classic-22-charcoal-black-build-in\\\/\",\"name\":\"GRLLR Ember Classic 22 inch | Charcoal Black | Build In - GRLLR\",\"isPartOf\":{\"@id\":\"https:\\\/\\\/grllr.com\\\/nl\\\/#website\"},\"primaryImageOfPage\":{\"@id\":\"https:\\\/\\\/grllr.com\\\/product\\\/ember-classic-22-charcoal-black-build-in\\\/#primaryimage\"},\"image\":{\"@id\":\"https:\\\/\\\/grllr.com\\\/product\\\/ember-classic-22-charcoal-black-build-in\\\/#primaryimage\"},\"thumbnailUrl\":\"https:\\\/\\\/grllr.com\\\/wp-content\\\/uploads\\\/2024\\\/07\\\/GRLLR-Ember-Charcoal-Kamado-22-Inch-Build-In-1.webp\",\"datePublished\":\"2024-03-11T14:14:29+00:00\",\"dateModified\":\"2025-11-11T10:58:28+00:00\",\"breadcrumb\":{\"@id\":\"https:\\\/\\\/grllr.com\\\/product\\\/ember-classic-22-charcoal-black-build-in\\\/#breadcrumb\"},\"inLanguage\":\"de\",\"potentialAction\":[{\"@type\":\"ReadAction\",\"target\":[\"https:\\\/\\\/grllr.com\\\/product\\\/ember-classic-22-charcoal-black-build-in\\\/\"]}]},{\"@type\":\"ImageObject\",\"inLanguage\":\"de\",\"@id\":\"https:\\\/\\\/grllr.com\\\/product\\\/ember-classic-22-charcoal-black-build-in\\\/#primaryimage\",\"url\":\"https:\\\/\\\/grllr.com\\\/wp-content\\\/uploads\\\/2024\\\/07\\\/GRLLR-Ember-Charcoal-Kamado-22-Inch-Build-In-1.webp\",\"contentUrl\":\"https:\\\/\\\/grllr.com\\\/wp-content\\\/uploads\\\/2024\\\/07\\\/GRLLR-Ember-Charcoal-Kamado-22-Inch-Build-In-1.webp\",\"width\":800,\"height\":800},{\"@type\":\"BreadcrumbList\",\"@id\":\"https:\\\/\\\/grllr.com\\\/product\\\/ember-classic-22-charcoal-black-build-in\\\/#breadcrumb\",\"itemListElement\":[{\"@type\":\"ListItem\",\"position\":1,\"name\":\"Home\",\"item\":\"https:\\\/\\\/grllr.com\\\/\"},{\"@type\":\"ListItem\",\"position\":2,\"name\":\"Producten\",\"item\":\"https:\\\/\\\/grllr.com\\\/nl\\\/shop\\\/\"},{\"@type\":\"ListItem\",\"position\":3,\"name\":\"GRLLR Ember Classic 22 inch | Charcoal Black | Build In\"}]},{\"@type\":\"WebSite\",\"@id\":\"https:\\\/\\\/grllr.com\\\/nl\\\/#website\",\"url\":\"https:\\\/\\\/grllr.com\\\/nl\\\/\",\"name\":\"GRLLR\",\"description\":\"The Joy Of Outdoor Cooking\",\"publisher\":{\"@id\":\"https:\\\/\\\/grllr.com\\\/nl\\\/#organization\"},\"alternateName\":\"Griller\",\"potentialAction\":[{\"@type\":\"SearchAction\",\"target\":{\"@type\":\"EntryPoint\",\"urlTemplate\":\"https:\\\/\\\/grllr.com\\\/nl\\\/?s={search_term_string}\"},\"query-input\":{\"@type\":\"PropertyValueSpecification\",\"valueRequired\":true,\"valueName\":\"search_term_string\"}}],\"inLanguage\":\"de\"},{\"@type\":\"Organization\",\"@id\":\"https:\\\/\\\/grllr.com\\\/nl\\\/#organization\",\"name\":\"The GRLLR Company\",\"alternateName\":\"GRLLR\",\"url\":\"https:\\\/\\\/grllr.com\\\/nl\\\/\",\"logo\":{\"@type\":\"ImageObject\",\"inLanguage\":\"de\",\"@id\":\"https:\\\/\\\/grllr.com\\\/nl\\\/#\\\/schema\\\/logo\\\/image\\\/\",\"url\":\"https:\\\/\\\/grllr.com\\\/wp-content\\\/uploads\\\/2023\\\/05\\\/logo.svg\",\"contentUrl\":\"https:\\\/\\\/grllr.com\\\/wp-content\\\/uploads\\\/2023\\\/05\\\/logo.svg\",\"width\":81,\"height\":50,\"caption\":\"The GRLLR Company\"},\"image\":{\"@id\":\"https:\\\/\\\/grllr.com\\\/nl\\\/#\\\/schema\\\/logo\\\/image\\\/\"},\"sameAs\":[\"https:\\\/\\\/www.instagram.com\\\/the.grllr\\\/\"],\"email\":\"connect@grllr.com\",\"legalName\":\"The GRLLR Company\",\"numberOfEmployees\":{\"@type\":\"QuantitativeValue\",\"minValue\":\"1\",\"maxValue\":\"10\"}}]}<\/script>\n<!-- \/ Yoast SEO Premium plugin. -->","yoast_head_json":{"title":"GRLLR Ember Classic 22 inch | Charcoal Black | Build In - GRLLR","robots":{"index":"index","follow":"follow","max-snippet":"max-snippet:-1","max-image-preview":"max-image-preview:large","max-video-preview":"max-video-preview:-1"},"canonical":"https:\/\/grllr.com\/de\/produkt\/ember-classic-22-charcoal-black-build-in\/","og_locale":"de_DE","og_type":"article","og_title":"GRLLR Ember Classic 22 inch | Charcoal Black | Build In","og_description":"Elevate your outdoor grilling with the GRLLR Ember Classic 22 Inch Kamado BBQ. Crafted for precision and durability, this charcoal matte black grill ensures exceptional flavor and easy cleanup, perfect for creating memorable culinary experiences.","og_url":"https:\/\/grllr.com\/de\/produkt\/ember-classic-22-charcoal-black-build-in\/","og_site_name":"GRLLR","article_modified_time":"2025-11-11T10:58:28+00:00","og_image":[{"width":800,"height":800,"url":"https:\/\/grllr.com\/wp-content\/uploads\/2024\/07\/GRLLR-Ember-Charcoal-Kamado-22-Inch-Build-In-1.webp","type":"image\/webp"}],"twitter_card":"summary_large_image","schema":{"@context":"https:\/\/schema.org","@graph":[{"@type":"WebPage","@id":"https:\/\/grllr.com\/product\/ember-classic-22-charcoal-black-build-in\/","url":"https:\/\/grllr.com\/product\/ember-classic-22-charcoal-black-build-in\/","name":"GRLLR Ember Classic 22 inch | Charcoal Black | Build In - GRLLR","isPartOf":{"@id":"https:\/\/grllr.com\/nl\/#website"},"primaryImageOfPage":{"@id":"https:\/\/grllr.com\/product\/ember-classic-22-charcoal-black-build-in\/#primaryimage"},"image":{"@id":"https:\/\/grllr.com\/product\/ember-classic-22-charcoal-black-build-in\/#primaryimage"},"thumbnailUrl":"https:\/\/grllr.com\/wp-content\/uploads\/2024\/07\/GRLLR-Ember-Charcoal-Kamado-22-Inch-Build-In-1.webp","datePublished":"2024-03-11T14:14:29+00:00","dateModified":"2025-11-11T10:58:28+00:00","breadcrumb":{"@id":"https:\/\/grllr.com\/product\/ember-classic-22-charcoal-black-build-in\/#breadcrumb"},"inLanguage":"de","potentialAction":[{"@type":"ReadAction","target":["https:\/\/grllr.com\/product\/ember-classic-22-charcoal-black-build-in\/"]}]},{"@type":"ImageObject","inLanguage":"de","@id":"https:\/\/grllr.com\/product\/ember-classic-22-charcoal-black-build-in\/#primaryimage","url":"https:\/\/grllr.com\/wp-content\/uploads\/2024\/07\/GRLLR-Ember-Charcoal-Kamado-22-Inch-Build-In-1.webp","contentUrl":"https:\/\/grllr.com\/wp-content\/uploads\/2024\/07\/GRLLR-Ember-Charcoal-Kamado-22-Inch-Build-In-1.webp","width":800,"height":800},{"@type":"BreadcrumbList","@id":"https:\/\/grllr.com\/product\/ember-classic-22-charcoal-black-build-in\/#breadcrumb","itemListElement":[{"@type":"ListItem","position":1,"name":"Home","item":"https:\/\/grllr.com\/"},{"@type":"ListItem","position":2,"name":"Producten","item":"https:\/\/grllr.com\/nl\/shop\/"},{"@type":"ListItem","position":3,"name":"GRLLR Ember Classic 22 inch | Charcoal Black | Build In"}]},{"@type":"WebSite","@id":"https:\/\/grllr.com\/nl\/#website","url":"https:\/\/grllr.com\/nl\/","name":"GRLLR","description":"The Joy Of Outdoor Cooking","publisher":{"@id":"https:\/\/grllr.com\/nl\/#organization"},"alternateName":"Griller","potentialAction":[{"@type":"SearchAction","target":{"@type":"EntryPoint","urlTemplate":"https:\/\/grllr.com\/nl\/?s={search_term_string}"},"query-input":{"@type":"PropertyValueSpecification","valueRequired":true,"valueName":"search_term_string"}}],"inLanguage":"de"},{"@type":"Organization","@id":"https:\/\/grllr.com\/nl\/#organization","name":"The GRLLR Company","alternateName":"GRLLR","url":"https:\/\/grllr.com\/nl\/","logo":{"@type":"ImageObject","inLanguage":"de","@id":"https:\/\/grllr.com\/nl\/#\/schema\/logo\/image\/","url":"https:\/\/grllr.com\/wp-content\/uploads\/2023\/05\/logo.svg","contentUrl":"https:\/\/grllr.com\/wp-content\/uploads\/2023\/05\/logo.svg","width":81,"height":50,"caption":"The GRLLR Company"},"image":{"@id":"https:\/\/grllr.com\/nl\/#\/schema\/logo\/image\/"},"sameAs":["https:\/\/www.instagram.com\/the.grllr\/"],"email":"connect@grllr.com","legalName":"The GRLLR Company","numberOfEmployees":{"@type":"QuantitativeValue","minValue":"1","maxValue":"10"}}]}},"_links":{"self":[{"href":"https:\/\/grllr.com\/de\/wp-json\/wp\/v2\/product\/7104","targetHints":{"allow":["GET"]}}],"collection":[{"href":"https:\/\/grllr.com\/de\/wp-json\/wp\/v2\/product"}],"about":[{"href":"https:\/\/grllr.com\/de\/wp-json\/wp\/v2\/types\/product"}],"replies":[{"embeddable":true,"href":"https:\/\/grllr.com\/de\/wp-json\/wp\/v2\/comments?post=7104"}],"version-history":[{"count":1,"href":"https:\/\/grllr.com\/de\/wp-json\/wp\/v2\/product\/7104\/revisions"}],"predecessor-version":[{"id":12274,"href":"https:\/\/grllr.com\/de\/wp-json\/wp\/v2\/product\/7104\/revisions\/12274"}],"wp:featuredmedia":[{"embeddable":true,"href":"https:\/\/grllr.com\/de\/wp-json\/wp\/v2\/media\/11537"}],"wp:attachment":[{"href":"https:\/\/grllr.com\/de\/wp-json\/wp\/v2\/media?parent=7104"}],"wp:term":[{"taxonomy":"product_brand","embeddable":true,"href":"https:\/\/grllr.com\/de\/wp-json\/wp\/v2\/product_brand?post=7104"},{"taxonomy":"product_cat","embeddable":true,"href":"https:\/\/grllr.com\/de\/wp-json\/wp\/v2\/product_cat?post=7104"},{"taxonomy":"product_tag","embeddable":true,"href":"https:\/\/grllr.com\/de\/wp-json\/wp\/v2\/product_tag?post=7104"}],"curies":[{"name":"wp","href":"https:\/\/api.w.org\/{rel}","templated":true}]}}