{"id":1979,"date":"2023-06-08T13:27:23","date_gmt":"2023-06-08T13:27:23","guid":{"rendered":"https:\/\/grllr.com\/product\/grllr-ember-classic-22-inch-charcoal-black\/"},"modified":"2026-03-05T14:11:06","modified_gmt":"2026-03-05T13:11:06","slug":"ember-classic-22-charcoal-black","status":"publish","type":"product","link":"https:\/\/grllr.com\/de\/produkt\/ember-classic-22-charcoal-black\/","title":{"rendered":"GRLLR Ember Classic 22 Zoll | Anthrazitschwarz"},"content":{"rendered":"<p>Werten Sie Ihr BBQ mit dem GRLLR Ember Classic 22 Inch auf. Dieser elegante Kamado sorgt f\u00fcr gleichm\u00e4\u00dfige W\u00e4rmeverteilung, pr\u00e4zise Steuerung und einfache Reinigung und ist damit perfekt f\u00fcr Grillbegeisterte. Er wurde mit Blick auf Langlebigkeit gefertigt und verspricht Jahr f\u00fcr Jahr au\u00dfergew\u00f6hnliche Leistung. Egal, ob Sie eine Versammlung veranstalten oder ein gem\u00fctliches Abendessen genie\u00dfen, er ist der ultimative Begleiter beim Kochen im Freien. Werten Sie Ihr kulinarisches Erlebnis mit dem GRLLR Ember Classic 22 Inch auf und schaffen Sie unvergessliche Erinnerungen mit Ihren Lieben.<\/p>\n<ul>\n<li><img decoding=\"async\" src=\"\/wp-content\/uploads\/2024\/02\/menuactive.png\" alt=\"null\" \/><br \/>\n<h3>Registriertes GRLLR-DESIGN<\/h3>\n<\/li>\n<li><img decoding=\"async\" src=\"\/wp-content\/uploads\/2024\/02\/menuactive.png\" alt=\"null\" \/><br \/>\n<h3>Handgefertigter Keramikk\u00f6rper, 2 mal bei 1200 Grad gebrannt<\/h3>\n<\/li>\n<li><img decoding=\"async\" src=\"\/wp-content\/uploads\/2024\/02\/menuactive.png\" alt=\"null\" \/><br \/>\n<h3>Keramik-Feuerraum und Premium-Ring<\/h3>\n<\/li>\n<li><img decoding=\"async\" src=\"\/wp-content\/uploads\/2024\/02\/menuactive.png\" alt=\"null\" \/><br \/>\n<h3>Robustes Federsystem und Deckelverriegelungssystem<\/h3>\n<\/li>\n<li><img decoding=\"async\" src=\"\/wp-content\/uploads\/2024\/02\/menuactive.png\" alt=\"null\" \/><br \/>\n<h3>Trolley mit Schwerlastrollen, davon 2 mit Feststeller<\/h3>\n<\/li>\n<li><img decoding=\"async\" src=\"\/wp-content\/uploads\/2024\/02\/menuactive.png\" alt=\"null\" \/><br \/>\n<h3>Wetterfeste HDDP-Seitenablagen mit Werkzeughaken<\/h3>\n<\/li>\n<\/ul>","protected":false},"excerpt":{"rendered":"<p>Elevate your outdoor cooking with the GRLLR Ember Classic 22 Inch Kamado BBQ. Precision-designed for exceptional grilling experiences, it&#8217;s the ultimate companion for barbecue enthusiasts.<\/p>","protected":false},"featured_media":11532,"comment_status":"open","ping_status":"closed","template":"","meta":{"_acf_changed":false},"product_brand":[],"product_cat":[146,148,147,141,78,151],"product_tag":[50],"class_list":{"0":"post-1979","1":"product","2":"type-product","3":"status-publish","4":"has-post-thumbnail","6":"product_cat-146","7":"product_cat-148","8":"product_cat-147","9":"product_cat-22-inch","10":"product_cat-ember-kamados","11":"product_cat-matte","12":"product_tag-ember","14":"first","15":"instock","16":"purchasable","17":"product-type-simple"},"acf":[],"yoast_head":"<!-- This site is optimized with the Yoast SEO Premium plugin v26.1 (Yoast SEO v27.4) - https:\/\/yoast.com\/product\/yoast-seo-premium-wordpress\/ -->\n<title>GRLLR Ember Classic 22 inch | Charcoal Black - GRLLR<\/title>\n<meta name=\"robots\" content=\"index, follow, max-snippet:-1, max-image-preview:large, max-video-preview:-1\" \/>\n<link rel=\"canonical\" href=\"https:\/\/grllr.com\/de\/produkt\/ember-classic-22-charcoal-black\/\" \/>\n<meta property=\"og:locale\" content=\"de_DE\" \/>\n<meta property=\"og:type\" content=\"article\" \/>\n<meta property=\"og:title\" content=\"GRLLR Ember Classic 22 inch | Charcoal Black\" \/>\n<meta property=\"og:description\" content=\"Elevate your outdoor cooking with the GRLLR Ember Classic 22 Inch Kamado BBQ. Precision-designed for exceptional grilling experiences, it&#039;s the ultimate companion for barbecue enthusiasts.\" \/>\n<meta property=\"og:url\" content=\"https:\/\/grllr.com\/de\/produkt\/ember-classic-22-charcoal-black\/\" \/>\n<meta property=\"og:site_name\" content=\"GRLLR\" \/>\n<meta property=\"article:modified_time\" content=\"2026-03-05T13:11:06+00:00\" \/>\n<meta property=\"og:image\" content=\"https:\/\/grllr.com\/wp-content\/uploads\/2024\/07\/GRLLR-Ember-Charcoal-Kamado-22-Inch-1.webp\" \/>\n\t<meta property=\"og:image:width\" content=\"800\" \/>\n\t<meta property=\"og:image:height\" content=\"800\" \/>\n\t<meta property=\"og:image:type\" content=\"image\/webp\" \/>\n<meta name=\"twitter:card\" content=\"summary_large_image\" \/>\n<meta name=\"twitter:label1\" content=\"Gesch\u00e4tzte Lesezeit\" \/>\n\t<meta name=\"twitter:data1\" content=\"2\u00a0Minuten\" \/>\n<script type=\"application\/ld+json\" class=\"yoast-schema-graph\">{\"@context\":\"https:\\\/\\\/schema.org\",\"@graph\":[{\"@type\":\"WebPage\",\"@id\":\"https:\\\/\\\/grllr.com\\\/product\\\/ember-classic-22-charcoal-black\\\/\",\"url\":\"https:\\\/\\\/grllr.com\\\/product\\\/ember-classic-22-charcoal-black\\\/\",\"name\":\"GRLLR Ember Classic 22 inch | Charcoal Black - GRLLR\",\"isPartOf\":{\"@id\":\"https:\\\/\\\/grllr.com\\\/nl\\\/#website\"},\"primaryImageOfPage\":{\"@id\":\"https:\\\/\\\/grllr.com\\\/product\\\/ember-classic-22-charcoal-black\\\/#primaryimage\"},\"image\":{\"@id\":\"https:\\\/\\\/grllr.com\\\/product\\\/ember-classic-22-charcoal-black\\\/#primaryimage\"},\"thumbnailUrl\":\"https:\\\/\\\/grllr.com\\\/wp-content\\\/uploads\\\/2024\\\/07\\\/GRLLR-Ember-Charcoal-Kamado-22-Inch-1.webp\",\"datePublished\":\"2023-06-08T13:27:23+00:00\",\"dateModified\":\"2026-03-05T13:11:06+00:00\",\"breadcrumb\":{\"@id\":\"https:\\\/\\\/grllr.com\\\/product\\\/ember-classic-22-charcoal-black\\\/#breadcrumb\"},\"inLanguage\":\"de\",\"potentialAction\":[{\"@type\":\"ReadAction\",\"target\":[\"https:\\\/\\\/grllr.com\\\/product\\\/ember-classic-22-charcoal-black\\\/\"]}]},{\"@type\":\"ImageObject\",\"inLanguage\":\"de\",\"@id\":\"https:\\\/\\\/grllr.com\\\/product\\\/ember-classic-22-charcoal-black\\\/#primaryimage\",\"url\":\"https:\\\/\\\/grllr.com\\\/wp-content\\\/uploads\\\/2024\\\/07\\\/GRLLR-Ember-Charcoal-Kamado-22-Inch-1.webp\",\"contentUrl\":\"https:\\\/\\\/grllr.com\\\/wp-content\\\/uploads\\\/2024\\\/07\\\/GRLLR-Ember-Charcoal-Kamado-22-Inch-1.webp\",\"width\":800,\"height\":800},{\"@type\":\"BreadcrumbList\",\"@id\":\"https:\\\/\\\/grllr.com\\\/product\\\/ember-classic-22-charcoal-black\\\/#breadcrumb\",\"itemListElement\":[{\"@type\":\"ListItem\",\"position\":1,\"name\":\"Home\",\"item\":\"https:\\\/\\\/grllr.com\\\/\"},{\"@type\":\"ListItem\",\"position\":2,\"name\":\"Producten\",\"item\":\"https:\\\/\\\/grllr.com\\\/nl\\\/shop\\\/\"},{\"@type\":\"ListItem\",\"position\":3,\"name\":\"GRLLR Ember Classic 22 inch | Charcoal Black\"}]},{\"@type\":\"WebSite\",\"@id\":\"https:\\\/\\\/grllr.com\\\/nl\\\/#website\",\"url\":\"https:\\\/\\\/grllr.com\\\/nl\\\/\",\"name\":\"GRLLR\",\"description\":\"The Joy Of Outdoor Cooking\",\"publisher\":{\"@id\":\"https:\\\/\\\/grllr.com\\\/nl\\\/#organization\"},\"alternateName\":\"Griller\",\"potentialAction\":[{\"@type\":\"SearchAction\",\"target\":{\"@type\":\"EntryPoint\",\"urlTemplate\":\"https:\\\/\\\/grllr.com\\\/nl\\\/?s={search_term_string}\"},\"query-input\":{\"@type\":\"PropertyValueSpecification\",\"valueRequired\":true,\"valueName\":\"search_term_string\"}}],\"inLanguage\":\"de\"},{\"@type\":\"Organization\",\"@id\":\"https:\\\/\\\/grllr.com\\\/nl\\\/#organization\",\"name\":\"The GRLLR Company\",\"alternateName\":\"GRLLR\",\"url\":\"https:\\\/\\\/grllr.com\\\/nl\\\/\",\"logo\":{\"@type\":\"ImageObject\",\"inLanguage\":\"de\",\"@id\":\"https:\\\/\\\/grllr.com\\\/nl\\\/#\\\/schema\\\/logo\\\/image\\\/\",\"url\":\"https:\\\/\\\/grllr.com\\\/wp-content\\\/uploads\\\/2023\\\/05\\\/logo.svg\",\"contentUrl\":\"https:\\\/\\\/grllr.com\\\/wp-content\\\/uploads\\\/2023\\\/05\\\/logo.svg\",\"width\":81,\"height\":50,\"caption\":\"The GRLLR Company\"},\"image\":{\"@id\":\"https:\\\/\\\/grllr.com\\\/nl\\\/#\\\/schema\\\/logo\\\/image\\\/\"},\"sameAs\":[\"https:\\\/\\\/www.instagram.com\\\/the.grllr\\\/\"],\"email\":\"connect@grllr.com\",\"legalName\":\"The GRLLR Company\",\"numberOfEmployees\":{\"@type\":\"QuantitativeValue\",\"minValue\":\"1\",\"maxValue\":\"10\"}}]}<\/script>\n<!-- \/ Yoast SEO Premium plugin. -->","yoast_head_json":{"title":"GRLLR Ember Classic 22 inch | Charcoal Black - GRLLR","robots":{"index":"index","follow":"follow","max-snippet":"max-snippet:-1","max-image-preview":"max-image-preview:large","max-video-preview":"max-video-preview:-1"},"canonical":"https:\/\/grllr.com\/de\/produkt\/ember-classic-22-charcoal-black\/","og_locale":"de_DE","og_type":"article","og_title":"GRLLR Ember Classic 22 inch | Charcoal Black","og_description":"Elevate your outdoor cooking with the GRLLR Ember Classic 22 Inch Kamado BBQ. Precision-designed for exceptional grilling experiences, it's the ultimate companion for barbecue enthusiasts.","og_url":"https:\/\/grllr.com\/de\/produkt\/ember-classic-22-charcoal-black\/","og_site_name":"GRLLR","article_modified_time":"2026-03-05T13:11:06+00:00","og_image":[{"width":800,"height":800,"url":"https:\/\/grllr.com\/wp-content\/uploads\/2024\/07\/GRLLR-Ember-Charcoal-Kamado-22-Inch-1.webp","type":"image\/webp"}],"twitter_card":"summary_large_image","twitter_misc":{"Gesch\u00e4tzte Lesezeit":"2\u00a0Minuten"},"schema":{"@context":"https:\/\/schema.org","@graph":[{"@type":"WebPage","@id":"https:\/\/grllr.com\/product\/ember-classic-22-charcoal-black\/","url":"https:\/\/grllr.com\/product\/ember-classic-22-charcoal-black\/","name":"GRLLR Ember Classic 22 inch | Charcoal Black - GRLLR","isPartOf":{"@id":"https:\/\/grllr.com\/nl\/#website"},"primaryImageOfPage":{"@id":"https:\/\/grllr.com\/product\/ember-classic-22-charcoal-black\/#primaryimage"},"image":{"@id":"https:\/\/grllr.com\/product\/ember-classic-22-charcoal-black\/#primaryimage"},"thumbnailUrl":"https:\/\/grllr.com\/wp-content\/uploads\/2024\/07\/GRLLR-Ember-Charcoal-Kamado-22-Inch-1.webp","datePublished":"2023-06-08T13:27:23+00:00","dateModified":"2026-03-05T13:11:06+00:00","breadcrumb":{"@id":"https:\/\/grllr.com\/product\/ember-classic-22-charcoal-black\/#breadcrumb"},"inLanguage":"de","potentialAction":[{"@type":"ReadAction","target":["https:\/\/grllr.com\/product\/ember-classic-22-charcoal-black\/"]}]},{"@type":"ImageObject","inLanguage":"de","@id":"https:\/\/grllr.com\/product\/ember-classic-22-charcoal-black\/#primaryimage","url":"https:\/\/grllr.com\/wp-content\/uploads\/2024\/07\/GRLLR-Ember-Charcoal-Kamado-22-Inch-1.webp","contentUrl":"https:\/\/grllr.com\/wp-content\/uploads\/2024\/07\/GRLLR-Ember-Charcoal-Kamado-22-Inch-1.webp","width":800,"height":800},{"@type":"BreadcrumbList","@id":"https:\/\/grllr.com\/product\/ember-classic-22-charcoal-black\/#breadcrumb","itemListElement":[{"@type":"ListItem","position":1,"name":"Home","item":"https:\/\/grllr.com\/"},{"@type":"ListItem","position":2,"name":"Producten","item":"https:\/\/grllr.com\/nl\/shop\/"},{"@type":"ListItem","position":3,"name":"GRLLR Ember Classic 22 inch | Charcoal Black"}]},{"@type":"WebSite","@id":"https:\/\/grllr.com\/nl\/#website","url":"https:\/\/grllr.com\/nl\/","name":"GRLLR","description":"The Joy Of Outdoor Cooking","publisher":{"@id":"https:\/\/grllr.com\/nl\/#organization"},"alternateName":"Griller","potentialAction":[{"@type":"SearchAction","target":{"@type":"EntryPoint","urlTemplate":"https:\/\/grllr.com\/nl\/?s={search_term_string}"},"query-input":{"@type":"PropertyValueSpecification","valueRequired":true,"valueName":"search_term_string"}}],"inLanguage":"de"},{"@type":"Organization","@id":"https:\/\/grllr.com\/nl\/#organization","name":"The GRLLR Company","alternateName":"GRLLR","url":"https:\/\/grllr.com\/nl\/","logo":{"@type":"ImageObject","inLanguage":"de","@id":"https:\/\/grllr.com\/nl\/#\/schema\/logo\/image\/","url":"https:\/\/grllr.com\/wp-content\/uploads\/2023\/05\/logo.svg","contentUrl":"https:\/\/grllr.com\/wp-content\/uploads\/2023\/05\/logo.svg","width":81,"height":50,"caption":"The GRLLR Company"},"image":{"@id":"https:\/\/grllr.com\/nl\/#\/schema\/logo\/image\/"},"sameAs":["https:\/\/www.instagram.com\/the.grllr\/"],"email":"connect@grllr.com","legalName":"The GRLLR Company","numberOfEmployees":{"@type":"QuantitativeValue","minValue":"1","maxValue":"10"}}]}},"_links":{"self":[{"href":"https:\/\/grllr.com\/de\/wp-json\/wp\/v2\/product\/1979","targetHints":{"allow":["GET"]}}],"collection":[{"href":"https:\/\/grllr.com\/de\/wp-json\/wp\/v2\/product"}],"about":[{"href":"https:\/\/grllr.com\/de\/wp-json\/wp\/v2\/types\/product"}],"replies":[{"embeddable":true,"href":"https:\/\/grllr.com\/de\/wp-json\/wp\/v2\/comments?post=1979"}],"version-history":[{"count":2,"href":"https:\/\/grllr.com\/de\/wp-json\/wp\/v2\/product\/1979\/revisions"}],"predecessor-version":[{"id":12357,"href":"https:\/\/grllr.com\/de\/wp-json\/wp\/v2\/product\/1979\/revisions\/12357"}],"wp:featuredmedia":[{"embeddable":true,"href":"https:\/\/grllr.com\/de\/wp-json\/wp\/v2\/media\/11532"}],"wp:attachment":[{"href":"https:\/\/grllr.com\/de\/wp-json\/wp\/v2\/media?parent=1979"}],"wp:term":[{"taxonomy":"product_brand","embeddable":true,"href":"https:\/\/grllr.com\/de\/wp-json\/wp\/v2\/product_brand?post=1979"},{"taxonomy":"product_cat","embeddable":true,"href":"https:\/\/grllr.com\/de\/wp-json\/wp\/v2\/product_cat?post=1979"},{"taxonomy":"product_tag","embeddable":true,"href":"https:\/\/grllr.com\/de\/wp-json\/wp\/v2\/product_tag?post=1979"}],"curies":[{"name":"wp","href":"https:\/\/api.w.org\/{rel}","templated":true}]}}