{"id":1974,"date":"2023-06-08T13:27:22","date_gmt":"2023-06-08T13:27:22","guid":{"rendered":"https:\/\/grllr.com\/product\/grllr-ember-pro-shiny-black\/"},"modified":"2026-03-05T14:11:32","modified_gmt":"2026-03-05T13:11:32","slug":"grllr-ember-pro-shiny-black","status":"publish","type":"product","link":"https:\/\/grllr.com\/de\/produkt\/grllr-ember-pro-shiny-black\/","title":{"rendered":"GRLLR Ember Pro | Gl\u00e4nzend Schwarz"},"content":{"rendered":"<p>Erleben Sie die Raffinesse des Outdoor-Kochens mit dem GRLLR Ember Pro Shiny Black Kamado BBQ. Er wurde f\u00fcr Spitzenleistungen entwickelt und kombiniert modernste Funktionen mit langlebiger Verarbeitung. Genie\u00dfen Sie pr\u00e4zise Temperaturregelung, einfache Wartung und beispiellose Vielseitigkeit. Erh\u00f6hen Sie Ihre kulinarischen Abenteuer mit Innovation und Eleganz in jedem flammengek\u00fcssten Gericht.<\/p>\n<ul>\n<li><img decoding=\"async\" src=\"\/wp-content\/uploads\/2024\/02\/menuactive.png\" alt=\"null\" \/><br \/>\n<h3>Registriertes GRLLR-DESIGN<\/h3>\n<\/li>\n<li><img decoding=\"async\" src=\"\/wp-content\/uploads\/2024\/02\/menuactive.png\" alt=\"null\" \/><br \/>\n<h3>Handgefertigter Keramikk\u00f6rper, 2 mal bei 1200 Grad gebrannt<\/h3>\n<\/li>\n<li><img decoding=\"async\" src=\"\/wp-content\/uploads\/2024\/02\/menuactive.png\" alt=\"null\" \/><br \/>\n<h3>Keramik-Feuerraum und Premium-Ring<\/h3>\n<\/li>\n<li><img decoding=\"async\" src=\"\/wp-content\/uploads\/2024\/02\/menuactive.png\" alt=\"null\" \/><br \/>\n<h3>Robustes Federsystem und Deckelverriegelungssystem<\/h3>\n<\/li>\n<li><img decoding=\"async\" src=\"\/wp-content\/uploads\/2024\/02\/menuactive.png\" alt=\"null\" \/><br \/>\n<h3>Trolley mit Schwerlastrollen, davon 2 mit Feststeller<\/h3>\n<\/li>\n<li><img decoding=\"async\" src=\"\/wp-content\/uploads\/2024\/02\/menuactive.png\" alt=\"null\" \/><br \/>\n<h3>Wetterfeste pulverbeschichtete Metall-Seitenablagen mit Werkzeughaken<\/h3>\n<\/li>\n<\/ul>","protected":false},"excerpt":{"rendered":"<p>Erleben Sie die Raffinesse des Outdoor-Kochens mit dem GRLLR Ember Pro Shiny Black Kamado BBQ. Er wurde f\u00fcr Spitzenleistungen entwickelt und kombiniert modernste Funktionen mit langlebiger Verarbeitung. Genie\u00dfen Sie pr\u00e4zise Temperaturregelung, einfache Wartung und beispiellose Vielseitigkeit. Erh\u00f6hen Sie Ihre kulinarischen Abenteuer mit Innovation und Eleganz in jedem flammengek\u00fcssten Gericht.<\/p>","protected":false},"featured_media":2186,"comment_status":"open","ping_status":"closed","template":"","meta":{"_acf_changed":false},"product_brand":[],"product_cat":[149,146,148,147,142,78,152],"product_tag":[50,55],"class_list":{"0":"post-1974","1":"product","2":"type-product","3":"status-publish","4":"has-post-thumbnail","6":"product_cat-149","7":"product_cat-146","8":"product_cat-148","9":"product_cat-147","10":"product_cat-23-inch","11":"product_cat-ember-kamados","12":"product_cat-shiny","13":"product_tag-ember","14":"product_tag-home","16":"first","17":"instock","18":"purchasable","19":"product-type-simple"},"acf":[],"yoast_head":"<!-- This site is optimized with the Yoast SEO Premium plugin v26.1 (Yoast SEO v27.4) - https:\/\/yoast.com\/product\/yoast-seo-premium-wordpress\/ -->\n<title>GRLLR Ember Pro | Shiny Black - GRLLR<\/title>\n<meta name=\"robots\" content=\"index, follow, max-snippet:-1, max-image-preview:large, max-video-preview:-1\" \/>\n<link rel=\"canonical\" href=\"https:\/\/grllr.com\/de\/produkt\/grllr-ember-pro-shiny-black\/\" \/>\n<meta property=\"og:locale\" content=\"de_DE\" \/>\n<meta property=\"og:type\" content=\"article\" \/>\n<meta property=\"og:title\" content=\"GRLLR Ember Pro | Shiny Black\" \/>\n<meta property=\"og:description\" content=\"Experience outdoor cooking sophistication with the GRLLR Ember Pro Shiny Black Kamado BBQ. Engineered for excellence, it combines cutting-edge features with durable craftsmanship. Enjoy precise temperature control, easy maintenance, and unparalleled versatility. Elevate your culinary adventures with innovation and elegance in every flame-kissed dish.\" \/>\n<meta property=\"og:url\" content=\"https:\/\/grllr.com\/de\/produkt\/grllr-ember-pro-shiny-black\/\" \/>\n<meta property=\"og:site_name\" content=\"GRLLR\" \/>\n<meta property=\"article:modified_time\" content=\"2026-03-05T13:11:32+00:00\" \/>\n<meta property=\"og:image\" content=\"https:\/\/grllr.com\/wp-content\/uploads\/2023\/06\/emberproshiny-1.webp\" \/>\n\t<meta property=\"og:image:width\" content=\"800\" \/>\n\t<meta property=\"og:image:height\" content=\"800\" \/>\n\t<meta property=\"og:image:type\" content=\"image\/webp\" \/>\n<meta name=\"twitter:card\" content=\"summary_large_image\" \/>\n<meta name=\"twitter:label1\" content=\"Gesch\u00e4tzte Lesezeit\" \/>\n\t<meta name=\"twitter:data1\" content=\"2\u00a0Minuten\" \/>\n<script type=\"application\/ld+json\" class=\"yoast-schema-graph\">{\"@context\":\"https:\\\/\\\/schema.org\",\"@graph\":[{\"@type\":\"WebPage\",\"@id\":\"https:\\\/\\\/grllr.com\\\/product\\\/grllr-ember-pro-shiny-black\\\/\",\"url\":\"https:\\\/\\\/grllr.com\\\/product\\\/grllr-ember-pro-shiny-black\\\/\",\"name\":\"GRLLR Ember Pro | Shiny Black - GRLLR\",\"isPartOf\":{\"@id\":\"https:\\\/\\\/grllr.com\\\/nl\\\/#website\"},\"primaryImageOfPage\":{\"@id\":\"https:\\\/\\\/grllr.com\\\/product\\\/grllr-ember-pro-shiny-black\\\/#primaryimage\"},\"image\":{\"@id\":\"https:\\\/\\\/grllr.com\\\/product\\\/grllr-ember-pro-shiny-black\\\/#primaryimage\"},\"thumbnailUrl\":\"https:\\\/\\\/grllr.com\\\/wp-content\\\/uploads\\\/2023\\\/06\\\/emberproshiny-1.webp\",\"datePublished\":\"2023-06-08T13:27:22+00:00\",\"dateModified\":\"2026-03-05T13:11:32+00:00\",\"breadcrumb\":{\"@id\":\"https:\\\/\\\/grllr.com\\\/product\\\/grllr-ember-pro-shiny-black\\\/#breadcrumb\"},\"inLanguage\":\"de\",\"potentialAction\":[{\"@type\":\"ReadAction\",\"target\":[\"https:\\\/\\\/grllr.com\\\/product\\\/grllr-ember-pro-shiny-black\\\/\"]}]},{\"@type\":\"ImageObject\",\"inLanguage\":\"de\",\"@id\":\"https:\\\/\\\/grllr.com\\\/product\\\/grllr-ember-pro-shiny-black\\\/#primaryimage\",\"url\":\"https:\\\/\\\/grllr.com\\\/wp-content\\\/uploads\\\/2023\\\/06\\\/emberproshiny-1.webp\",\"contentUrl\":\"https:\\\/\\\/grllr.com\\\/wp-content\\\/uploads\\\/2023\\\/06\\\/emberproshiny-1.webp\",\"width\":800,\"height\":800},{\"@type\":\"BreadcrumbList\",\"@id\":\"https:\\\/\\\/grllr.com\\\/product\\\/grllr-ember-pro-shiny-black\\\/#breadcrumb\",\"itemListElement\":[{\"@type\":\"ListItem\",\"position\":1,\"name\":\"Home\",\"item\":\"https:\\\/\\\/grllr.com\\\/\"},{\"@type\":\"ListItem\",\"position\":2,\"name\":\"Producten\",\"item\":\"https:\\\/\\\/grllr.com\\\/nl\\\/shop\\\/\"},{\"@type\":\"ListItem\",\"position\":3,\"name\":\"GRLLR Ember Pro | Shiny Black\"}]},{\"@type\":\"WebSite\",\"@id\":\"https:\\\/\\\/grllr.com\\\/nl\\\/#website\",\"url\":\"https:\\\/\\\/grllr.com\\\/nl\\\/\",\"name\":\"GRLLR\",\"description\":\"The Joy Of Outdoor Cooking\",\"publisher\":{\"@id\":\"https:\\\/\\\/grllr.com\\\/nl\\\/#organization\"},\"alternateName\":\"Griller\",\"potentialAction\":[{\"@type\":\"SearchAction\",\"target\":{\"@type\":\"EntryPoint\",\"urlTemplate\":\"https:\\\/\\\/grllr.com\\\/nl\\\/?s={search_term_string}\"},\"query-input\":{\"@type\":\"PropertyValueSpecification\",\"valueRequired\":true,\"valueName\":\"search_term_string\"}}],\"inLanguage\":\"de\"},{\"@type\":\"Organization\",\"@id\":\"https:\\\/\\\/grllr.com\\\/nl\\\/#organization\",\"name\":\"The GRLLR Company\",\"alternateName\":\"GRLLR\",\"url\":\"https:\\\/\\\/grllr.com\\\/nl\\\/\",\"logo\":{\"@type\":\"ImageObject\",\"inLanguage\":\"de\",\"@id\":\"https:\\\/\\\/grllr.com\\\/nl\\\/#\\\/schema\\\/logo\\\/image\\\/\",\"url\":\"https:\\\/\\\/grllr.com\\\/wp-content\\\/uploads\\\/2023\\\/05\\\/logo.svg\",\"contentUrl\":\"https:\\\/\\\/grllr.com\\\/wp-content\\\/uploads\\\/2023\\\/05\\\/logo.svg\",\"width\":81,\"height\":50,\"caption\":\"The GRLLR Company\"},\"image\":{\"@id\":\"https:\\\/\\\/grllr.com\\\/nl\\\/#\\\/schema\\\/logo\\\/image\\\/\"},\"sameAs\":[\"https:\\\/\\\/www.instagram.com\\\/the.grllr\\\/\"],\"email\":\"connect@grllr.com\",\"legalName\":\"The GRLLR Company\",\"numberOfEmployees\":{\"@type\":\"QuantitativeValue\",\"minValue\":\"1\",\"maxValue\":\"10\"}}]}<\/script>\n<!-- \/ Yoast SEO Premium plugin. -->","yoast_head_json":{"title":"GRLLR Ember Pro | Shiny Black - GRLLR","robots":{"index":"index","follow":"follow","max-snippet":"max-snippet:-1","max-image-preview":"max-image-preview:large","max-video-preview":"max-video-preview:-1"},"canonical":"https:\/\/grllr.com\/de\/produkt\/grllr-ember-pro-shiny-black\/","og_locale":"de_DE","og_type":"article","og_title":"GRLLR Ember Pro | Shiny Black","og_description":"Experience outdoor cooking sophistication with the GRLLR Ember Pro Shiny Black Kamado BBQ. Engineered for excellence, it combines cutting-edge features with durable craftsmanship. Enjoy precise temperature control, easy maintenance, and unparalleled versatility. Elevate your culinary adventures with innovation and elegance in every flame-kissed dish.","og_url":"https:\/\/grllr.com\/de\/produkt\/grllr-ember-pro-shiny-black\/","og_site_name":"GRLLR","article_modified_time":"2026-03-05T13:11:32+00:00","og_image":[{"width":800,"height":800,"url":"https:\/\/grllr.com\/wp-content\/uploads\/2023\/06\/emberproshiny-1.webp","type":"image\/webp"}],"twitter_card":"summary_large_image","twitter_misc":{"Gesch\u00e4tzte Lesezeit":"2\u00a0Minuten"},"schema":{"@context":"https:\/\/schema.org","@graph":[{"@type":"WebPage","@id":"https:\/\/grllr.com\/product\/grllr-ember-pro-shiny-black\/","url":"https:\/\/grllr.com\/product\/grllr-ember-pro-shiny-black\/","name":"GRLLR Ember Pro | Shiny Black - GRLLR","isPartOf":{"@id":"https:\/\/grllr.com\/nl\/#website"},"primaryImageOfPage":{"@id":"https:\/\/grllr.com\/product\/grllr-ember-pro-shiny-black\/#primaryimage"},"image":{"@id":"https:\/\/grllr.com\/product\/grllr-ember-pro-shiny-black\/#primaryimage"},"thumbnailUrl":"https:\/\/grllr.com\/wp-content\/uploads\/2023\/06\/emberproshiny-1.webp","datePublished":"2023-06-08T13:27:22+00:00","dateModified":"2026-03-05T13:11:32+00:00","breadcrumb":{"@id":"https:\/\/grllr.com\/product\/grllr-ember-pro-shiny-black\/#breadcrumb"},"inLanguage":"de","potentialAction":[{"@type":"ReadAction","target":["https:\/\/grllr.com\/product\/grllr-ember-pro-shiny-black\/"]}]},{"@type":"ImageObject","inLanguage":"de","@id":"https:\/\/grllr.com\/product\/grllr-ember-pro-shiny-black\/#primaryimage","url":"https:\/\/grllr.com\/wp-content\/uploads\/2023\/06\/emberproshiny-1.webp","contentUrl":"https:\/\/grllr.com\/wp-content\/uploads\/2023\/06\/emberproshiny-1.webp","width":800,"height":800},{"@type":"BreadcrumbList","@id":"https:\/\/grllr.com\/product\/grllr-ember-pro-shiny-black\/#breadcrumb","itemListElement":[{"@type":"ListItem","position":1,"name":"Home","item":"https:\/\/grllr.com\/"},{"@type":"ListItem","position":2,"name":"Producten","item":"https:\/\/grllr.com\/nl\/shop\/"},{"@type":"ListItem","position":3,"name":"GRLLR Ember Pro | Shiny Black"}]},{"@type":"WebSite","@id":"https:\/\/grllr.com\/nl\/#website","url":"https:\/\/grllr.com\/nl\/","name":"GRLLR","description":"The Joy Of Outdoor Cooking","publisher":{"@id":"https:\/\/grllr.com\/nl\/#organization"},"alternateName":"Griller","potentialAction":[{"@type":"SearchAction","target":{"@type":"EntryPoint","urlTemplate":"https:\/\/grllr.com\/nl\/?s={search_term_string}"},"query-input":{"@type":"PropertyValueSpecification","valueRequired":true,"valueName":"search_term_string"}}],"inLanguage":"de"},{"@type":"Organization","@id":"https:\/\/grllr.com\/nl\/#organization","name":"The GRLLR Company","alternateName":"GRLLR","url":"https:\/\/grllr.com\/nl\/","logo":{"@type":"ImageObject","inLanguage":"de","@id":"https:\/\/grllr.com\/nl\/#\/schema\/logo\/image\/","url":"https:\/\/grllr.com\/wp-content\/uploads\/2023\/05\/logo.svg","contentUrl":"https:\/\/grllr.com\/wp-content\/uploads\/2023\/05\/logo.svg","width":81,"height":50,"caption":"The GRLLR Company"},"image":{"@id":"https:\/\/grllr.com\/nl\/#\/schema\/logo\/image\/"},"sameAs":["https:\/\/www.instagram.com\/the.grllr\/"],"email":"connect@grllr.com","legalName":"The GRLLR Company","numberOfEmployees":{"@type":"QuantitativeValue","minValue":"1","maxValue":"10"}}]}},"_links":{"self":[{"href":"https:\/\/grllr.com\/de\/wp-json\/wp\/v2\/product\/1974","targetHints":{"allow":["GET"]}}],"collection":[{"href":"https:\/\/grllr.com\/de\/wp-json\/wp\/v2\/product"}],"about":[{"href":"https:\/\/grllr.com\/de\/wp-json\/wp\/v2\/types\/product"}],"replies":[{"embeddable":true,"href":"https:\/\/grllr.com\/de\/wp-json\/wp\/v2\/comments?post=1974"}],"version-history":[{"count":5,"href":"https:\/\/grllr.com\/de\/wp-json\/wp\/v2\/product\/1974\/revisions"}],"predecessor-version":[{"id":12359,"href":"https:\/\/grllr.com\/de\/wp-json\/wp\/v2\/product\/1974\/revisions\/12359"}],"wp:featuredmedia":[{"embeddable":true,"href":"https:\/\/grllr.com\/de\/wp-json\/wp\/v2\/media\/2186"}],"wp:attachment":[{"href":"https:\/\/grllr.com\/de\/wp-json\/wp\/v2\/media?parent=1974"}],"wp:term":[{"taxonomy":"product_brand","embeddable":true,"href":"https:\/\/grllr.com\/de\/wp-json\/wp\/v2\/product_brand?post=1974"},{"taxonomy":"product_cat","embeddable":true,"href":"https:\/\/grllr.com\/de\/wp-json\/wp\/v2\/product_cat?post=1974"},{"taxonomy":"product_tag","embeddable":true,"href":"https:\/\/grllr.com\/de\/wp-json\/wp\/v2\/product_tag?post=1974"}],"curies":[{"name":"wp","href":"https:\/\/api.w.org\/{rel}","templated":true}]}}