{"id":1956,"date":"2023-06-08T13:27:18","date_gmt":"2023-06-08T13:27:18","guid":{"rendered":"https:\/\/grllr.com\/product\/grllr-grill-plate-for-prime-g4s-g4-build-in\/"},"modified":"2024-07-25T10:19:32","modified_gmt":"2024-07-25T08:19:32","slug":"prime-grill-plate-g4s-g4-build-in","status":"publish","type":"product","link":"https:\/\/grllr.com\/de\/produkt\/prime-grill-plate-g4s-g4-build-in\/","title":{"rendered":"GRLLR Grillplatte f\u00fcr Prime G4S\/G4 Build In"},"content":{"rendered":"<p>Verbessern Sie Ihr Grillerlebnis mit der GRLLR-Grillplatte f\u00fcr die Einbau-Gasgrills G4S und G4.<\/p>\n<p>Dieses hochwertige Zubeh\u00f6r aus robustem Gusseisen ersetzt nahtlos Ihre Grillroste und sorgt f\u00fcr zus\u00e4tzliche Vielseitigkeit und Kontrolle. Die flache Oberfl\u00e4che eignet sich perfekt zum Kochen von Fisch, Eiern, Gem\u00fcse und mehr und l\u00e4sst sich dank der Antihaftbeschichtung leicht reinigen.<\/p>\n<p>R\u00fcsten Sie Ihre Outdoor-Kochausr\u00fcstung auf und erschlie\u00dfen Sie sich neue kulinarische M\u00f6glichkeiten.<\/p>","protected":false},"excerpt":{"rendered":"<p>Verbessern Sie die Vielseitigkeit und Kontrolle Ihres Grillens mit der perfekten Erg\u00e4nzung zu Ihrem GRLLR Prime G4S- oder G4-Einbau-Gasgrill \u2013 der hochwertigen GRLLR-Grillplatte aus Gusseisen. Dieses au\u00dfergew\u00f6hnliche Zubeh\u00f6r wurde entwickelt, um Ihr Grillen zu einem neuen Erlebnis zu machen. Es erm\u00f6glicht Ihnen, Ihre kulinarischen Kreationen auf ein neues Niveau zu heben und bietet Ihnen un\u00fcbertroffene Vielseitigkeit und Kontrolle beim Kochen.<\/p>","protected":false},"featured_media":7804,"comment_status":"open","ping_status":"closed","template":"","meta":{"_acf_changed":false},"product_brand":[],"product_cat":[81,126,77],"product_tag":[90,46],"class_list":{"0":"post-1956","1":"product","2":"type-product","3":"status-publish","4":"has-post-thumbnail","6":"product_cat-accessories","7":"product_cat-gas-accessories","8":"product_cat-prime-gas-barbecues","9":"product_tag-grill-plate","10":"product_tag-prime","12":"first","13":"instock","14":"purchasable","15":"product-type-simple"},"acf":[],"yoast_head":"<!-- This site is optimized with the Yoast SEO Premium plugin v26.1 (Yoast SEO v27.4) - https:\/\/yoast.com\/product\/yoast-seo-premium-wordpress\/ -->\n<title>GRLLR Grill Plate for Prime G4S\/G4 Build In - GRLLR<\/title>\n<meta name=\"robots\" content=\"index, follow, max-snippet:-1, max-image-preview:large, max-video-preview:-1\" \/>\n<link rel=\"canonical\" href=\"https:\/\/grllr.com\/de\/produkt\/prime-grill-plate-g4s-g4-build-in\/\" \/>\n<meta property=\"og:locale\" content=\"de_DE\" \/>\n<meta property=\"og:type\" content=\"article\" \/>\n<meta property=\"og:title\" content=\"GRLLR Grill Plate for Prime G4S\/G4 Build In\" \/>\n<meta property=\"og:description\" content=\"Enhance the versatility and control of your grilling with the perfect addition to your GRLLR Prime G4S or G4 Build-In gas barbecue - the high-quality cast iron GRLLR Grill Plate. Crafted to elevate your grilling game, this exceptional accessory empowers you to take your culinary creations to new heights, providing unmatched versatility and control over your cooking.\" \/>\n<meta property=\"og:url\" content=\"https:\/\/grllr.com\/de\/produkt\/prime-grill-plate-g4s-g4-build-in\/\" \/>\n<meta property=\"og:site_name\" content=\"GRLLR\" \/>\n<meta property=\"article:modified_time\" content=\"2024-07-25T08:19:32+00:00\" \/>\n<meta property=\"og:image\" content=\"https:\/\/grllr.com\/wp-content\/uploads\/2023\/06\/1_GR-24-G3S-G5S-GP.jpg\" \/>\n\t<meta property=\"og:image:width\" content=\"1080\" \/>\n\t<meta property=\"og:image:height\" content=\"1080\" \/>\n\t<meta property=\"og:image:type\" content=\"image\/jpeg\" \/>\n<meta name=\"twitter:card\" content=\"summary_large_image\" \/>\n<script type=\"application\/ld+json\" class=\"yoast-schema-graph\">{\"@context\":\"https:\\\/\\\/schema.org\",\"@graph\":[{\"@type\":\"WebPage\",\"@id\":\"https:\\\/\\\/grllr.com\\\/product\\\/prime-grill-plate-g4s-g4-build-in\\\/\",\"url\":\"https:\\\/\\\/grllr.com\\\/product\\\/prime-grill-plate-g4s-g4-build-in\\\/\",\"name\":\"GRLLR Grill Plate for Prime G4S\\\/G4 Build In - GRLLR\",\"isPartOf\":{\"@id\":\"https:\\\/\\\/grllr.com\\\/nl\\\/#website\"},\"primaryImageOfPage\":{\"@id\":\"https:\\\/\\\/grllr.com\\\/product\\\/prime-grill-plate-g4s-g4-build-in\\\/#primaryimage\"},\"image\":{\"@id\":\"https:\\\/\\\/grllr.com\\\/product\\\/prime-grill-plate-g4s-g4-build-in\\\/#primaryimage\"},\"thumbnailUrl\":\"https:\\\/\\\/grllr.com\\\/wp-content\\\/uploads\\\/2023\\\/06\\\/1_GR-24-G3S-G5S-GP.jpg\",\"datePublished\":\"2023-06-08T13:27:18+00:00\",\"dateModified\":\"2024-07-25T08:19:32+00:00\",\"breadcrumb\":{\"@id\":\"https:\\\/\\\/grllr.com\\\/product\\\/prime-grill-plate-g4s-g4-build-in\\\/#breadcrumb\"},\"inLanguage\":\"de\",\"potentialAction\":[{\"@type\":\"ReadAction\",\"target\":[\"https:\\\/\\\/grllr.com\\\/product\\\/prime-grill-plate-g4s-g4-build-in\\\/\"]}]},{\"@type\":\"ImageObject\",\"inLanguage\":\"de\",\"@id\":\"https:\\\/\\\/grllr.com\\\/product\\\/prime-grill-plate-g4s-g4-build-in\\\/#primaryimage\",\"url\":\"https:\\\/\\\/grllr.com\\\/wp-content\\\/uploads\\\/2023\\\/06\\\/1_GR-24-G3S-G5S-GP.jpg\",\"contentUrl\":\"https:\\\/\\\/grllr.com\\\/wp-content\\\/uploads\\\/2023\\\/06\\\/1_GR-24-G3S-G5S-GP.jpg\",\"width\":1080,\"height\":1080},{\"@type\":\"BreadcrumbList\",\"@id\":\"https:\\\/\\\/grllr.com\\\/product\\\/prime-grill-plate-g4s-g4-build-in\\\/#breadcrumb\",\"itemListElement\":[{\"@type\":\"ListItem\",\"position\":1,\"name\":\"Home\",\"item\":\"https:\\\/\\\/grllr.com\\\/\"},{\"@type\":\"ListItem\",\"position\":2,\"name\":\"Producten\",\"item\":\"https:\\\/\\\/grllr.com\\\/nl\\\/shop\\\/\"},{\"@type\":\"ListItem\",\"position\":3,\"name\":\"Grill Plate for Prime G4S\\\/G4 Build In\"}]},{\"@type\":\"WebSite\",\"@id\":\"https:\\\/\\\/grllr.com\\\/nl\\\/#website\",\"url\":\"https:\\\/\\\/grllr.com\\\/nl\\\/\",\"name\":\"GRLLR\",\"description\":\"The Joy Of Outdoor Cooking\",\"publisher\":{\"@id\":\"https:\\\/\\\/grllr.com\\\/nl\\\/#organization\"},\"alternateName\":\"Griller\",\"potentialAction\":[{\"@type\":\"SearchAction\",\"target\":{\"@type\":\"EntryPoint\",\"urlTemplate\":\"https:\\\/\\\/grllr.com\\\/nl\\\/?s={search_term_string}\"},\"query-input\":{\"@type\":\"PropertyValueSpecification\",\"valueRequired\":true,\"valueName\":\"search_term_string\"}}],\"inLanguage\":\"de\"},{\"@type\":\"Organization\",\"@id\":\"https:\\\/\\\/grllr.com\\\/nl\\\/#organization\",\"name\":\"The GRLLR Company\",\"alternateName\":\"GRLLR\",\"url\":\"https:\\\/\\\/grllr.com\\\/nl\\\/\",\"logo\":{\"@type\":\"ImageObject\",\"inLanguage\":\"de\",\"@id\":\"https:\\\/\\\/grllr.com\\\/nl\\\/#\\\/schema\\\/logo\\\/image\\\/\",\"url\":\"https:\\\/\\\/grllr.com\\\/wp-content\\\/uploads\\\/2023\\\/05\\\/logo.svg\",\"contentUrl\":\"https:\\\/\\\/grllr.com\\\/wp-content\\\/uploads\\\/2023\\\/05\\\/logo.svg\",\"width\":81,\"height\":50,\"caption\":\"The GRLLR Company\"},\"image\":{\"@id\":\"https:\\\/\\\/grllr.com\\\/nl\\\/#\\\/schema\\\/logo\\\/image\\\/\"},\"sameAs\":[\"https:\\\/\\\/www.instagram.com\\\/the.grllr\\\/\"],\"email\":\"connect@grllr.com\",\"legalName\":\"The GRLLR Company\",\"numberOfEmployees\":{\"@type\":\"QuantitativeValue\",\"minValue\":\"1\",\"maxValue\":\"10\"}}]}<\/script>\n<!-- \/ Yoast SEO Premium plugin. -->","yoast_head_json":{"title":"GRLLR Grill Plate for Prime G4S\/G4 Build In - GRLLR","robots":{"index":"index","follow":"follow","max-snippet":"max-snippet:-1","max-image-preview":"max-image-preview:large","max-video-preview":"max-video-preview:-1"},"canonical":"https:\/\/grllr.com\/de\/produkt\/prime-grill-plate-g4s-g4-build-in\/","og_locale":"de_DE","og_type":"article","og_title":"GRLLR Grill Plate for Prime G4S\/G4 Build In","og_description":"Enhance the versatility and control of your grilling with the perfect addition to your GRLLR Prime G4S or G4 Build-In gas barbecue - the high-quality cast iron GRLLR Grill Plate. Crafted to elevate your grilling game, this exceptional accessory empowers you to take your culinary creations to new heights, providing unmatched versatility and control over your cooking.","og_url":"https:\/\/grllr.com\/de\/produkt\/prime-grill-plate-g4s-g4-build-in\/","og_site_name":"GRLLR","article_modified_time":"2024-07-25T08:19:32+00:00","og_image":[{"width":1080,"height":1080,"url":"https:\/\/grllr.com\/wp-content\/uploads\/2023\/06\/1_GR-24-G3S-G5S-GP.jpg","type":"image\/jpeg"}],"twitter_card":"summary_large_image","schema":{"@context":"https:\/\/schema.org","@graph":[{"@type":"WebPage","@id":"https:\/\/grllr.com\/product\/prime-grill-plate-g4s-g4-build-in\/","url":"https:\/\/grllr.com\/product\/prime-grill-plate-g4s-g4-build-in\/","name":"GRLLR Grill Plate for Prime G4S\/G4 Build In - GRLLR","isPartOf":{"@id":"https:\/\/grllr.com\/nl\/#website"},"primaryImageOfPage":{"@id":"https:\/\/grllr.com\/product\/prime-grill-plate-g4s-g4-build-in\/#primaryimage"},"image":{"@id":"https:\/\/grllr.com\/product\/prime-grill-plate-g4s-g4-build-in\/#primaryimage"},"thumbnailUrl":"https:\/\/grllr.com\/wp-content\/uploads\/2023\/06\/1_GR-24-G3S-G5S-GP.jpg","datePublished":"2023-06-08T13:27:18+00:00","dateModified":"2024-07-25T08:19:32+00:00","breadcrumb":{"@id":"https:\/\/grllr.com\/product\/prime-grill-plate-g4s-g4-build-in\/#breadcrumb"},"inLanguage":"de","potentialAction":[{"@type":"ReadAction","target":["https:\/\/grllr.com\/product\/prime-grill-plate-g4s-g4-build-in\/"]}]},{"@type":"ImageObject","inLanguage":"de","@id":"https:\/\/grllr.com\/product\/prime-grill-plate-g4s-g4-build-in\/#primaryimage","url":"https:\/\/grllr.com\/wp-content\/uploads\/2023\/06\/1_GR-24-G3S-G5S-GP.jpg","contentUrl":"https:\/\/grllr.com\/wp-content\/uploads\/2023\/06\/1_GR-24-G3S-G5S-GP.jpg","width":1080,"height":1080},{"@type":"BreadcrumbList","@id":"https:\/\/grllr.com\/product\/prime-grill-plate-g4s-g4-build-in\/#breadcrumb","itemListElement":[{"@type":"ListItem","position":1,"name":"Home","item":"https:\/\/grllr.com\/"},{"@type":"ListItem","position":2,"name":"Producten","item":"https:\/\/grllr.com\/nl\/shop\/"},{"@type":"ListItem","position":3,"name":"Grill Plate for Prime G4S\/G4 Build In"}]},{"@type":"WebSite","@id":"https:\/\/grllr.com\/nl\/#website","url":"https:\/\/grllr.com\/nl\/","name":"GRLLR","description":"The Joy Of Outdoor Cooking","publisher":{"@id":"https:\/\/grllr.com\/nl\/#organization"},"alternateName":"Griller","potentialAction":[{"@type":"SearchAction","target":{"@type":"EntryPoint","urlTemplate":"https:\/\/grllr.com\/nl\/?s={search_term_string}"},"query-input":{"@type":"PropertyValueSpecification","valueRequired":true,"valueName":"search_term_string"}}],"inLanguage":"de"},{"@type":"Organization","@id":"https:\/\/grllr.com\/nl\/#organization","name":"The GRLLR Company","alternateName":"GRLLR","url":"https:\/\/grllr.com\/nl\/","logo":{"@type":"ImageObject","inLanguage":"de","@id":"https:\/\/grllr.com\/nl\/#\/schema\/logo\/image\/","url":"https:\/\/grllr.com\/wp-content\/uploads\/2023\/05\/logo.svg","contentUrl":"https:\/\/grllr.com\/wp-content\/uploads\/2023\/05\/logo.svg","width":81,"height":50,"caption":"The GRLLR Company"},"image":{"@id":"https:\/\/grllr.com\/nl\/#\/schema\/logo\/image\/"},"sameAs":["https:\/\/www.instagram.com\/the.grllr\/"],"email":"connect@grllr.com","legalName":"The GRLLR Company","numberOfEmployees":{"@type":"QuantitativeValue","minValue":"1","maxValue":"10"}}]}},"_links":{"self":[{"href":"https:\/\/grllr.com\/de\/wp-json\/wp\/v2\/product\/1956","targetHints":{"allow":["GET"]}}],"collection":[{"href":"https:\/\/grllr.com\/de\/wp-json\/wp\/v2\/product"}],"about":[{"href":"https:\/\/grllr.com\/de\/wp-json\/wp\/v2\/types\/product"}],"replies":[{"embeddable":true,"href":"https:\/\/grllr.com\/de\/wp-json\/wp\/v2\/comments?post=1956"}],"version-history":[{"count":0,"href":"https:\/\/grllr.com\/de\/wp-json\/wp\/v2\/product\/1956\/revisions"}],"wp:featuredmedia":[{"embeddable":true,"href":"https:\/\/grllr.com\/de\/wp-json\/wp\/v2\/media\/7804"}],"wp:attachment":[{"href":"https:\/\/grllr.com\/de\/wp-json\/wp\/v2\/media?parent=1956"}],"wp:term":[{"taxonomy":"product_brand","embeddable":true,"href":"https:\/\/grllr.com\/de\/wp-json\/wp\/v2\/product_brand?post=1956"},{"taxonomy":"product_cat","embeddable":true,"href":"https:\/\/grllr.com\/de\/wp-json\/wp\/v2\/product_cat?post=1956"},{"taxonomy":"product_tag","embeddable":true,"href":"https:\/\/grllr.com\/de\/wp-json\/wp\/v2\/product_tag?post=1956"}],"curies":[{"name":"wp","href":"https:\/\/api.w.org\/{rel}","templated":true}]}}