{"id":1947,"date":"2023-06-08T13:27:17","date_gmt":"2023-06-08T13:27:17","guid":{"rendered":"https:\/\/grllr.com\/product\/grllr-get-together-food-tray-35-cm-2-sections-white\/"},"modified":"2024-05-22T07:22:14","modified_gmt":"2024-05-22T05:22:14","slug":"grllr-get-together-food-tray-35-cm-2-sections-white","status":"publish","type":"product","link":"https:\/\/grllr.com\/de\/produkt\/grllr-get-together-food-tray-35-cm-2-sections-white\/","title":{"rendered":"GRLLR <span>Zusammenkommen<\/span> Essenstablett Klein | Wei\u00df"},"content":{"rendered":"<p>Das GRLLR Wooden Get Together Tray ist genau wie der Name vermuten l\u00e4sst perfekt f\u00fcr kleine und gro\u00dfe Zusammenk\u00fcnfte. Servieren Sie Fleischst\u00fccke, Fisch, Gem\u00fcse oder sogar So\u00dfen auf einem Holztablett mit Keramikschalen. Perfekt nat\u00fcrlich zum Grillen am Tisch oder f\u00fcr jede andere Zusammenkunft.<\/p>","protected":false},"excerpt":{"rendered":"<p>Das GRLLR Wooden Get Together Tray ist genau wie der Name vermuten l\u00e4sst perfekt f\u00fcr kleine und gro\u00dfe Zusammenk\u00fcnfte. Servieren Sie Fleischst\u00fccke, Fisch, Gem\u00fcse oder sogar So\u00dfen auf einem Holztablett mit Keramikschalen. Perfekt nat\u00fcrlich zum Grillen am Tisch oder f\u00fcr jede andere Zusammenkunft.<\/p>","protected":false},"featured_media":2206,"comment_status":"open","ping_status":"closed","template":"","meta":{"_acf_changed":false},"product_brand":[],"product_cat":[47],"product_tag":[45],"class_list":{"0":"post-1947","1":"product","2":"type-product","3":"status-publish","4":"has-post-thumbnail","6":"product_cat-connect-outdoor-kitchen","7":"product_tag-cutting-boards-serving-trays","9":"first","10":"instock","11":"purchasable","12":"product-type-simple"},"acf":[],"yoast_head":"<!-- This site is optimized with the Yoast SEO Premium plugin v27.5 (Yoast SEO v27.5) - https:\/\/yoast.com\/product\/yoast-seo-premium-wordpress\/ -->\n<title>GRLLR Get Together Food Tray Small | White - GRLLR<\/title>\n<meta name=\"robots\" content=\"index, follow, max-snippet:-1, max-image-preview:large, max-video-preview:-1\" \/>\n<link rel=\"canonical\" href=\"https:\/\/grllr.com\/de\/produkt\/grllr-get-together-food-tray-35-cm-2-sections-white\/\" \/>\n<meta property=\"og:locale\" content=\"de_DE\" \/>\n<meta property=\"og:type\" content=\"article\" \/>\n<meta property=\"og:title\" content=\"GRLLR Get Together Food Tray Small | White\" \/>\n<meta property=\"og:description\" content=\"The GRLLR Wooden Get Together Tray is exactly as the name suggests perfect for get togethers, small or large. Serve pieces of meats, fish, veggies, or even sauces on a wooden tray with ceramic bowls. Perfect for table grilling or any other get together of course.\" \/>\n<meta property=\"og:url\" content=\"https:\/\/grllr.com\/de\/produkt\/grllr-get-together-food-tray-35-cm-2-sections-white\/\" \/>\n<meta property=\"og:site_name\" content=\"GRLLR\" \/>\n<meta property=\"article:modified_time\" content=\"2024-05-22T05:22:14+00:00\" \/>\n<meta property=\"og:image\" content=\"https:\/\/grllr.com\/wp-content\/uploads\/2023\/06\/gettogethersmallwt-1.webp\" \/>\n\t<meta property=\"og:image:width\" content=\"800\" \/>\n\t<meta property=\"og:image:height\" content=\"800\" \/>\n\t<meta property=\"og:image:type\" content=\"image\/webp\" \/>\n<meta name=\"twitter:card\" content=\"summary_large_image\" \/>\n<script type=\"application\/ld+json\" class=\"yoast-schema-graph\">{\"@context\":\"https:\\\/\\\/schema.org\",\"@graph\":[{\"@type\":\"WebPage\",\"@id\":\"https:\\\/\\\/grllr.com\\\/product\\\/grllr-get-together-food-tray-35-cm-2-sections-white\\\/\",\"url\":\"https:\\\/\\\/grllr.com\\\/product\\\/grllr-get-together-food-tray-35-cm-2-sections-white\\\/\",\"name\":\"GRLLR Get Together Food Tray Small | White - GRLLR\",\"isPartOf\":{\"@id\":\"https:\\\/\\\/grllr.com\\\/nl\\\/#website\"},\"primaryImageOfPage\":{\"@id\":\"https:\\\/\\\/grllr.com\\\/product\\\/grllr-get-together-food-tray-35-cm-2-sections-white\\\/#primaryimage\"},\"image\":{\"@id\":\"https:\\\/\\\/grllr.com\\\/product\\\/grllr-get-together-food-tray-35-cm-2-sections-white\\\/#primaryimage\"},\"thumbnailUrl\":\"https:\\\/\\\/grllr.com\\\/wp-content\\\/uploads\\\/2023\\\/06\\\/gettogethersmallwt-1.webp\",\"datePublished\":\"2023-06-08T13:27:17+00:00\",\"dateModified\":\"2024-05-22T05:22:14+00:00\",\"breadcrumb\":{\"@id\":\"https:\\\/\\\/grllr.com\\\/product\\\/grllr-get-together-food-tray-35-cm-2-sections-white\\\/#breadcrumb\"},\"inLanguage\":\"de\",\"potentialAction\":[{\"@type\":\"ReadAction\",\"target\":[\"https:\\\/\\\/grllr.com\\\/product\\\/grllr-get-together-food-tray-35-cm-2-sections-white\\\/\"]}]},{\"@type\":\"ImageObject\",\"inLanguage\":\"de\",\"@id\":\"https:\\\/\\\/grllr.com\\\/product\\\/grllr-get-together-food-tray-35-cm-2-sections-white\\\/#primaryimage\",\"url\":\"https:\\\/\\\/grllr.com\\\/wp-content\\\/uploads\\\/2023\\\/06\\\/gettogethersmallwt-1.webp\",\"contentUrl\":\"https:\\\/\\\/grllr.com\\\/wp-content\\\/uploads\\\/2023\\\/06\\\/gettogethersmallwt-1.webp\",\"width\":800,\"height\":800},{\"@type\":\"BreadcrumbList\",\"@id\":\"https:\\\/\\\/grllr.com\\\/product\\\/grllr-get-together-food-tray-35-cm-2-sections-white\\\/#breadcrumb\",\"itemListElement\":[{\"@type\":\"ListItem\",\"position\":1,\"name\":\"Home\",\"item\":\"https:\\\/\\\/grllr.com\\\/\"},{\"@type\":\"ListItem\",\"position\":2,\"name\":\"Producten\",\"item\":\"https:\\\/\\\/grllr.com\\\/nl\\\/shop\\\/\"},{\"@type\":\"ListItem\",\"position\":3,\"name\":\"GRLLR Get Together Food Tray Small | White\"}]},{\"@type\":\"WebSite\",\"@id\":\"https:\\\/\\\/grllr.com\\\/nl\\\/#website\",\"url\":\"https:\\\/\\\/grllr.com\\\/nl\\\/\",\"name\":\"GRLLR\",\"description\":\"The Joy Of Outdoor Cooking\",\"publisher\":{\"@id\":\"https:\\\/\\\/grllr.com\\\/nl\\\/#organization\"},\"alternateName\":\"Griller\",\"potentialAction\":[{\"@type\":\"SearchAction\",\"target\":{\"@type\":\"EntryPoint\",\"urlTemplate\":\"https:\\\/\\\/grllr.com\\\/nl\\\/?s={search_term_string}\"},\"query-input\":{\"@type\":\"PropertyValueSpecification\",\"valueRequired\":true,\"valueName\":\"search_term_string\"}}],\"inLanguage\":\"de\"},{\"@type\":\"Organization\",\"@id\":\"https:\\\/\\\/grllr.com\\\/nl\\\/#organization\",\"name\":\"The GRLLR Company\",\"alternateName\":\"GRLLR\",\"url\":\"https:\\\/\\\/grllr.com\\\/nl\\\/\",\"logo\":{\"@type\":\"ImageObject\",\"inLanguage\":\"de\",\"@id\":\"https:\\\/\\\/grllr.com\\\/nl\\\/#\\\/schema\\\/logo\\\/image\\\/\",\"url\":\"https:\\\/\\\/grllr.com\\\/wp-content\\\/uploads\\\/2023\\\/05\\\/logo.svg\",\"contentUrl\":\"https:\\\/\\\/grllr.com\\\/wp-content\\\/uploads\\\/2023\\\/05\\\/logo.svg\",\"width\":81,\"height\":50,\"caption\":\"The GRLLR Company\"},\"image\":{\"@id\":\"https:\\\/\\\/grllr.com\\\/nl\\\/#\\\/schema\\\/logo\\\/image\\\/\"},\"sameAs\":[\"https:\\\/\\\/www.instagram.com\\\/the.grllr\\\/\"],\"email\":\"connect@grllr.com\",\"legalName\":\"The GRLLR Company\",\"numberOfEmployees\":{\"@type\":\"QuantitativeValue\",\"minValue\":\"1\",\"maxValue\":\"10\"}}]}<\/script>\n<!-- \/ Yoast SEO Premium plugin. -->","yoast_head_json":{"title":"GRLLR Get Together Food Tray Small | White - GRLLR","robots":{"index":"index","follow":"follow","max-snippet":"max-snippet:-1","max-image-preview":"max-image-preview:large","max-video-preview":"max-video-preview:-1"},"canonical":"https:\/\/grllr.com\/de\/produkt\/grllr-get-together-food-tray-35-cm-2-sections-white\/","og_locale":"de_DE","og_type":"article","og_title":"GRLLR Get Together Food Tray Small | White","og_description":"The GRLLR Wooden Get Together Tray is exactly as the name suggests perfect for get togethers, small or large. Serve pieces of meats, fish, veggies, or even sauces on a wooden tray with ceramic bowls. Perfect for table grilling or any other get together of course.","og_url":"https:\/\/grllr.com\/de\/produkt\/grllr-get-together-food-tray-35-cm-2-sections-white\/","og_site_name":"GRLLR","article_modified_time":"2024-05-22T05:22:14+00:00","og_image":[{"width":800,"height":800,"url":"https:\/\/grllr.com\/wp-content\/uploads\/2023\/06\/gettogethersmallwt-1.webp","type":"image\/webp"}],"twitter_card":"summary_large_image","schema":{"@context":"https:\/\/schema.org","@graph":[{"@type":"WebPage","@id":"https:\/\/grllr.com\/product\/grllr-get-together-food-tray-35-cm-2-sections-white\/","url":"https:\/\/grllr.com\/product\/grllr-get-together-food-tray-35-cm-2-sections-white\/","name":"GRLLR Get Together Food Tray Small | White - GRLLR","isPartOf":{"@id":"https:\/\/grllr.com\/nl\/#website"},"primaryImageOfPage":{"@id":"https:\/\/grllr.com\/product\/grllr-get-together-food-tray-35-cm-2-sections-white\/#primaryimage"},"image":{"@id":"https:\/\/grllr.com\/product\/grllr-get-together-food-tray-35-cm-2-sections-white\/#primaryimage"},"thumbnailUrl":"https:\/\/grllr.com\/wp-content\/uploads\/2023\/06\/gettogethersmallwt-1.webp","datePublished":"2023-06-08T13:27:17+00:00","dateModified":"2024-05-22T05:22:14+00:00","breadcrumb":{"@id":"https:\/\/grllr.com\/product\/grllr-get-together-food-tray-35-cm-2-sections-white\/#breadcrumb"},"inLanguage":"de","potentialAction":[{"@type":"ReadAction","target":["https:\/\/grllr.com\/product\/grllr-get-together-food-tray-35-cm-2-sections-white\/"]}]},{"@type":"ImageObject","inLanguage":"de","@id":"https:\/\/grllr.com\/product\/grllr-get-together-food-tray-35-cm-2-sections-white\/#primaryimage","url":"https:\/\/grllr.com\/wp-content\/uploads\/2023\/06\/gettogethersmallwt-1.webp","contentUrl":"https:\/\/grllr.com\/wp-content\/uploads\/2023\/06\/gettogethersmallwt-1.webp","width":800,"height":800},{"@type":"BreadcrumbList","@id":"https:\/\/grllr.com\/product\/grllr-get-together-food-tray-35-cm-2-sections-white\/#breadcrumb","itemListElement":[{"@type":"ListItem","position":1,"name":"Home","item":"https:\/\/grllr.com\/"},{"@type":"ListItem","position":2,"name":"Producten","item":"https:\/\/grllr.com\/nl\/shop\/"},{"@type":"ListItem","position":3,"name":"GRLLR Get Together Food Tray Small | White"}]},{"@type":"WebSite","@id":"https:\/\/grllr.com\/nl\/#website","url":"https:\/\/grllr.com\/nl\/","name":"GRLLR","description":"The Joy Of Outdoor Cooking","publisher":{"@id":"https:\/\/grllr.com\/nl\/#organization"},"alternateName":"Griller","potentialAction":[{"@type":"SearchAction","target":{"@type":"EntryPoint","urlTemplate":"https:\/\/grllr.com\/nl\/?s={search_term_string}"},"query-input":{"@type":"PropertyValueSpecification","valueRequired":true,"valueName":"search_term_string"}}],"inLanguage":"de"},{"@type":"Organization","@id":"https:\/\/grllr.com\/nl\/#organization","name":"The GRLLR Company","alternateName":"GRLLR","url":"https:\/\/grllr.com\/nl\/","logo":{"@type":"ImageObject","inLanguage":"de","@id":"https:\/\/grllr.com\/nl\/#\/schema\/logo\/image\/","url":"https:\/\/grllr.com\/wp-content\/uploads\/2023\/05\/logo.svg","contentUrl":"https:\/\/grllr.com\/wp-content\/uploads\/2023\/05\/logo.svg","width":81,"height":50,"caption":"The GRLLR Company"},"image":{"@id":"https:\/\/grllr.com\/nl\/#\/schema\/logo\/image\/"},"sameAs":["https:\/\/www.instagram.com\/the.grllr\/"],"email":"connect@grllr.com","legalName":"The GRLLR Company","numberOfEmployees":{"@type":"QuantitativeValue","minValue":"1","maxValue":"10"}}]}},"_links":{"self":[{"href":"https:\/\/grllr.com\/de\/wp-json\/wp\/v2\/product\/1947","targetHints":{"allow":["GET"]}}],"collection":[{"href":"https:\/\/grllr.com\/de\/wp-json\/wp\/v2\/product"}],"about":[{"href":"https:\/\/grllr.com\/de\/wp-json\/wp\/v2\/types\/product"}],"replies":[{"embeddable":true,"href":"https:\/\/grllr.com\/de\/wp-json\/wp\/v2\/comments?post=1947"}],"version-history":[{"count":0,"href":"https:\/\/grllr.com\/de\/wp-json\/wp\/v2\/product\/1947\/revisions"}],"wp:featuredmedia":[{"embeddable":true,"href":"https:\/\/grllr.com\/de\/wp-json\/wp\/v2\/media\/2206"}],"wp:attachment":[{"href":"https:\/\/grllr.com\/de\/wp-json\/wp\/v2\/media?parent=1947"}],"wp:term":[{"taxonomy":"product_brand","embeddable":true,"href":"https:\/\/grllr.com\/de\/wp-json\/wp\/v2\/product_brand?post=1947"},{"taxonomy":"product_cat","embeddable":true,"href":"https:\/\/grllr.com\/de\/wp-json\/wp\/v2\/product_cat?post=1947"},{"taxonomy":"product_tag","embeddable":true,"href":"https:\/\/grllr.com\/de\/wp-json\/wp\/v2\/product_tag?post=1947"}],"curies":[{"name":"wp","href":"https:\/\/api.w.org\/{rel}","templated":true}]}}