{"id":1936,"date":"2023-06-08T13:27:15","date_gmt":"2023-06-08T13:27:15","guid":{"rendered":"https:\/\/grllr.com\/product\/grllr-tweezer-stainless-steel-2-1\/"},"modified":"2024-07-25T10:22:23","modified_gmt":"2024-07-25T08:22:23","slug":"grllr-tweezer","status":"publish","type":"product","link":"https:\/\/grllr.com\/de\/produkt\/grllr-tweezer\/","title":{"rendered":"GRLLR Pinzette | Edelstahl | 2\/1"},"content":{"rendered":"<p>Greifen Sie kleine Fleisch-, Fisch- oder Gem\u00fcsest\u00fccke mit der Edelstahlpinzette von GRLLR. Dieses Werkzeug eignet sich perfekt f\u00fcr die Tischgrills GRLLR, da diese Grills f\u00fcr kleinere Lebensmittel geeignet sind. Das Set mit 2\u00d71 Pinzetten ist eine gro\u00dfartige Erg\u00e4nzung f\u00fcr jeden Tischgrill.<\/p>","protected":false},"excerpt":{"rendered":"<p>Greifen Sie kleine Fleisch-, Fisch- oder Gem\u00fcsest\u00fccke mit der Edelstahlpinzette von GRLLR. Dieses Werkzeug eignet sich perfekt f\u00fcr die Tischgrills GRLLR, da diese Grills f\u00fcr kleinere Lebensmittel geeignet sind. Das Set mit 2\u00d71 Pinzetten ist eine gro\u00dfartige Erg\u00e4nzung f\u00fcr jeden Tischgrill.<\/p>","protected":false},"featured_media":7821,"comment_status":"open","ping_status":"closed","template":"","meta":{"_acf_changed":false},"product_brand":[],"product_cat":[81],"product_tag":[44],"class_list":{"0":"post-1936","1":"product","2":"type-product","3":"status-publish","4":"has-post-thumbnail","6":"product_cat-accessories","7":"product_tag-shichirin","9":"first","10":"instock","11":"purchasable","12":"product-type-simple"},"acf":[],"yoast_head":"<!-- This site is optimized with the Yoast SEO Premium plugin v26.1 (Yoast SEO v27.4) - https:\/\/yoast.com\/product\/yoast-seo-premium-wordpress\/ -->\n<title>GRLLR Tweezer | Stainless Steel | 2\/1 - GRLLR<\/title>\n<meta name=\"robots\" content=\"index, follow, max-snippet:-1, max-image-preview:large, max-video-preview:-1\" \/>\n<link rel=\"canonical\" href=\"https:\/\/grllr.com\/de\/produkt\/grllr-tweezer\/\" \/>\n<meta property=\"og:locale\" content=\"de_DE\" \/>\n<meta property=\"og:type\" content=\"article\" \/>\n<meta property=\"og:title\" content=\"GRLLR Tweezer | Stainless Steel | 2\/1\" \/>\n<meta property=\"og:description\" content=\"Grab your little pieces of meat, fish, or vegetables using the stainless steel tweezers from GRLLR. This tool is perfect to use with the GRLLR Table Barbecues as these grills are suitable for the smaller food. The set of 2&#215;1 tweezers are a great addition to any table barbecue.\" \/>\n<meta property=\"og:url\" content=\"https:\/\/grllr.com\/de\/produkt\/grllr-tweezer\/\" \/>\n<meta property=\"og:site_name\" content=\"GRLLR\" \/>\n<meta property=\"article:modified_time\" content=\"2024-07-25T08:22:23+00:00\" \/>\n<meta property=\"og:image\" content=\"https:\/\/grllr.com\/wp-content\/uploads\/2023\/06\/1_GR-22-07.jpg\" \/>\n\t<meta property=\"og:image:width\" content=\"800\" \/>\n\t<meta property=\"og:image:height\" content=\"800\" \/>\n\t<meta property=\"og:image:type\" content=\"image\/jpeg\" \/>\n<meta name=\"twitter:card\" content=\"summary_large_image\" \/>\n<script type=\"application\/ld+json\" class=\"yoast-schema-graph\">{\"@context\":\"https:\\\/\\\/schema.org\",\"@graph\":[{\"@type\":\"WebPage\",\"@id\":\"https:\\\/\\\/grllr.com\\\/product\\\/grllr-tweezer\\\/\",\"url\":\"https:\\\/\\\/grllr.com\\\/product\\\/grllr-tweezer\\\/\",\"name\":\"GRLLR Tweezer | Stainless Steel | 2\\\/1 - GRLLR\",\"isPartOf\":{\"@id\":\"https:\\\/\\\/grllr.com\\\/nl\\\/#website\"},\"primaryImageOfPage\":{\"@id\":\"https:\\\/\\\/grllr.com\\\/product\\\/grllr-tweezer\\\/#primaryimage\"},\"image\":{\"@id\":\"https:\\\/\\\/grllr.com\\\/product\\\/grllr-tweezer\\\/#primaryimage\"},\"thumbnailUrl\":\"https:\\\/\\\/grllr.com\\\/wp-content\\\/uploads\\\/2023\\\/06\\\/1_GR-22-07.jpg\",\"datePublished\":\"2023-06-08T13:27:15+00:00\",\"dateModified\":\"2024-07-25T08:22:23+00:00\",\"breadcrumb\":{\"@id\":\"https:\\\/\\\/grllr.com\\\/product\\\/grllr-tweezer\\\/#breadcrumb\"},\"inLanguage\":\"de\",\"potentialAction\":[{\"@type\":\"ReadAction\",\"target\":[\"https:\\\/\\\/grllr.com\\\/product\\\/grllr-tweezer\\\/\"]}]},{\"@type\":\"ImageObject\",\"inLanguage\":\"de\",\"@id\":\"https:\\\/\\\/grllr.com\\\/product\\\/grllr-tweezer\\\/#primaryimage\",\"url\":\"https:\\\/\\\/grllr.com\\\/wp-content\\\/uploads\\\/2023\\\/06\\\/1_GR-22-07.jpg\",\"contentUrl\":\"https:\\\/\\\/grllr.com\\\/wp-content\\\/uploads\\\/2023\\\/06\\\/1_GR-22-07.jpg\",\"width\":800,\"height\":800},{\"@type\":\"BreadcrumbList\",\"@id\":\"https:\\\/\\\/grllr.com\\\/product\\\/grllr-tweezer\\\/#breadcrumb\",\"itemListElement\":[{\"@type\":\"ListItem\",\"position\":1,\"name\":\"Home\",\"item\":\"https:\\\/\\\/grllr.com\\\/\"},{\"@type\":\"ListItem\",\"position\":2,\"name\":\"Producten\",\"item\":\"https:\\\/\\\/grllr.com\\\/nl\\\/shop\\\/\"},{\"@type\":\"ListItem\",\"position\":3,\"name\":\"GRLLR Tweezer | Stainless Steel | 2\\\/1\"}]},{\"@type\":\"WebSite\",\"@id\":\"https:\\\/\\\/grllr.com\\\/nl\\\/#website\",\"url\":\"https:\\\/\\\/grllr.com\\\/nl\\\/\",\"name\":\"GRLLR\",\"description\":\"The Joy Of Outdoor Cooking\",\"publisher\":{\"@id\":\"https:\\\/\\\/grllr.com\\\/nl\\\/#organization\"},\"alternateName\":\"Griller\",\"potentialAction\":[{\"@type\":\"SearchAction\",\"target\":{\"@type\":\"EntryPoint\",\"urlTemplate\":\"https:\\\/\\\/grllr.com\\\/nl\\\/?s={search_term_string}\"},\"query-input\":{\"@type\":\"PropertyValueSpecification\",\"valueRequired\":true,\"valueName\":\"search_term_string\"}}],\"inLanguage\":\"de\"},{\"@type\":\"Organization\",\"@id\":\"https:\\\/\\\/grllr.com\\\/nl\\\/#organization\",\"name\":\"The GRLLR Company\",\"alternateName\":\"GRLLR\",\"url\":\"https:\\\/\\\/grllr.com\\\/nl\\\/\",\"logo\":{\"@type\":\"ImageObject\",\"inLanguage\":\"de\",\"@id\":\"https:\\\/\\\/grllr.com\\\/nl\\\/#\\\/schema\\\/logo\\\/image\\\/\",\"url\":\"https:\\\/\\\/grllr.com\\\/wp-content\\\/uploads\\\/2023\\\/05\\\/logo.svg\",\"contentUrl\":\"https:\\\/\\\/grllr.com\\\/wp-content\\\/uploads\\\/2023\\\/05\\\/logo.svg\",\"width\":81,\"height\":50,\"caption\":\"The GRLLR Company\"},\"image\":{\"@id\":\"https:\\\/\\\/grllr.com\\\/nl\\\/#\\\/schema\\\/logo\\\/image\\\/\"},\"sameAs\":[\"https:\\\/\\\/www.instagram.com\\\/the.grllr\\\/\"],\"email\":\"connect@grllr.com\",\"legalName\":\"The GRLLR Company\",\"numberOfEmployees\":{\"@type\":\"QuantitativeValue\",\"minValue\":\"1\",\"maxValue\":\"10\"}}]}<\/script>\n<!-- \/ Yoast SEO Premium plugin. -->","yoast_head_json":{"title":"GRLLR Tweezer | Stainless Steel | 2\/1 - GRLLR","robots":{"index":"index","follow":"follow","max-snippet":"max-snippet:-1","max-image-preview":"max-image-preview:large","max-video-preview":"max-video-preview:-1"},"canonical":"https:\/\/grllr.com\/de\/produkt\/grllr-tweezer\/","og_locale":"de_DE","og_type":"article","og_title":"GRLLR Tweezer | Stainless Steel | 2\/1","og_description":"Grab your little pieces of meat, fish, or vegetables using the stainless steel tweezers from GRLLR. This tool is perfect to use with the GRLLR Table Barbecues as these grills are suitable for the smaller food. The set of 2&#215;1 tweezers are a great addition to any table barbecue.","og_url":"https:\/\/grllr.com\/de\/produkt\/grllr-tweezer\/","og_site_name":"GRLLR","article_modified_time":"2024-07-25T08:22:23+00:00","og_image":[{"width":800,"height":800,"url":"https:\/\/grllr.com\/wp-content\/uploads\/2023\/06\/1_GR-22-07.jpg","type":"image\/jpeg"}],"twitter_card":"summary_large_image","schema":{"@context":"https:\/\/schema.org","@graph":[{"@type":"WebPage","@id":"https:\/\/grllr.com\/product\/grllr-tweezer\/","url":"https:\/\/grllr.com\/product\/grllr-tweezer\/","name":"GRLLR Tweezer | Stainless Steel | 2\/1 - GRLLR","isPartOf":{"@id":"https:\/\/grllr.com\/nl\/#website"},"primaryImageOfPage":{"@id":"https:\/\/grllr.com\/product\/grllr-tweezer\/#primaryimage"},"image":{"@id":"https:\/\/grllr.com\/product\/grllr-tweezer\/#primaryimage"},"thumbnailUrl":"https:\/\/grllr.com\/wp-content\/uploads\/2023\/06\/1_GR-22-07.jpg","datePublished":"2023-06-08T13:27:15+00:00","dateModified":"2024-07-25T08:22:23+00:00","breadcrumb":{"@id":"https:\/\/grllr.com\/product\/grllr-tweezer\/#breadcrumb"},"inLanguage":"de","potentialAction":[{"@type":"ReadAction","target":["https:\/\/grllr.com\/product\/grllr-tweezer\/"]}]},{"@type":"ImageObject","inLanguage":"de","@id":"https:\/\/grllr.com\/product\/grllr-tweezer\/#primaryimage","url":"https:\/\/grllr.com\/wp-content\/uploads\/2023\/06\/1_GR-22-07.jpg","contentUrl":"https:\/\/grllr.com\/wp-content\/uploads\/2023\/06\/1_GR-22-07.jpg","width":800,"height":800},{"@type":"BreadcrumbList","@id":"https:\/\/grllr.com\/product\/grllr-tweezer\/#breadcrumb","itemListElement":[{"@type":"ListItem","position":1,"name":"Home","item":"https:\/\/grllr.com\/"},{"@type":"ListItem","position":2,"name":"Producten","item":"https:\/\/grllr.com\/nl\/shop\/"},{"@type":"ListItem","position":3,"name":"GRLLR Tweezer | Stainless Steel | 2\/1"}]},{"@type":"WebSite","@id":"https:\/\/grllr.com\/nl\/#website","url":"https:\/\/grllr.com\/nl\/","name":"GRLLR","description":"The Joy Of Outdoor Cooking","publisher":{"@id":"https:\/\/grllr.com\/nl\/#organization"},"alternateName":"Griller","potentialAction":[{"@type":"SearchAction","target":{"@type":"EntryPoint","urlTemplate":"https:\/\/grllr.com\/nl\/?s={search_term_string}"},"query-input":{"@type":"PropertyValueSpecification","valueRequired":true,"valueName":"search_term_string"}}],"inLanguage":"de"},{"@type":"Organization","@id":"https:\/\/grllr.com\/nl\/#organization","name":"The GRLLR Company","alternateName":"GRLLR","url":"https:\/\/grllr.com\/nl\/","logo":{"@type":"ImageObject","inLanguage":"de","@id":"https:\/\/grllr.com\/nl\/#\/schema\/logo\/image\/","url":"https:\/\/grllr.com\/wp-content\/uploads\/2023\/05\/logo.svg","contentUrl":"https:\/\/grllr.com\/wp-content\/uploads\/2023\/05\/logo.svg","width":81,"height":50,"caption":"The GRLLR Company"},"image":{"@id":"https:\/\/grllr.com\/nl\/#\/schema\/logo\/image\/"},"sameAs":["https:\/\/www.instagram.com\/the.grllr\/"],"email":"connect@grllr.com","legalName":"The GRLLR Company","numberOfEmployees":{"@type":"QuantitativeValue","minValue":"1","maxValue":"10"}}]}},"_links":{"self":[{"href":"https:\/\/grllr.com\/de\/wp-json\/wp\/v2\/product\/1936","targetHints":{"allow":["GET"]}}],"collection":[{"href":"https:\/\/grllr.com\/de\/wp-json\/wp\/v2\/product"}],"about":[{"href":"https:\/\/grllr.com\/de\/wp-json\/wp\/v2\/types\/product"}],"replies":[{"embeddable":true,"href":"https:\/\/grllr.com\/de\/wp-json\/wp\/v2\/comments?post=1936"}],"version-history":[{"count":0,"href":"https:\/\/grllr.com\/de\/wp-json\/wp\/v2\/product\/1936\/revisions"}],"wp:featuredmedia":[{"embeddable":true,"href":"https:\/\/grllr.com\/de\/wp-json\/wp\/v2\/media\/7821"}],"wp:attachment":[{"href":"https:\/\/grllr.com\/de\/wp-json\/wp\/v2\/media?parent=1936"}],"wp:term":[{"taxonomy":"product_brand","embeddable":true,"href":"https:\/\/grllr.com\/de\/wp-json\/wp\/v2\/product_brand?post=1936"},{"taxonomy":"product_cat","embeddable":true,"href":"https:\/\/grllr.com\/de\/wp-json\/wp\/v2\/product_cat?post=1936"},{"taxonomy":"product_tag","embeddable":true,"href":"https:\/\/grllr.com\/de\/wp-json\/wp\/v2\/product_tag?post=1936"}],"curies":[{"name":"wp","href":"https:\/\/api.w.org\/{rel}","templated":true}]}}