{"id":1920,"date":"2023-06-08T13:27:11","date_gmt":"2023-06-08T13:27:11","guid":{"rendered":"https:\/\/grllr.com\/product\/grllr-grill-plate-for-gourmet-duo-round-l-3\/"},"modified":"2024-05-22T07:22:17","modified_gmt":"2024-05-22T05:22:17","slug":"grllr-grill-plate-for-gourmet-duo-round-l-3","status":"publish","type":"product","link":"https:\/\/grllr.com\/de\/produkt\/grllr-grill-plate-for-gourmet-duo-round-l-3\/","title":{"rendered":"GRLLR Grillplatte f\u00fcr Gourmet Duo rund L"},"content":{"rendered":"<p><span style=\"font-weight: 400;\">Bringen Sie Ihren Gourmet Duo Round L Tischgrill auf die n\u00e4chste Stufe und erg\u00e4nzen Sie ihn mit einer Grillplatte aus Aluminiumguss. Mit dieser Grillplatte k\u00f6nnen Sie das ganze Jahr \u00fcber k\u00f6stliche Grillgerichte genie\u00dfen und das Potenzial Ihres Tischgrills voll aussch\u00f6pfen.<\/span><\/p>\n<p><span style=\"font-weight: 400;\">Die Grillplatte aus Aluminiumguss sorgt daf\u00fcr, dass Ihr Grillgut gleichm\u00e4\u00dfig in seinem eigenen Saft, Fett und \u00d6l gegart wird, sodass Sie jedes Mal eine k\u00f6stliche und aromatische Mahlzeit erhalten. Dar\u00fcber hinaus ist die Platte langlebig und leicht zu reinigen, was sie zu einem unverzichtbaren Zubeh\u00f6r f\u00fcr jeden Grillfan macht.<\/span><\/p>\n<p><span style=\"font-weight: 400;\">Lassen Sie sich vom Wechsel der Jahreszeiten nicht davon abhalten, die Aromen des Grills zu genie\u00dfen. Mit dem Gourmet Duo Round L Tischgrill und der Grillplatte k\u00f6nnen Sie zu jeder Jahreszeit k\u00f6stliches Fleisch, Fisch und Gem\u00fcse zubereiten. Bestellen Sie noch heute und bringen Sie Ihr Outdoor-Kochen auf die n\u00e4chste Stufe!<\/span><\/p>","protected":false},"excerpt":{"rendered":"<p>Take your Gourmet Duo Round L table barbecue to the next level with the addition of a cast aluminium grill plate. With this grill plate, you can enjoy delicious BBQ dishes all year round, using your table barbecue to its fullest potential. The cast aluminium grill plate ensures that your food cooks evenly in its [&hellip;]<\/p>\n","protected":false},"featured_media":2227,"comment_status":"open","ping_status":"closed","template":"","meta":{"_acf_changed":false},"product_brand":[],"product_cat":[81,182],"product_tag":[43],"class_list":{"0":"post-1920","1":"product","2":"type-product","3":"status-publish","4":"has-post-thumbnail","6":"product_cat-accessories","7":"product_cat-table-bbq-accessories","8":"product_tag-gourmet","10":"first","11":"instock","12":"purchasable","13":"product-type-simple"},"acf":[],"yoast_head":"<!-- This site is optimized with the Yoast SEO Premium plugin v26.1 (Yoast SEO v27.4) - https:\/\/yoast.com\/product\/yoast-seo-premium-wordpress\/ -->\n<title>GRLLR Grill Plate for Gourmet Duo Round L - GRLLR<\/title>\n<meta name=\"robots\" content=\"index, follow, max-snippet:-1, max-image-preview:large, max-video-preview:-1\" \/>\n<link rel=\"canonical\" href=\"https:\/\/grllr.com\/de\/produkt\/grllr-grill-plate-for-gourmet-duo-round-l-3\/\" \/>\n<meta property=\"og:locale\" content=\"de_DE\" \/>\n<meta property=\"og:type\" content=\"article\" \/>\n<meta property=\"og:title\" content=\"GRLLR Grill Plate for Gourmet Duo Round L\" \/>\n<meta property=\"og:description\" content=\"Take your Gourmet Duo Round L table barbecue to the next level with the addition of a cast aluminium grill plate. With this grill plate, you can enjoy delicious BBQ dishes all year round, using your table barbecue to its fullest potential. The cast aluminium grill plate ensures that your food cooks evenly in its [&hellip;]\" \/>\n<meta property=\"og:url\" content=\"https:\/\/grllr.com\/de\/produkt\/grllr-grill-plate-for-gourmet-duo-round-l-3\/\" \/>\n<meta property=\"og:site_name\" content=\"GRLLR\" \/>\n<meta property=\"article:modified_time\" content=\"2024-05-22T05:22:17+00:00\" \/>\n<meta property=\"og:image\" content=\"https:\/\/grllr.com\/wp-content\/uploads\/2023\/06\/plateduol-1.webp\" \/>\n\t<meta property=\"og:image:width\" content=\"800\" \/>\n\t<meta property=\"og:image:height\" content=\"800\" \/>\n\t<meta property=\"og:image:type\" content=\"image\/webp\" \/>\n<meta name=\"twitter:card\" content=\"summary_large_image\" \/>\n<meta name=\"twitter:label1\" content=\"Gesch\u00e4tzte Lesezeit\" \/>\n\t<meta name=\"twitter:data1\" content=\"1\u00a0Minute\" \/>\n<script type=\"application\/ld+json\" class=\"yoast-schema-graph\">{\"@context\":\"https:\\\/\\\/schema.org\",\"@graph\":[{\"@type\":\"WebPage\",\"@id\":\"https:\\\/\\\/grllr.com\\\/de\\\/produkt\\\/grllr-grill-plate-for-gourmet-duo-round-l-3\\\/\",\"url\":\"https:\\\/\\\/grllr.com\\\/de\\\/produkt\\\/grllr-grill-plate-for-gourmet-duo-round-l-3\\\/\",\"name\":\"GRLLR Grill Plate for Gourmet Duo Round L - GRLLR\",\"isPartOf\":{\"@id\":\"https:\\\/\\\/grllr.com\\\/nl\\\/#website\"},\"primaryImageOfPage\":{\"@id\":\"https:\\\/\\\/grllr.com\\\/de\\\/produkt\\\/grllr-grill-plate-for-gourmet-duo-round-l-3\\\/#primaryimage\"},\"image\":{\"@id\":\"https:\\\/\\\/grllr.com\\\/de\\\/produkt\\\/grllr-grill-plate-for-gourmet-duo-round-l-3\\\/#primaryimage\"},\"thumbnailUrl\":\"https:\\\/\\\/grllr.com\\\/wp-content\\\/uploads\\\/2023\\\/06\\\/plateduol-1.webp\",\"datePublished\":\"2023-06-08T13:27:11+00:00\",\"dateModified\":\"2024-05-22T05:22:17+00:00\",\"breadcrumb\":{\"@id\":\"https:\\\/\\\/grllr.com\\\/de\\\/produkt\\\/grllr-grill-plate-for-gourmet-duo-round-l-3\\\/#breadcrumb\"},\"inLanguage\":\"de\",\"potentialAction\":[{\"@type\":\"ReadAction\",\"target\":[\"https:\\\/\\\/grllr.com\\\/de\\\/produkt\\\/grllr-grill-plate-for-gourmet-duo-round-l-3\\\/\"]}]},{\"@type\":\"ImageObject\",\"inLanguage\":\"de\",\"@id\":\"https:\\\/\\\/grllr.com\\\/de\\\/produkt\\\/grllr-grill-plate-for-gourmet-duo-round-l-3\\\/#primaryimage\",\"url\":\"https:\\\/\\\/grllr.com\\\/wp-content\\\/uploads\\\/2023\\\/06\\\/plateduol-1.webp\",\"contentUrl\":\"https:\\\/\\\/grllr.com\\\/wp-content\\\/uploads\\\/2023\\\/06\\\/plateduol-1.webp\",\"width\":800,\"height\":800},{\"@type\":\"BreadcrumbList\",\"@id\":\"https:\\\/\\\/grllr.com\\\/de\\\/produkt\\\/grllr-grill-plate-for-gourmet-duo-round-l-3\\\/#breadcrumb\",\"itemListElement\":[{\"@type\":\"ListItem\",\"position\":1,\"name\":\"Home\",\"item\":\"https:\\\/\\\/grllr.com\\\/\"},{\"@type\":\"ListItem\",\"position\":2,\"name\":\"Producten\",\"item\":\"https:\\\/\\\/grllr.com\\\/nl\\\/shop\\\/\"},{\"@type\":\"ListItem\",\"position\":3,\"name\":\"Grill Plate for Gourmet Duo Round L\"}]},{\"@type\":\"WebSite\",\"@id\":\"https:\\\/\\\/grllr.com\\\/nl\\\/#website\",\"url\":\"https:\\\/\\\/grllr.com\\\/nl\\\/\",\"name\":\"GRLLR\",\"description\":\"The Joy Of Outdoor Cooking\",\"publisher\":{\"@id\":\"https:\\\/\\\/grllr.com\\\/nl\\\/#organization\"},\"alternateName\":\"Griller\",\"potentialAction\":[{\"@type\":\"SearchAction\",\"target\":{\"@type\":\"EntryPoint\",\"urlTemplate\":\"https:\\\/\\\/grllr.com\\\/nl\\\/?s={search_term_string}\"},\"query-input\":{\"@type\":\"PropertyValueSpecification\",\"valueRequired\":true,\"valueName\":\"search_term_string\"}}],\"inLanguage\":\"de\"},{\"@type\":\"Organization\",\"@id\":\"https:\\\/\\\/grllr.com\\\/nl\\\/#organization\",\"name\":\"The GRLLR Company\",\"alternateName\":\"GRLLR\",\"url\":\"https:\\\/\\\/grllr.com\\\/nl\\\/\",\"logo\":{\"@type\":\"ImageObject\",\"inLanguage\":\"de\",\"@id\":\"https:\\\/\\\/grllr.com\\\/nl\\\/#\\\/schema\\\/logo\\\/image\\\/\",\"url\":\"https:\\\/\\\/grllr.com\\\/wp-content\\\/uploads\\\/2023\\\/05\\\/logo.svg\",\"contentUrl\":\"https:\\\/\\\/grllr.com\\\/wp-content\\\/uploads\\\/2023\\\/05\\\/logo.svg\",\"width\":81,\"height\":50,\"caption\":\"The GRLLR Company\"},\"image\":{\"@id\":\"https:\\\/\\\/grllr.com\\\/nl\\\/#\\\/schema\\\/logo\\\/image\\\/\"},\"sameAs\":[\"https:\\\/\\\/www.instagram.com\\\/the.grllr\\\/\"],\"email\":\"connect@grllr.com\",\"legalName\":\"The GRLLR Company\",\"numberOfEmployees\":{\"@type\":\"QuantitativeValue\",\"minValue\":\"1\",\"maxValue\":\"10\"}}]}<\/script>\n<!-- \/ Yoast SEO Premium plugin. -->","yoast_head_json":{"title":"GRLLR Grill Plate for Gourmet Duo Round L - GRLLR","robots":{"index":"index","follow":"follow","max-snippet":"max-snippet:-1","max-image-preview":"max-image-preview:large","max-video-preview":"max-video-preview:-1"},"canonical":"https:\/\/grllr.com\/de\/produkt\/grllr-grill-plate-for-gourmet-duo-round-l-3\/","og_locale":"de_DE","og_type":"article","og_title":"GRLLR Grill Plate for Gourmet Duo Round L","og_description":"Take your Gourmet Duo Round L table barbecue to the next level with the addition of a cast aluminium grill plate. With this grill plate, you can enjoy delicious BBQ dishes all year round, using your table barbecue to its fullest potential. The cast aluminium grill plate ensures that your food cooks evenly in its [&hellip;]","og_url":"https:\/\/grllr.com\/de\/produkt\/grllr-grill-plate-for-gourmet-duo-round-l-3\/","og_site_name":"GRLLR","article_modified_time":"2024-05-22T05:22:17+00:00","og_image":[{"width":800,"height":800,"url":"https:\/\/grllr.com\/wp-content\/uploads\/2023\/06\/plateduol-1.webp","type":"image\/webp"}],"twitter_card":"summary_large_image","twitter_misc":{"Gesch\u00e4tzte Lesezeit":"1\u00a0Minute"},"schema":{"@context":"https:\/\/schema.org","@graph":[{"@type":"WebPage","@id":"https:\/\/grllr.com\/de\/produkt\/grllr-grill-plate-for-gourmet-duo-round-l-3\/","url":"https:\/\/grllr.com\/de\/produkt\/grllr-grill-plate-for-gourmet-duo-round-l-3\/","name":"GRLLR Grill Plate for Gourmet Duo Round L - GRLLR","isPartOf":{"@id":"https:\/\/grllr.com\/nl\/#website"},"primaryImageOfPage":{"@id":"https:\/\/grllr.com\/de\/produkt\/grllr-grill-plate-for-gourmet-duo-round-l-3\/#primaryimage"},"image":{"@id":"https:\/\/grllr.com\/de\/produkt\/grllr-grill-plate-for-gourmet-duo-round-l-3\/#primaryimage"},"thumbnailUrl":"https:\/\/grllr.com\/wp-content\/uploads\/2023\/06\/plateduol-1.webp","datePublished":"2023-06-08T13:27:11+00:00","dateModified":"2024-05-22T05:22:17+00:00","breadcrumb":{"@id":"https:\/\/grllr.com\/de\/produkt\/grllr-grill-plate-for-gourmet-duo-round-l-3\/#breadcrumb"},"inLanguage":"de","potentialAction":[{"@type":"ReadAction","target":["https:\/\/grllr.com\/de\/produkt\/grllr-grill-plate-for-gourmet-duo-round-l-3\/"]}]},{"@type":"ImageObject","inLanguage":"de","@id":"https:\/\/grllr.com\/de\/produkt\/grllr-grill-plate-for-gourmet-duo-round-l-3\/#primaryimage","url":"https:\/\/grllr.com\/wp-content\/uploads\/2023\/06\/plateduol-1.webp","contentUrl":"https:\/\/grllr.com\/wp-content\/uploads\/2023\/06\/plateduol-1.webp","width":800,"height":800},{"@type":"BreadcrumbList","@id":"https:\/\/grllr.com\/de\/produkt\/grllr-grill-plate-for-gourmet-duo-round-l-3\/#breadcrumb","itemListElement":[{"@type":"ListItem","position":1,"name":"Home","item":"https:\/\/grllr.com\/"},{"@type":"ListItem","position":2,"name":"Producten","item":"https:\/\/grllr.com\/nl\/shop\/"},{"@type":"ListItem","position":3,"name":"Grill Plate for Gourmet Duo Round L"}]},{"@type":"WebSite","@id":"https:\/\/grllr.com\/nl\/#website","url":"https:\/\/grllr.com\/nl\/","name":"GRLLR","description":"The Joy Of Outdoor Cooking","publisher":{"@id":"https:\/\/grllr.com\/nl\/#organization"},"alternateName":"Griller","potentialAction":[{"@type":"SearchAction","target":{"@type":"EntryPoint","urlTemplate":"https:\/\/grllr.com\/nl\/?s={search_term_string}"},"query-input":{"@type":"PropertyValueSpecification","valueRequired":true,"valueName":"search_term_string"}}],"inLanguage":"de"},{"@type":"Organization","@id":"https:\/\/grllr.com\/nl\/#organization","name":"The GRLLR Company","alternateName":"GRLLR","url":"https:\/\/grllr.com\/nl\/","logo":{"@type":"ImageObject","inLanguage":"de","@id":"https:\/\/grllr.com\/nl\/#\/schema\/logo\/image\/","url":"https:\/\/grllr.com\/wp-content\/uploads\/2023\/05\/logo.svg","contentUrl":"https:\/\/grllr.com\/wp-content\/uploads\/2023\/05\/logo.svg","width":81,"height":50,"caption":"The GRLLR Company"},"image":{"@id":"https:\/\/grllr.com\/nl\/#\/schema\/logo\/image\/"},"sameAs":["https:\/\/www.instagram.com\/the.grllr\/"],"email":"connect@grllr.com","legalName":"The GRLLR Company","numberOfEmployees":{"@type":"QuantitativeValue","minValue":"1","maxValue":"10"}}]}},"_links":{"self":[{"href":"https:\/\/grllr.com\/de\/wp-json\/wp\/v2\/product\/1920","targetHints":{"allow":["GET"]}}],"collection":[{"href":"https:\/\/grllr.com\/de\/wp-json\/wp\/v2\/product"}],"about":[{"href":"https:\/\/grllr.com\/de\/wp-json\/wp\/v2\/types\/product"}],"replies":[{"embeddable":true,"href":"https:\/\/grllr.com\/de\/wp-json\/wp\/v2\/comments?post=1920"}],"version-history":[{"count":0,"href":"https:\/\/grllr.com\/de\/wp-json\/wp\/v2\/product\/1920\/revisions"}],"wp:featuredmedia":[{"embeddable":true,"href":"https:\/\/grllr.com\/de\/wp-json\/wp\/v2\/media\/2227"}],"wp:attachment":[{"href":"https:\/\/grllr.com\/de\/wp-json\/wp\/v2\/media?parent=1920"}],"wp:term":[{"taxonomy":"product_brand","embeddable":true,"href":"https:\/\/grllr.com\/de\/wp-json\/wp\/v2\/product_brand?post=1920"},{"taxonomy":"product_cat","embeddable":true,"href":"https:\/\/grllr.com\/de\/wp-json\/wp\/v2\/product_cat?post=1920"},{"taxonomy":"product_tag","embeddable":true,"href":"https:\/\/grllr.com\/de\/wp-json\/wp\/v2\/product_tag?post=1920"}],"curies":[{"name":"wp","href":"https:\/\/api.w.org\/{rel}","templated":true}]}}