{"id":1910,"date":"2023-06-08T13:27:09","date_gmt":"2023-06-08T13:27:09","guid":{"rendered":"https:\/\/grllr.com\/product\/grllr-bbq-knives-set-leather-knife-bag-2\/"},"modified":"2024-05-22T07:22:18","modified_gmt":"2024-05-22T05:22:18","slug":"grllr-bbq-knives-set-leather-knife-bag-2","status":"publish","type":"product","link":"https:\/\/grllr.com\/de\/produkt\/grllr-bbq-knives-set-leather-knife-bag-2\/","title":{"rendered":"GRLLR Grillmesser-Set + Leder-Messertasche"},"content":{"rendered":"<p><span style=\"font-weight: 400;\">As passionate grillers, we all know that not all knives are created equal. At GRLLR, we understand that you need a set of knives that are specifically designed to meet the demands of grilling. That\u2019s why we\u2019ve created a set of essential knives that every griller needs in their arsenal. Our set includes a 5&#8243; Sausage Knife, a 6&#8243; Boning Knife, and an 8&#8243; Chef\u2019s Knife, all expertly crafted from high-quality materials to ensure durability, sharpness and precision while grilling.<\/span><\/p>\n<p><span style=\"font-weight: 400;\">Wir bei GRLLR glauben, dass Grillen eine Kunstform ist, die die richtigen Werkzeuge erfordert. Unser Messerset wurde speziell daf\u00fcr entwickelt, Ihnen jedes Mal den perfekten Schnitt zu erm\u00f6glichen, damit Sie Ihre Koch- und Grillk\u00fcnste auf die n\u00e4chste Stufe heben k\u00f6nnen. Wir sind hier, um Ihnen die unverzichtbaren Messer zu bieten, die Sie f\u00fcr Ihre Outdoor-Kochabenteuer ben\u00f6tigen.<\/span><\/p>\n<p><span style=\"font-weight: 400;\">This outstanding knife set is completed with a premium leather bag, so you can store and protect the high-quality blades.<\/span><\/p>","protected":false},"excerpt":{"rendered":"<p>As passionate grillers, we all know that not all knives are created equal. At GRLLR, we understand that you need a set of knives that are specifically designed to meet the demands of grilling. That\u2019s why we\u2019ve created a set of essential knives that every griller needs in their arsenal. Our set includes a 5&#8243; [&hellip;]<\/p>\n","protected":false},"featured_media":2239,"comment_status":"open","ping_status":"closed","template":"","meta":{"_acf_changed":false},"product_brand":[],"product_cat":[47],"product_tag":[42],"class_list":{"0":"post-1910","1":"product","2":"type-product","3":"status-publish","4":"has-post-thumbnail","6":"product_cat-connect-outdoor-kitchen","7":"product_tag-knives","9":"first","10":"instock","11":"purchasable","12":"product-type-simple"},"acf":[],"yoast_head":"<!-- This site is optimized with the Yoast SEO Premium plugin v26.1 (Yoast SEO v27.4) - https:\/\/yoast.com\/product\/yoast-seo-premium-wordpress\/ -->\n<title>GRLLR BBQ Knives Set + Leather Knife Bag - GRLLR<\/title>\n<meta name=\"robots\" content=\"index, follow, max-snippet:-1, max-image-preview:large, max-video-preview:-1\" \/>\n<link rel=\"canonical\" href=\"https:\/\/grllr.com\/de\/produkt\/grllr-bbq-knives-set-leather-knife-bag-2\/\" \/>\n<meta property=\"og:locale\" content=\"de_DE\" \/>\n<meta property=\"og:type\" content=\"article\" \/>\n<meta property=\"og:title\" content=\"GRLLR BBQ Knives Set + Leather Knife Bag\" \/>\n<meta property=\"og:description\" content=\"As passionate grillers, we all know that not all knives are created equal. At GRLLR, we understand that you need a set of knives that are specifically designed to meet the demands of grilling. That\u2019s why we\u2019ve created a set of essential knives that every griller needs in their arsenal. Our set includes a 5&#8243; [&hellip;]\" \/>\n<meta property=\"og:url\" content=\"https:\/\/grllr.com\/de\/produkt\/grllr-bbq-knives-set-leather-knife-bag-2\/\" \/>\n<meta property=\"og:site_name\" content=\"GRLLR\" \/>\n<meta property=\"article:modified_time\" content=\"2024-05-22T05:22:18+00:00\" \/>\n<meta property=\"og:image\" content=\"https:\/\/grllr.com\/wp-content\/uploads\/2023\/06\/knivesbag-1.webp\" \/>\n\t<meta property=\"og:image:width\" content=\"800\" \/>\n\t<meta property=\"og:image:height\" content=\"800\" \/>\n\t<meta property=\"og:image:type\" content=\"image\/webp\" \/>\n<meta name=\"twitter:card\" content=\"summary_large_image\" \/>\n<meta name=\"twitter:label1\" content=\"Gesch\u00e4tzte Lesezeit\" \/>\n\t<meta name=\"twitter:data1\" content=\"1\u00a0Minute\" \/>\n<script type=\"application\/ld+json\" class=\"yoast-schema-graph\">{\"@context\":\"https:\\\/\\\/schema.org\",\"@graph\":[{\"@type\":\"WebPage\",\"@id\":\"https:\\\/\\\/grllr.com\\\/product\\\/grllr-bbq-knives-set-leather-knife-bag-2\\\/\",\"url\":\"https:\\\/\\\/grllr.com\\\/product\\\/grllr-bbq-knives-set-leather-knife-bag-2\\\/\",\"name\":\"GRLLR BBQ Knives Set + Leather Knife Bag - GRLLR\",\"isPartOf\":{\"@id\":\"https:\\\/\\\/grllr.com\\\/nl\\\/#website\"},\"primaryImageOfPage\":{\"@id\":\"https:\\\/\\\/grllr.com\\\/product\\\/grllr-bbq-knives-set-leather-knife-bag-2\\\/#primaryimage\"},\"image\":{\"@id\":\"https:\\\/\\\/grllr.com\\\/product\\\/grllr-bbq-knives-set-leather-knife-bag-2\\\/#primaryimage\"},\"thumbnailUrl\":\"https:\\\/\\\/grllr.com\\\/wp-content\\\/uploads\\\/2023\\\/06\\\/knivesbag-1.webp\",\"datePublished\":\"2023-06-08T13:27:09+00:00\",\"dateModified\":\"2024-05-22T05:22:18+00:00\",\"breadcrumb\":{\"@id\":\"https:\\\/\\\/grllr.com\\\/product\\\/grllr-bbq-knives-set-leather-knife-bag-2\\\/#breadcrumb\"},\"inLanguage\":\"de\",\"potentialAction\":[{\"@type\":\"ReadAction\",\"target\":[\"https:\\\/\\\/grllr.com\\\/product\\\/grllr-bbq-knives-set-leather-knife-bag-2\\\/\"]}]},{\"@type\":\"ImageObject\",\"inLanguage\":\"de\",\"@id\":\"https:\\\/\\\/grllr.com\\\/product\\\/grllr-bbq-knives-set-leather-knife-bag-2\\\/#primaryimage\",\"url\":\"https:\\\/\\\/grllr.com\\\/wp-content\\\/uploads\\\/2023\\\/06\\\/knivesbag-1.webp\",\"contentUrl\":\"https:\\\/\\\/grllr.com\\\/wp-content\\\/uploads\\\/2023\\\/06\\\/knivesbag-1.webp\",\"width\":800,\"height\":800},{\"@type\":\"BreadcrumbList\",\"@id\":\"https:\\\/\\\/grllr.com\\\/product\\\/grllr-bbq-knives-set-leather-knife-bag-2\\\/#breadcrumb\",\"itemListElement\":[{\"@type\":\"ListItem\",\"position\":1,\"name\":\"Home\",\"item\":\"https:\\\/\\\/grllr.com\\\/\"},{\"@type\":\"ListItem\",\"position\":2,\"name\":\"Producten\",\"item\":\"https:\\\/\\\/grllr.com\\\/nl\\\/shop\\\/\"},{\"@type\":\"ListItem\",\"position\":3,\"name\":\"GRLLR BBQ Knives Set + Leather Knife Bag\"}]},{\"@type\":\"WebSite\",\"@id\":\"https:\\\/\\\/grllr.com\\\/nl\\\/#website\",\"url\":\"https:\\\/\\\/grllr.com\\\/nl\\\/\",\"name\":\"GRLLR\",\"description\":\"The Joy Of Outdoor Cooking\",\"publisher\":{\"@id\":\"https:\\\/\\\/grllr.com\\\/nl\\\/#organization\"},\"alternateName\":\"Griller\",\"potentialAction\":[{\"@type\":\"SearchAction\",\"target\":{\"@type\":\"EntryPoint\",\"urlTemplate\":\"https:\\\/\\\/grllr.com\\\/nl\\\/?s={search_term_string}\"},\"query-input\":{\"@type\":\"PropertyValueSpecification\",\"valueRequired\":true,\"valueName\":\"search_term_string\"}}],\"inLanguage\":\"de\"},{\"@type\":\"Organization\",\"@id\":\"https:\\\/\\\/grllr.com\\\/nl\\\/#organization\",\"name\":\"The GRLLR Company\",\"alternateName\":\"GRLLR\",\"url\":\"https:\\\/\\\/grllr.com\\\/nl\\\/\",\"logo\":{\"@type\":\"ImageObject\",\"inLanguage\":\"de\",\"@id\":\"https:\\\/\\\/grllr.com\\\/nl\\\/#\\\/schema\\\/logo\\\/image\\\/\",\"url\":\"https:\\\/\\\/grllr.com\\\/wp-content\\\/uploads\\\/2023\\\/05\\\/logo.svg\",\"contentUrl\":\"https:\\\/\\\/grllr.com\\\/wp-content\\\/uploads\\\/2023\\\/05\\\/logo.svg\",\"width\":81,\"height\":50,\"caption\":\"The GRLLR Company\"},\"image\":{\"@id\":\"https:\\\/\\\/grllr.com\\\/nl\\\/#\\\/schema\\\/logo\\\/image\\\/\"},\"sameAs\":[\"https:\\\/\\\/www.instagram.com\\\/the.grllr\\\/\"],\"email\":\"connect@grllr.com\",\"legalName\":\"The GRLLR Company\",\"numberOfEmployees\":{\"@type\":\"QuantitativeValue\",\"minValue\":\"1\",\"maxValue\":\"10\"}}]}<\/script>\n<!-- \/ Yoast SEO Premium plugin. -->","yoast_head_json":{"title":"GRLLR BBQ Knives Set + Leather Knife Bag - GRLLR","robots":{"index":"index","follow":"follow","max-snippet":"max-snippet:-1","max-image-preview":"max-image-preview:large","max-video-preview":"max-video-preview:-1"},"canonical":"https:\/\/grllr.com\/de\/produkt\/grllr-bbq-knives-set-leather-knife-bag-2\/","og_locale":"de_DE","og_type":"article","og_title":"GRLLR BBQ Knives Set + Leather Knife Bag","og_description":"As passionate grillers, we all know that not all knives are created equal. At GRLLR, we understand that you need a set of knives that are specifically designed to meet the demands of grilling. That\u2019s why we\u2019ve created a set of essential knives that every griller needs in their arsenal. Our set includes a 5&#8243; [&hellip;]","og_url":"https:\/\/grllr.com\/de\/produkt\/grllr-bbq-knives-set-leather-knife-bag-2\/","og_site_name":"GRLLR","article_modified_time":"2024-05-22T05:22:18+00:00","og_image":[{"width":800,"height":800,"url":"https:\/\/grllr.com\/wp-content\/uploads\/2023\/06\/knivesbag-1.webp","type":"image\/webp"}],"twitter_card":"summary_large_image","twitter_misc":{"Gesch\u00e4tzte Lesezeit":"1\u00a0Minute"},"schema":{"@context":"https:\/\/schema.org","@graph":[{"@type":"WebPage","@id":"https:\/\/grllr.com\/product\/grllr-bbq-knives-set-leather-knife-bag-2\/","url":"https:\/\/grllr.com\/product\/grllr-bbq-knives-set-leather-knife-bag-2\/","name":"GRLLR BBQ Knives Set + Leather Knife Bag - GRLLR","isPartOf":{"@id":"https:\/\/grllr.com\/nl\/#website"},"primaryImageOfPage":{"@id":"https:\/\/grllr.com\/product\/grllr-bbq-knives-set-leather-knife-bag-2\/#primaryimage"},"image":{"@id":"https:\/\/grllr.com\/product\/grllr-bbq-knives-set-leather-knife-bag-2\/#primaryimage"},"thumbnailUrl":"https:\/\/grllr.com\/wp-content\/uploads\/2023\/06\/knivesbag-1.webp","datePublished":"2023-06-08T13:27:09+00:00","dateModified":"2024-05-22T05:22:18+00:00","breadcrumb":{"@id":"https:\/\/grllr.com\/product\/grllr-bbq-knives-set-leather-knife-bag-2\/#breadcrumb"},"inLanguage":"de","potentialAction":[{"@type":"ReadAction","target":["https:\/\/grllr.com\/product\/grllr-bbq-knives-set-leather-knife-bag-2\/"]}]},{"@type":"ImageObject","inLanguage":"de","@id":"https:\/\/grllr.com\/product\/grllr-bbq-knives-set-leather-knife-bag-2\/#primaryimage","url":"https:\/\/grllr.com\/wp-content\/uploads\/2023\/06\/knivesbag-1.webp","contentUrl":"https:\/\/grllr.com\/wp-content\/uploads\/2023\/06\/knivesbag-1.webp","width":800,"height":800},{"@type":"BreadcrumbList","@id":"https:\/\/grllr.com\/product\/grllr-bbq-knives-set-leather-knife-bag-2\/#breadcrumb","itemListElement":[{"@type":"ListItem","position":1,"name":"Home","item":"https:\/\/grllr.com\/"},{"@type":"ListItem","position":2,"name":"Producten","item":"https:\/\/grllr.com\/nl\/shop\/"},{"@type":"ListItem","position":3,"name":"GRLLR BBQ Knives Set + Leather Knife Bag"}]},{"@type":"WebSite","@id":"https:\/\/grllr.com\/nl\/#website","url":"https:\/\/grllr.com\/nl\/","name":"GRLLR","description":"The Joy Of Outdoor Cooking","publisher":{"@id":"https:\/\/grllr.com\/nl\/#organization"},"alternateName":"Griller","potentialAction":[{"@type":"SearchAction","target":{"@type":"EntryPoint","urlTemplate":"https:\/\/grllr.com\/nl\/?s={search_term_string}"},"query-input":{"@type":"PropertyValueSpecification","valueRequired":true,"valueName":"search_term_string"}}],"inLanguage":"de"},{"@type":"Organization","@id":"https:\/\/grllr.com\/nl\/#organization","name":"The GRLLR Company","alternateName":"GRLLR","url":"https:\/\/grllr.com\/nl\/","logo":{"@type":"ImageObject","inLanguage":"de","@id":"https:\/\/grllr.com\/nl\/#\/schema\/logo\/image\/","url":"https:\/\/grllr.com\/wp-content\/uploads\/2023\/05\/logo.svg","contentUrl":"https:\/\/grllr.com\/wp-content\/uploads\/2023\/05\/logo.svg","width":81,"height":50,"caption":"The GRLLR Company"},"image":{"@id":"https:\/\/grllr.com\/nl\/#\/schema\/logo\/image\/"},"sameAs":["https:\/\/www.instagram.com\/the.grllr\/"],"email":"connect@grllr.com","legalName":"The GRLLR Company","numberOfEmployees":{"@type":"QuantitativeValue","minValue":"1","maxValue":"10"}}]}},"_links":{"self":[{"href":"https:\/\/grllr.com\/de\/wp-json\/wp\/v2\/product\/1910","targetHints":{"allow":["GET"]}}],"collection":[{"href":"https:\/\/grllr.com\/de\/wp-json\/wp\/v2\/product"}],"about":[{"href":"https:\/\/grllr.com\/de\/wp-json\/wp\/v2\/types\/product"}],"replies":[{"embeddable":true,"href":"https:\/\/grllr.com\/de\/wp-json\/wp\/v2\/comments?post=1910"}],"version-history":[{"count":0,"href":"https:\/\/grllr.com\/de\/wp-json\/wp\/v2\/product\/1910\/revisions"}],"wp:featuredmedia":[{"embeddable":true,"href":"https:\/\/grllr.com\/de\/wp-json\/wp\/v2\/media\/2239"}],"wp:attachment":[{"href":"https:\/\/grllr.com\/de\/wp-json\/wp\/v2\/media?parent=1910"}],"wp:term":[{"taxonomy":"product_brand","embeddable":true,"href":"https:\/\/grllr.com\/de\/wp-json\/wp\/v2\/product_brand?post=1910"},{"taxonomy":"product_cat","embeddable":true,"href":"https:\/\/grllr.com\/de\/wp-json\/wp\/v2\/product_cat?post=1910"},{"taxonomy":"product_tag","embeddable":true,"href":"https:\/\/grllr.com\/de\/wp-json\/wp\/v2\/product_tag?post=1910"}],"curies":[{"name":"wp","href":"https:\/\/api.w.org\/{rel}","templated":true}]}}