{"id":11774,"date":"2024-10-31T13:30:32","date_gmt":"2024-10-31T12:30:32","guid":{"rendered":"https:\/\/grllr.com\/?post_type=product&#038;p=11774"},"modified":"2024-11-20T13:58:48","modified_gmt":"2024-11-20T12:58:48","slug":"grllr-prime-g5s-b-stock","status":"publish","type":"product","link":"https:\/\/grllr.com\/de\/produkt\/grllr-prime-g5s-b-stock\/","title":{"rendered":"GRLLR Prime G5S (B stock)"},"content":{"rendered":"<p><strong>B-Stock BBQs: Fully Functional with Minor Flaws<\/strong><\/p>\n<p>Save money and reduce waste with our B-Stock GRLLR BBQs! These grills are fully functional but may have minor aesthetic imperfections like scratches, small dents, or mismatched parts. Missing any essential pieces? We\u2019ll replace them for free. Enjoy great BBQing at a fraction of the price, while caring for the planet!<\/p>\n<p>Elevate your outdoor cooking with the GRLLR Prime G5S BBQ. Featuring 5 burners, side and back-burner, it ensures grilling perfection, ample storage, and effortless cleanup. Upgrade your grilling game today!<\/p>\n<ul>\n<li><img decoding=\"async\" src=\"\/wp-content\/uploads\/2024\/02\/menuactive.png\" alt=\"null\" \/><br \/>\n<h3>Isolierte Kapuze f\u00fcr optimalen W\u00e4rmeschutz<\/h3>\n<\/li>\n<li><img decoding=\"async\" src=\"\/wp-content\/uploads\/2024\/02\/menuactive.png\" alt=\"null\" \/><br \/>\n<h3>Hochleistungs-Spaltrohrbrenner aus Edelstahl<\/h3>\n<\/li>\n<li><img decoding=\"async\" src=\"\/wp-content\/uploads\/2024\/02\/menuactive.png\" alt=\"null\" \/><br \/>\n<h3>Flammenb\u00e4ndiger\/Aromast\u00e4be aus Edelstahl<\/h3>\n<\/li>\n<li><img decoding=\"async\" src=\"\/wp-content\/uploads\/2024\/02\/menuactive.png\" alt=\"null\" \/><br \/>\n<h3>Grill flow system for less flare-ups and healthier food.<\/h3>\n<\/li>\n<li><img decoding=\"async\" src=\"\/wp-content\/uploads\/2024\/02\/menuactive.png\" alt=\"null\" \/><br \/>\n<h3>Seitenbrennergestell aus Gusseisen<\/h3>\n<\/li>\n<li><img decoding=\"async\" src=\"\/wp-content\/uploads\/2024\/02\/menuactive.png\" alt=\"null\" \/><br \/>\n<h3>Benutzerdefinierte beleuchtete Kn\u00f6pfe: Gelb aus\/Rot an<\/h3>\n<\/li>\n<li><img decoding=\"async\" src=\"\/wp-content\/uploads\/2024\/02\/menuactive.png\" alt=\"null\" \/><br \/>\n<h3>Compatible with GRLLR connect units (also available as B-stock)<\/h3>\n<\/li>\n<\/ul>","protected":false},"excerpt":{"rendered":"<p>Verbessern Sie Ihr Kochen im Freien mit dem GRLLR Prime G5S BBQ. Mit 5 Brennern, Seiten- und R\u00fcckbrenner sorgt er f\u00fcr perfektes Grillen, ausreichend Stauraum und m\u00fchelose Reinigung. Verbessern Sie noch heute Ihr Grillspiel!<\/p>","protected":false},"featured_media":7533,"comment_status":"open","ping_status":"closed","template":"","meta":{"_acf_changed":false},"product_brand":[],"product_cat":[163,159,161,160,156,157,77],"product_tag":[],"class_list":{"0":"post-11774","1":"product","2":"type-product","3":"status-publish","4":"has-post-thumbnail","6":"product_cat-10-number-of-people-prime-gas-bbqs","7":"product_cat-12-number-of-people-prime-gas-bbqs","8":"product_cat-6-number-of-people-prime-gas-bbqs","9":"product_cat-5-number-of-people-prime-gas-bbqs","10":"product_cat-5-number-of-burners","11":"product_cat-number-of-people-prime-gas-bbqs","12":"product_cat-prime-gas-barbecues","13":"product_shipping_class-heavy-packages","15":"first","16":"instock","17":"sale","18":"purchasable","19":"product-type-simple"},"acf":[],"yoast_head":"<!-- This site is optimized with the Yoast SEO Premium plugin v26.1 (Yoast SEO v27.4) - https:\/\/yoast.com\/product\/yoast-seo-premium-wordpress\/ -->\n<title>GRLLR Prime G5S (B stock) - GRLLR %sustainable grilling B Stock BBQ<\/title>\n<meta name=\"description\" content=\"B-Stock GRLLR Gas BBQs - These grills are fully functional but may have minor aesthetic imperfections like scratches, small dents, or mismatched parts.\" \/>\n<meta name=\"robots\" content=\"index, follow, max-snippet:-1, max-image-preview:large, max-video-preview:-1\" \/>\n<link rel=\"canonical\" href=\"https:\/\/grllr.com\/de\/produkt\/grllr-prime-g5s-b-stock\/\" \/>\n<meta property=\"og:locale\" content=\"de_DE\" \/>\n<meta property=\"og:type\" content=\"article\" \/>\n<meta property=\"og:title\" content=\"GRLLR Prime G5S (B stock)\" \/>\n<meta property=\"og:description\" content=\"B-Stock GRLLR Gas BBQs - These grills are fully functional but may have minor aesthetic imperfections like scratches, small dents, or mismatched parts.\" \/>\n<meta property=\"og:url\" content=\"https:\/\/grllr.com\/de\/produkt\/grllr-prime-g5s-b-stock\/\" \/>\n<meta property=\"og:site_name\" content=\"GRLLR\" \/>\n<meta property=\"article:modified_time\" content=\"2024-11-20T12:58:48+00:00\" \/>\n<meta property=\"og:image\" content=\"https:\/\/grllr.com\/wp-content\/uploads\/2024\/03\/G5S-1.jpg\" \/>\n\t<meta property=\"og:image:width\" content=\"800\" \/>\n\t<meta property=\"og:image:height\" content=\"800\" \/>\n\t<meta property=\"og:image:type\" content=\"image\/jpeg\" \/>\n<meta name=\"twitter:card\" content=\"summary_large_image\" \/>\n<meta name=\"twitter:label1\" content=\"Gesch\u00e4tzte Lesezeit\" \/>\n\t<meta name=\"twitter:data1\" content=\"3\u00a0Minuten\" \/>\n<script type=\"application\/ld+json\" class=\"yoast-schema-graph\">{\"@context\":\"https:\\\/\\\/schema.org\",\"@graph\":[{\"@type\":\"WebPage\",\"@id\":\"https:\\\/\\\/grllr.com\\\/product\\\/grllr-prime-g5s-b-stock\\\/\",\"url\":\"https:\\\/\\\/grllr.com\\\/product\\\/grllr-prime-g5s-b-stock\\\/\",\"name\":\"GRLLR Prime G5S (B stock) - GRLLR %sustainable grilling B Stock BBQ\",\"isPartOf\":{\"@id\":\"https:\\\/\\\/grllr.com\\\/nl\\\/#website\"},\"primaryImageOfPage\":{\"@id\":\"https:\\\/\\\/grllr.com\\\/product\\\/grllr-prime-g5s-b-stock\\\/#primaryimage\"},\"image\":{\"@id\":\"https:\\\/\\\/grllr.com\\\/product\\\/grllr-prime-g5s-b-stock\\\/#primaryimage\"},\"thumbnailUrl\":\"https:\\\/\\\/grllr.com\\\/wp-content\\\/uploads\\\/2024\\\/03\\\/G5S-1.jpg\",\"datePublished\":\"2024-10-31T12:30:32+00:00\",\"dateModified\":\"2024-11-20T12:58:48+00:00\",\"description\":\"B-Stock GRLLR Gas BBQs - These grills are fully functional but may have minor aesthetic imperfections like scratches, small dents, or mismatched parts.\",\"breadcrumb\":{\"@id\":\"https:\\\/\\\/grllr.com\\\/product\\\/grllr-prime-g5s-b-stock\\\/#breadcrumb\"},\"inLanguage\":\"de\",\"potentialAction\":[{\"@type\":\"ReadAction\",\"target\":[\"https:\\\/\\\/grllr.com\\\/product\\\/grllr-prime-g5s-b-stock\\\/\"]}]},{\"@type\":\"ImageObject\",\"inLanguage\":\"de\",\"@id\":\"https:\\\/\\\/grllr.com\\\/product\\\/grllr-prime-g5s-b-stock\\\/#primaryimage\",\"url\":\"https:\\\/\\\/grllr.com\\\/wp-content\\\/uploads\\\/2024\\\/03\\\/G5S-1.jpg\",\"contentUrl\":\"https:\\\/\\\/grllr.com\\\/wp-content\\\/uploads\\\/2024\\\/03\\\/G5S-1.jpg\",\"width\":800,\"height\":800,\"caption\":\"GRLLR Prime G5S, BBQ, Outdoor cooking\"},{\"@type\":\"BreadcrumbList\",\"@id\":\"https:\\\/\\\/grllr.com\\\/product\\\/grllr-prime-g5s-b-stock\\\/#breadcrumb\",\"itemListElement\":[{\"@type\":\"ListItem\",\"position\":1,\"name\":\"Home\",\"item\":\"https:\\\/\\\/grllr.com\\\/\"},{\"@type\":\"ListItem\",\"position\":2,\"name\":\"Producten\",\"item\":\"https:\\\/\\\/grllr.com\\\/nl\\\/shop\\\/\"},{\"@type\":\"ListItem\",\"position\":3,\"name\":\"GRLLR Prime G5S (B stock)\"}]},{\"@type\":\"WebSite\",\"@id\":\"https:\\\/\\\/grllr.com\\\/nl\\\/#website\",\"url\":\"https:\\\/\\\/grllr.com\\\/nl\\\/\",\"name\":\"GRLLR\",\"description\":\"The Joy Of Outdoor Cooking\",\"publisher\":{\"@id\":\"https:\\\/\\\/grllr.com\\\/nl\\\/#organization\"},\"alternateName\":\"Griller\",\"potentialAction\":[{\"@type\":\"SearchAction\",\"target\":{\"@type\":\"EntryPoint\",\"urlTemplate\":\"https:\\\/\\\/grllr.com\\\/nl\\\/?s={search_term_string}\"},\"query-input\":{\"@type\":\"PropertyValueSpecification\",\"valueRequired\":true,\"valueName\":\"search_term_string\"}}],\"inLanguage\":\"de\"},{\"@type\":\"Organization\",\"@id\":\"https:\\\/\\\/grllr.com\\\/nl\\\/#organization\",\"name\":\"The GRLLR Company\",\"alternateName\":\"GRLLR\",\"url\":\"https:\\\/\\\/grllr.com\\\/nl\\\/\",\"logo\":{\"@type\":\"ImageObject\",\"inLanguage\":\"de\",\"@id\":\"https:\\\/\\\/grllr.com\\\/nl\\\/#\\\/schema\\\/logo\\\/image\\\/\",\"url\":\"https:\\\/\\\/grllr.com\\\/wp-content\\\/uploads\\\/2023\\\/05\\\/logo.svg\",\"contentUrl\":\"https:\\\/\\\/grllr.com\\\/wp-content\\\/uploads\\\/2023\\\/05\\\/logo.svg\",\"width\":81,\"height\":50,\"caption\":\"The GRLLR Company\"},\"image\":{\"@id\":\"https:\\\/\\\/grllr.com\\\/nl\\\/#\\\/schema\\\/logo\\\/image\\\/\"},\"sameAs\":[\"https:\\\/\\\/www.instagram.com\\\/the.grllr\\\/\"],\"email\":\"connect@grllr.com\",\"legalName\":\"The GRLLR Company\",\"numberOfEmployees\":{\"@type\":\"QuantitativeValue\",\"minValue\":\"1\",\"maxValue\":\"10\"}}]}<\/script>\n<!-- \/ Yoast SEO Premium plugin. -->","yoast_head_json":{"title":"GRLLR Prime G5S (B stock) - GRLLR %sustainable grilling B Stock BBQ","description":"B-Stock GRLLR Gas BBQs - These grills are fully functional but may have minor aesthetic imperfections like scratches, small dents, or mismatched parts.","robots":{"index":"index","follow":"follow","max-snippet":"max-snippet:-1","max-image-preview":"max-image-preview:large","max-video-preview":"max-video-preview:-1"},"canonical":"https:\/\/grllr.com\/de\/produkt\/grllr-prime-g5s-b-stock\/","og_locale":"de_DE","og_type":"article","og_title":"GRLLR Prime G5S (B stock)","og_description":"B-Stock GRLLR Gas BBQs - These grills are fully functional but may have minor aesthetic imperfections like scratches, small dents, or mismatched parts.","og_url":"https:\/\/grllr.com\/de\/produkt\/grllr-prime-g5s-b-stock\/","og_site_name":"GRLLR","article_modified_time":"2024-11-20T12:58:48+00:00","og_image":[{"width":800,"height":800,"url":"https:\/\/grllr.com\/wp-content\/uploads\/2024\/03\/G5S-1.jpg","type":"image\/jpeg"}],"twitter_card":"summary_large_image","twitter_misc":{"Gesch\u00e4tzte Lesezeit":"3\u00a0Minuten"},"schema":{"@context":"https:\/\/schema.org","@graph":[{"@type":"WebPage","@id":"https:\/\/grllr.com\/product\/grllr-prime-g5s-b-stock\/","url":"https:\/\/grllr.com\/product\/grllr-prime-g5s-b-stock\/","name":"GRLLR Prime G5S (B stock) - GRLLR %sustainable grilling B Stock BBQ","isPartOf":{"@id":"https:\/\/grllr.com\/nl\/#website"},"primaryImageOfPage":{"@id":"https:\/\/grllr.com\/product\/grllr-prime-g5s-b-stock\/#primaryimage"},"image":{"@id":"https:\/\/grllr.com\/product\/grllr-prime-g5s-b-stock\/#primaryimage"},"thumbnailUrl":"https:\/\/grllr.com\/wp-content\/uploads\/2024\/03\/G5S-1.jpg","datePublished":"2024-10-31T12:30:32+00:00","dateModified":"2024-11-20T12:58:48+00:00","description":"B-Stock GRLLR Gas BBQs - These grills are fully functional but may have minor aesthetic imperfections like scratches, small dents, or mismatched parts.","breadcrumb":{"@id":"https:\/\/grllr.com\/product\/grllr-prime-g5s-b-stock\/#breadcrumb"},"inLanguage":"de","potentialAction":[{"@type":"ReadAction","target":["https:\/\/grllr.com\/product\/grllr-prime-g5s-b-stock\/"]}]},{"@type":"ImageObject","inLanguage":"de","@id":"https:\/\/grllr.com\/product\/grllr-prime-g5s-b-stock\/#primaryimage","url":"https:\/\/grllr.com\/wp-content\/uploads\/2024\/03\/G5S-1.jpg","contentUrl":"https:\/\/grllr.com\/wp-content\/uploads\/2024\/03\/G5S-1.jpg","width":800,"height":800,"caption":"GRLLR Prime G5S, BBQ, Outdoor cooking"},{"@type":"BreadcrumbList","@id":"https:\/\/grllr.com\/product\/grllr-prime-g5s-b-stock\/#breadcrumb","itemListElement":[{"@type":"ListItem","position":1,"name":"Home","item":"https:\/\/grllr.com\/"},{"@type":"ListItem","position":2,"name":"Producten","item":"https:\/\/grllr.com\/nl\/shop\/"},{"@type":"ListItem","position":3,"name":"GRLLR Prime G5S (B stock)"}]},{"@type":"WebSite","@id":"https:\/\/grllr.com\/nl\/#website","url":"https:\/\/grllr.com\/nl\/","name":"GRLLR","description":"The Joy Of Outdoor Cooking","publisher":{"@id":"https:\/\/grllr.com\/nl\/#organization"},"alternateName":"Griller","potentialAction":[{"@type":"SearchAction","target":{"@type":"EntryPoint","urlTemplate":"https:\/\/grllr.com\/nl\/?s={search_term_string}"},"query-input":{"@type":"PropertyValueSpecification","valueRequired":true,"valueName":"search_term_string"}}],"inLanguage":"de"},{"@type":"Organization","@id":"https:\/\/grllr.com\/nl\/#organization","name":"The GRLLR Company","alternateName":"GRLLR","url":"https:\/\/grllr.com\/nl\/","logo":{"@type":"ImageObject","inLanguage":"de","@id":"https:\/\/grllr.com\/nl\/#\/schema\/logo\/image\/","url":"https:\/\/grllr.com\/wp-content\/uploads\/2023\/05\/logo.svg","contentUrl":"https:\/\/grllr.com\/wp-content\/uploads\/2023\/05\/logo.svg","width":81,"height":50,"caption":"The GRLLR Company"},"image":{"@id":"https:\/\/grllr.com\/nl\/#\/schema\/logo\/image\/"},"sameAs":["https:\/\/www.instagram.com\/the.grllr\/"],"email":"connect@grllr.com","legalName":"The GRLLR Company","numberOfEmployees":{"@type":"QuantitativeValue","minValue":"1","maxValue":"10"}}]}},"_links":{"self":[{"href":"https:\/\/grllr.com\/de\/wp-json\/wp\/v2\/product\/11774","targetHints":{"allow":["GET"]}}],"collection":[{"href":"https:\/\/grllr.com\/de\/wp-json\/wp\/v2\/product"}],"about":[{"href":"https:\/\/grllr.com\/de\/wp-json\/wp\/v2\/types\/product"}],"replies":[{"embeddable":true,"href":"https:\/\/grllr.com\/de\/wp-json\/wp\/v2\/comments?post=11774"}],"version-history":[{"count":7,"href":"https:\/\/grllr.com\/de\/wp-json\/wp\/v2\/product\/11774\/revisions"}],"predecessor-version":[{"id":11779,"href":"https:\/\/grllr.com\/de\/wp-json\/wp\/v2\/product\/11774\/revisions\/11779"}],"wp:featuredmedia":[{"embeddable":true,"href":"https:\/\/grllr.com\/de\/wp-json\/wp\/v2\/media\/7533"}],"wp:attachment":[{"href":"https:\/\/grllr.com\/de\/wp-json\/wp\/v2\/media?parent=11774"}],"wp:term":[{"taxonomy":"product_brand","embeddable":true,"href":"https:\/\/grllr.com\/de\/wp-json\/wp\/v2\/product_brand?post=11774"},{"taxonomy":"product_cat","embeddable":true,"href":"https:\/\/grllr.com\/de\/wp-json\/wp\/v2\/product_cat?post=11774"},{"taxonomy":"product_tag","embeddable":true,"href":"https:\/\/grllr.com\/de\/wp-json\/wp\/v2\/product_tag?post=11774"}],"curies":[{"name":"wp","href":"https:\/\/api.w.org\/{rel}","templated":true}]}}